{"id":1815,"date":"2017-10-11T08:01:02","date_gmt":"2017-10-11T08:01:02","guid":{"rendered":"https:\/\/jauteco.com\/?post_type=product&#038;p=1815"},"modified":"2024-10-08T12:40:09","modified_gmt":"2024-10-08T12:40:09","slug":"bebedero-con-deposito","status":"publish","type":"product","link":"https:\/\/jauteco.com\/pt\/tienda\/bebedero-con-deposito\/","title":{"rendered":"Bebedor com dep\u00f3sito"},"content":{"rendered":"<h3><strong>Bebedor com dep\u00f3sito<\/strong><\/h3>\n<p>O bebedouro com tanque \u00e9 um produto projetado para fornecer \u00e1gua aos animais. Suas caracter\u00edsticas o tornam ideal para c\u00e3es, despesas ou animais semelhantes.<\/p>\n<p>O produto inclui um tanque no qual o l\u00edquido ser\u00e1 introduzido atrav\u00e9s da tampa. Esse l\u00edquido passa do tanque para a boca da calha atrav\u00e9s de um cano, abastecendo o animal com \u00e1gua.<\/p>\n<p>A passagem de \u00e1gua atrav\u00e9s do tubo permitir\u00e1 que o l\u00edquido na boca seja controlado, fornecendo a quantidade necess\u00e1ria para satisfazer as necessidades do animal. Quanto maior a capacidade do tanque, maior a quantidade de l\u00edquido que o ser humano pode entrar cada vez que reabastece.<\/p>\n<p>A grade que cobre o bebedouro com tanque impede que seja atacado por animais. Com este revestimento, evitam-se acidentes, al\u00e9m de facilitar a coloca\u00e7\u00e3o.<\/p>\n<p>A boca do produto foi projetada para fornecer \u00e1gua a c\u00e3es, gatos ou animais com caracter\u00edsticas semelhantes.<\/p>\n<p>Existem tr\u00eas modelos diferentes de bebedouros, dependendo de suas caracter\u00edsticas. Esses modelos s\u00e3o o Drinker com protetor com capacidade para 10 litros, o Drinker com tanque m\u00e9dio com capacidade para 32 litros e o Drinker com tanque grande com capacidade para 55 litros.<\/p>\n<p>As caracter\u00edsticas do bebedor com tanque s\u00e3o as seguintes:<\/p>\n<p>- Dep\u00f3sito m\u00e9dio:\u00a0<strong>Dimens\u00f5es:\u00a0<\/strong>400 x 400 x 635 mm.\u00a0<strong>Capacidade:<\/strong>\u00a032 L.<\/p>\n<p>-Tanque grande:\u00a0<strong>Dimens\u00f5es:\u00a0<\/strong>435 x 435 x 795 mm.\u00a0<strong>Capacidade:<\/strong>\u00a055 L.<\/p>\n<p>&nbsp;<\/p>\n<p>&nbsp;<\/p>","protected":false},"excerpt":{"rendered":"<p>O bebedouro com tanque \u00e9 um produto projetado para fornecer \u00e1gua aos animais. Suas caracter\u00edsticas o tornam ideal para c\u00e3es, despesas ou animais semelhantes.<\/p>\n<p>O produto inclui um tanque no qual o l\u00edquido ser\u00e1 introduzido atrav\u00e9s da tampa. Esse l\u00edquido passa do tanque para a boca da calha atrav\u00e9s de um cano, abastecendo o animal com \u00e1gua.<\/p>\n<p>Existem dois modelos diferentes de bebedouros, dependendo de suas caracter\u00edsticas. Esses modelos s\u00e3o o Bebedor com tanque m\u00e9dio com capacidade para 32 litros e o Bebedor com tanque grande com capacidade para 55 litros.<\/p>","protected":false},"featured_media":1818,"comment_status":"closed","ping_status":"closed","template":"","meta":[],"product_brand":[],"product_cat":[10,616],"product_tag":[1310,1311],"class_list":{"0":"post-1815","1":"product","2":"type-product","3":"status-publish","4":"has-post-thumbnail","6":"product_cat-bebederos","7":"product_cat-accesorios-para-perros","8":"product_tag-bebedero-perros","9":"product_tag-comedero-bebedero-perros","11":"first","12":"instock","13":"taxable","14":"shipping-taxable","15":"product-type-simple"},"_links":{"self":[{"href":"https:\/\/jauteco.com\/pt\/wp-json\/wp\/v2\/product\/1815","targetHints":{"allow":["GET"]}}],"collection":[{"href":"https:\/\/jauteco.com\/pt\/wp-json\/wp\/v2\/product"}],"about":[{"href":"https:\/\/jauteco.com\/pt\/wp-json\/wp\/v2\/types\/product"}],"replies":[{"embeddable":true,"href":"https:\/\/jauteco.com\/pt\/wp-json\/wp\/v2\/comments?post=1815"}],"version-history":[{"count":0,"href":"https:\/\/jauteco.com\/pt\/wp-json\/wp\/v2\/product\/1815\/revisions"}],"wp:featuredmedia":[{"embeddable":true,"href":"https:\/\/jauteco.com\/pt\/wp-json\/wp\/v2\/media\/1818"}],"wp:attachment":[{"href":"https:\/\/jauteco.com\/pt\/wp-json\/wp\/v2\/media?parent=1815"}],"wp:term":[{"taxonomy":"product_brand","embeddable":true,"href":"https:\/\/jauteco.com\/pt\/wp-json\/wp\/v2\/product_brand?post=1815"},{"taxonomy":"product_cat","embeddable":true,"href":"https:\/\/jauteco.com\/pt\/wp-json\/wp\/v2\/product_cat?post=1815"},{"taxonomy":"product_tag","embeddable":true,"href":"https:\/\/jauteco.com\/pt\/wp-json\/wp\/v2\/product_tag?post=1815"}],"curies":[{"name":"wp","href":"https:\/\/api.w.org\/{rel}","templated":true}]}}