{"id":182,"date":"2017-03-29T22:33:07","date_gmt":"2017-03-29T22:33:07","guid":{"rendered":"https:\/\/jauteco.com\/?post_type=product&#038;p=182"},"modified":"2026-02-21T12:40:40","modified_gmt":"2026-02-21T12:40:40","slug":"comedero-automatico-1-6-tiradas-al-dia","status":"publish","type":"product","link":"https:\/\/jauteco.com\/pt\/tienda\/comedero-automatico-1-6-tiradas-al-dia\/","title":{"rendered":"Comedero Autom\u00e1tico Placa Solar (1 a 6 tiradas al d\u00eda)"},"content":{"rendered":"<div data-elementor-type=\"product-post\" data-elementor-id=\"182\" class=\"elementor elementor-182\" data-elementor-post-type=\"product\">\n\t\t\t\t<div class=\"elementor-element elementor-element-60e662b6 e-flex e-con-boxed e-con e-parent\" data-id=\"60e662b6\" data-element_type=\"container\">\n\t\t\t\t\t<div class=\"e-con-inner\">\n\t\t\t\t<div class=\"elementor-element elementor-element-4851cf3e elementor-widget elementor-widget-text-editor\" data-id=\"4851cf3e\" data-element_type=\"widget\" data-widget_type=\"text-editor.default\">\n\t\t\t\t<div class=\"elementor-widget-container\">\n\t\t\t\t\t\t\t<h2>Alimentador autom\u00e1tico de placas solares<\/h2><p><strong>Alimentador autom\u00e1tico de placas solares, indicado para perdizes e coelhos e para animais de grande porte, como javalis<\/strong> (at\u00e9 6 corridas por dia). O humano<strong> ir\u00e1 programar o tempo<\/strong> para o produto fornecer os alimentos necess\u00e1rios aos animais.<\/p><p>O <strong>a energia usada para este produto \u00e9 solar<\/strong>, embora tamb\u00e9m inclua uma bateria. Possui v\u00e1rios cabos de cores diferentes, as instru\u00e7\u00f5es indicam para onde cada um deve ir.<\/p><p>O sistema usado pelo alimentador \u00e9 o<strong> agendar at\u00e9 seis vezes,<\/strong> o humano indicando a hora em que ele fornecer\u00e1 comida. Voc\u00ea tamb\u00e9m deve indicar o <strong>n\u00famero de segundos em que fornecer\u00e1 comida (m\u00e1ximo 30)<\/strong>Isso fornecer\u00e1 a quantidade desejada.<\/p><p>O humano deve <strong>velocidade do motor do programa<\/strong> (50%, 75% ou 100%), quanto maior a velocidade, mais comida ser\u00e1 fornecida, mas tamb\u00e9m maior consumo de bateria.<\/p><p>O Alimentador<strong> n\u00e3o entende quantidades, sen\u00e3o tempo<\/strong>. O ser humano poder\u00e1 testar no modo de teste a quantidade de gr\u00e3os fornecidos por segundo, program\u00e1-lo de acordo com seus interesses.<\/p><h3>Tem um sistema rotativo<\/h3><p>Usa um <strong>sistema rotativo<\/strong>, com o qual ele fornecer\u00e1 comida para a terra ao seu redor.<strong> Animais atra\u00eddos pela comida vir\u00e3o para comer<\/strong> com o que o humano ser\u00e1 capaz de controlar a esp\u00e9cie.<\/p><p><strong>Para perdizes ou coelhos<\/strong> \u00e9 aconselh\u00e1vel usar gr\u00e3os ou similares, pois esses alimentos atraem esses animais.\u00a0<strong>Em javalis e outros animais de ca\u00e7a<\/strong> Trigo, milho, yeros ou ervilhaca s\u00e3o recomendados.<strong>\u00a0A comida deve ser colocada dentro do tambor,<\/strong> que ser\u00e1 conectado atrav\u00e9s da parte superior do alimentador.<\/p><p>Indique ao fazer a compra o <strong>capacidade desejada do tambor<\/strong> ou quais pe\u00e7as voc\u00ea deseja comprar.<\/p>\t\t\t\t\t\t<\/div>\n\t\t\t\t<\/div>\n\t\t\t\t\t<\/div>\n\t\t\t\t<\/div>\n\t\t\t\t<\/div>","protected":false},"excerpt":{"rendered":"<p>Alimentador autom\u00e1tico de placas solares indicado para perdizes e coelhos, bem como para animais de grande porte, como javalis (at\u00e9 6 corridas por dia). O ser humano programar\u00e1 o tempo para que o produto forne\u00e7a os alimentos necess\u00e1rios aos animais.<\/p>\n<p>Ao fazer a compra, indique a capacidade desejada do tambor ou quais partes do alimentador voc\u00ea deseja comprar.<\/p>\n<p><span class=\"elementor-icon-list-text\"><b>El Comedero Autom\u00e1tico con Placa Solar INCLUYE:<\/b><\/span><\/p>\n<p>\u2714 Dispensador autom\u00e1tico<br \/>\n\u2714 Dep\u00f3sito 60 kg.<br \/>\n\u2714 Bater\u00eda<br \/>\n\u2714 Placa solar<\/p>","protected":false},"featured_media":183,"comment_status":"closed","ping_status":"closed","template":"","meta":[],"product_brand":[],"product_cat":[9],"product_tag":[2564,2563,742],"class_list":{"0":"post-182","1":"product","2":"type-product","3":"status-publish","4":"has-post-thumbnail","6":"product_cat-comederos","7":"product_tag-caza-mayor","8":"product_tag-caza-menor","9":"product_tag-comederos","10":"product_shipping_class-jaulas","12":"first","13":"instock","14":"taxable","15":"shipping-taxable","16":"purchasable","17":"product-type-variable","18":"has-default-attributes"},"_links":{"self":[{"href":"https:\/\/jauteco.com\/pt\/wp-json\/wp\/v2\/product\/182","targetHints":{"allow":["GET"]}}],"collection":[{"href":"https:\/\/jauteco.com\/pt\/wp-json\/wp\/v2\/product"}],"about":[{"href":"https:\/\/jauteco.com\/pt\/wp-json\/wp\/v2\/types\/product"}],"replies":[{"embeddable":true,"href":"https:\/\/jauteco.com\/pt\/wp-json\/wp\/v2\/comments?post=182"}],"version-history":[{"count":0,"href":"https:\/\/jauteco.com\/pt\/wp-json\/wp\/v2\/product\/182\/revisions"}],"wp:featuredmedia":[{"embeddable":true,"href":"https:\/\/jauteco.com\/pt\/wp-json\/wp\/v2\/media\/183"}],"wp:attachment":[{"href":"https:\/\/jauteco.com\/pt\/wp-json\/wp\/v2\/media?parent=182"}],"wp:term":[{"taxonomy":"product_brand","embeddable":true,"href":"https:\/\/jauteco.com\/pt\/wp-json\/wp\/v2\/product_brand?post=182"},{"taxonomy":"product_cat","embeddable":true,"href":"https:\/\/jauteco.com\/pt\/wp-json\/wp\/v2\/product_cat?post=182"},{"taxonomy":"product_tag","embeddable":true,"href":"https:\/\/jauteco.com\/pt\/wp-json\/wp\/v2\/product_tag?post=182"}],"curies":[{"name":"wp","href":"https:\/\/api.w.org\/{rel}","templated":true}]}}