{"id":1841,"date":"2017-10-17T11:06:50","date_gmt":"2017-10-17T11:06:50","guid":{"rendered":"https:\/\/jauteco.com\/?post_type=product&#038;p=1841"},"modified":"2024-10-09T06:31:52","modified_gmt":"2024-10-09T06:31:52","slug":"clovert-b25-solar-10w","status":"publish","type":"product","link":"https:\/\/jauteco.com\/pt\/tienda\/clovert-b25-solar-10w\/","title":{"rendered":"Clovert B25 Solar 10W"},"content":{"rendered":"<h2>Clovert B25<\/h2>\n<p><strong>Energizador aut\u00f3nomo Clovert B25 B25 Solar 10W para suministrar energ\u00eda<\/strong> aos cabos e cordas dos pastores el\u00e9tricos.<\/p>\n<p>El Clovert25 es un <strong>energizador que funciona por meio de energia solar,<\/strong> sem necessidade de corrente el\u00e9trica. Isso permite que o ser humano coloque o energizador em campos abertos, onde n\u00e3o h\u00e1 corrente el\u00e9trica.<\/p>\n<p>O produto usa o <strong>Tecnologia I-Pulse,<\/strong> produzindo o impulso principal quando o animal cai no ch\u00e3o. Esta tecnologia ir\u00e1 <strong>permite ser muito poderoso,<\/strong> muito acima do <strong>energizadores de bateria e ser aut\u00f4nomo<\/strong>.<\/p>\n<p>Inclui um <strong>potenci\u00f4metro<\/strong> com o qual o modo desejado \u00e9 selecionado: I-Pulse, Standard e teste de isolamento. Esses modos permitem que o humano escolha o poder desejado.<\/p>\n<h3>Ideal para manter afastados os animais selvagens<\/h3>\n<p>O<strong> energ\u00eda m\u00e1xima de salida es de 2,5 J<\/strong>, o produto tem um<strong> placa solar de 10 W<\/strong> que fornecer\u00e1 a energia necess\u00e1ria para toda a temporada. Al\u00e9m do produto <strong>inclui um adaptador de rede<\/strong>, bem como liga\u00e7\u00f5es solares na fachada.<\/p>\n<p><strong>N\u00e3o \u00e9 recomend\u00e1vel<\/strong> que la energ\u00eda producida por Clovert B25 se encuentre<strong> em contato com vegeta\u00e7\u00e3o alta<\/strong>pois pode causar uma descarga r\u00e1pida da bateria.<\/p>\n<p>A energia produzida pelo produto \u00e9 <strong>recomendable para alejar a animales salvajes como jabal\u00edes o zorros de un terreno.<\/strong><\/p>\n<p>&nbsp;<\/p>","protected":false},"excerpt":{"rendered":"<p>El energizador Clovert B25 B25\u00a0 Solar 10W es un energizador aut\u00f3nomo que funciona a trav\u00e9s de energ\u00eda Solar.<\/p>\n<p>La tecnolog\u00eda I-Pulse env\u00eda la descarga principal en cuanto el animal toca tierra, permitiendo una potencia incomparable para un energizador de bater\u00eda.<\/p>\n<p>El producto es id\u00f3neo para evitar la entrada de animales salvajes como lobos o jabal\u00edes en un terreno.<\/p>","protected":false},"featured_media":1843,"comment_status":"closed","ping_status":"closed","template":"","meta":[],"product_brand":[],"product_cat":[1601,635],"product_tag":[1477,1479,1478],"class_list":{"0":"post-1841","1":"product","2":"type-product","3":"status-publish","4":"has-post-thumbnail","6":"product_cat-energizadores","7":"product_cat-pastores-electricos","8":"product_tag-energizadores","9":"product_tag-energizadores-autonomos","10":"product_tag-pastores-electricos","11":"product_shipping_class-jaulas","13":"first","14":"instock","15":"taxable","16":"shipping-taxable","17":"purchasable","18":"product-type-simple"},"_links":{"self":[{"href":"https:\/\/jauteco.com\/pt\/wp-json\/wp\/v2\/product\/1841","targetHints":{"allow":["GET"]}}],"collection":[{"href":"https:\/\/jauteco.com\/pt\/wp-json\/wp\/v2\/product"}],"about":[{"href":"https:\/\/jauteco.com\/pt\/wp-json\/wp\/v2\/types\/product"}],"replies":[{"embeddable":true,"href":"https:\/\/jauteco.com\/pt\/wp-json\/wp\/v2\/comments?post=1841"}],"version-history":[{"count":0,"href":"https:\/\/jauteco.com\/pt\/wp-json\/wp\/v2\/product\/1841\/revisions"}],"wp:featuredmedia":[{"embeddable":true,"href":"https:\/\/jauteco.com\/pt\/wp-json\/wp\/v2\/media\/1843"}],"wp:attachment":[{"href":"https:\/\/jauteco.com\/pt\/wp-json\/wp\/v2\/media?parent=1841"}],"wp:term":[{"taxonomy":"product_brand","embeddable":true,"href":"https:\/\/jauteco.com\/pt\/wp-json\/wp\/v2\/product_brand?post=1841"},{"taxonomy":"product_cat","embeddable":true,"href":"https:\/\/jauteco.com\/pt\/wp-json\/wp\/v2\/product_cat?post=1841"},{"taxonomy":"product_tag","embeddable":true,"href":"https:\/\/jauteco.com\/pt\/wp-json\/wp\/v2\/product_tag?post=1841"}],"curies":[{"name":"wp","href":"https:\/\/api.w.org\/{rel}","templated":true}]}}