{"id":1850,"date":"2017-10-18T09:29:15","date_gmt":"2017-10-18T09:29:15","guid":{"rendered":"https:\/\/jauteco.com\/?post_type=product&#038;p=1850"},"modified":"2024-10-09T06:32:42","modified_gmt":"2024-10-09T06:32:42","slug":"clovert-ap60","status":"publish","type":"product","link":"https:\/\/jauteco.com\/pt\/tienda\/clovert-ap60\/","title":{"rendered":"Clovert AP60"},"content":{"rendered":"<h2>Clovert AP60<\/h2>\n<p><strong>Energizador aut\u00f3nomo Clovert AP60 para suministrar energ\u00eda<\/strong>\u00a0aos cabos e cordas dos pastores el\u00e9tricos.<\/p>\n<p>El Clovert AP60 es un\u00a0<strong>energizador que funciona a trav\u00e9s de la energ\u00eda de la pila,<\/strong>\u00a0sem necessidade de corrente el\u00e9trica. Isso permite que o ser humano coloque o energizador em campos abertos, onde n\u00e3o h\u00e1 corrente el\u00e9trica.<\/p>\n<p>El producto incluye un\u00a0<strong>modo ECO<\/strong>\u00a0con el que se puede economizar la energ\u00eda de salida. De esta forma el humano podr\u00e1 as\u00ed reducir costes, al reducir la potencia.<\/p>\n<p>Inclui um\u00a0<strong>potenci\u00f3metro electr\u00f3nico\u00a0<\/strong>con el que se selecciona el la cantidad de potencia. Estos modos permiten escoger al humano la potencia deseada.<\/p>\n<h3>Id\u00f3neo para conejos<\/h3>\n<p>O<strong>\u00a0energ\u00eda m\u00e1xima de salida es de 0,60 J<\/strong>, teniendo el producto que tener una<strong>\u00a0pila de 9 V<\/strong>\u00a0que suministrar\u00e1 la energ\u00eda necesaria. Adem\u00e1s el producto\u00a0<strong>inclui um adaptador de rede<\/strong>, as\u00ed puede ser utilizado tambi\u00e9n en lugares con corriente el\u00e9ctrica.<\/p>\n<p><strong>N\u00e3o \u00e9 recomend\u00e1vel<\/strong>\u00a0que la energ\u00eda producida por Clovert AP 60 se encuentre<strong>\u00a0en cercas con alta vegetaci\u00f3n<\/strong>, ya que podr\u00eda producir una descarga r\u00e1pida de la pila. Este producto es el que mayor potencia produce de los energizadores con pila, por lo que es el m\u00e1s recomendado.<\/p>\n<p>A energia produzida pelo produto \u00e9\u00a0<strong>menor que la de los<a href=\"https:\/\/jauteco.com\/pt\/tienda\/clovert-b50-solar-25w\/\">\u00a0energizadores solares,<\/a>\u00a0<\/strong>por lo que est\u00e1 recomendada para otro tipo de animales como pueden ser conejos o ganado.<\/p>","protected":false},"excerpt":{"rendered":"<h2>Clovert AP60<\/h2>\n<p><strong>Energizador aut\u00f3nomo Clovert AP60 para suministrar energ\u00eda<\/strong>\u00a0aos cabos e cordas dos pastores el\u00e9tricos.<\/p>\n<p>El Clovert AP60 es un\u00a0<strong>energizador que funciona a trav\u00e9s de la energ\u00eda de la pila,<\/strong>\u00a0sem necessidade de corrente el\u00e9trica. Isso permite que o ser humano coloque o energizador em campos abertos, onde n\u00e3o h\u00e1 corrente el\u00e9trica.<\/p>\n<p>Es el energizador con pila m\u00e1s potente, recomendable para cercas medias.<\/p>","protected":false},"featured_media":1851,"comment_status":"closed","ping_status":"closed","template":"","meta":[],"product_brand":[],"product_cat":[1601,635],"product_tag":[1477,1479],"class_list":{"0":"post-1850","1":"product","2":"type-product","3":"status-publish","4":"has-post-thumbnail","6":"product_cat-energizadores","7":"product_cat-pastores-electricos","8":"product_tag-energizadores","9":"product_tag-energizadores-autonomos","10":"product_shipping_class-jaulas","12":"first","13":"instock","14":"taxable","15":"shipping-taxable","16":"purchasable","17":"product-type-simple"},"_links":{"self":[{"href":"https:\/\/jauteco.com\/pt\/wp-json\/wp\/v2\/product\/1850","targetHints":{"allow":["GET"]}}],"collection":[{"href":"https:\/\/jauteco.com\/pt\/wp-json\/wp\/v2\/product"}],"about":[{"href":"https:\/\/jauteco.com\/pt\/wp-json\/wp\/v2\/types\/product"}],"replies":[{"embeddable":true,"href":"https:\/\/jauteco.com\/pt\/wp-json\/wp\/v2\/comments?post=1850"}],"version-history":[{"count":0,"href":"https:\/\/jauteco.com\/pt\/wp-json\/wp\/v2\/product\/1850\/revisions"}],"wp:featuredmedia":[{"embeddable":true,"href":"https:\/\/jauteco.com\/pt\/wp-json\/wp\/v2\/media\/1851"}],"wp:attachment":[{"href":"https:\/\/jauteco.com\/pt\/wp-json\/wp\/v2\/media?parent=1850"}],"wp:term":[{"taxonomy":"product_brand","embeddable":true,"href":"https:\/\/jauteco.com\/pt\/wp-json\/wp\/v2\/product_brand?post=1850"},{"taxonomy":"product_cat","embeddable":true,"href":"https:\/\/jauteco.com\/pt\/wp-json\/wp\/v2\/product_cat?post=1850"},{"taxonomy":"product_tag","embeddable":true,"href":"https:\/\/jauteco.com\/pt\/wp-json\/wp\/v2\/product_tag?post=1850"}],"curies":[{"name":"wp","href":"https:\/\/api.w.org\/{rel}","templated":true}]}}