{"id":1852,"date":"2017-10-18T10:34:08","date_gmt":"2017-10-18T10:34:08","guid":{"rendered":"https:\/\/jauteco.com\/?post_type=product&#038;p=1852"},"modified":"2017-10-20T09:12:41","modified_gmt":"2017-10-20T09:12:41","slug":"bateria-12v-62-ah","status":"publish","type":"product","link":"https:\/\/jauteco.com\/pt\/tienda\/bateria-12v-62-ah\/","title":{"rendered":"Bateria de 12V \/ 62 Ah"},"content":{"rendered":"<h2>Bateria de 12V \/ 62 Ah<\/h2>\n<p>Bater\u00eda 12V \/ 62 Ah utilizada para <strong>energizadores aut\u00f3nomos, en campos abiertos<\/strong>. Estas bater\u00edas tiene una gran durabilidad para poder mantener durante varios d\u00edas la corriente el\u00e9ctrica de las cercas.<\/p>\n<p>El correcto uso de la bater\u00eda, unido con la potencia seleccionada puede permitir a esta bater\u00eda estar hasta m\u00e1s de dos meses sin necesidad de ser cargada. Es recomendable <strong>verificar semanalmente el nivel de carga de la bater\u00eda<\/strong>, para cargarla cuando cae baja.<\/p>\n<p>Despu\u00e9s de una larga carga, es recomendable<strong> esperar dos horas antes de utilizar la bater\u00eda.<\/strong> La garant\u00eda no cubre los da\u00f1os ocasionados por descarga profunda.<\/p>\n<p>Si la bater\u00eda se encuentra en un<strong> largo periodo de tiempo sin ser utilizado,esta puede ser da\u00f1ada<\/strong>. Para recuperarla ser\u00e1 necesario el uso de cargadores profesionales potentes.<\/p>\n<h3>Sistema de Energ\u00eda A<\/h3>\n<p>La bater\u00eda es de 12 V con 62 Amperios por hora, lo que la hace una de las m\u00e1s duraderas. El<strong> sistema de energ\u00eda utilizado es el A.<\/strong><\/p>\n<p>Adem\u00e1s del consumo propio de la bater\u00eda por el energizador, la meteorolog\u00eda y la localizaci\u00f3n m<strong>odificar\u00e1n su tiempo de uso<\/strong>. Este producto es una de las bater\u00edas m\u00e1s potentes del mercado.<\/p>\n<p><strong>No es recomendable dejar largo tiempo el modo Est\u00e1ndar,<\/strong> pues la bater\u00eda tendr\u00e1 una durabilidad escasa.<\/p>","protected":false},"excerpt":{"rendered":"<p>Bater\u00eda 12V \/ 62 Ah utilizada para <strong>energizadores aut\u00f3nomos, en campos abiertos<\/strong>. Estas bater\u00edas tiene una gran durabilidad para poder mantener durante varios d\u00edas la corriente el\u00e9ctrica de las cercas.<\/p>\n<p>El correcto uso de la bater\u00eda, unido con la potencia seleccionada puede permitir a esta bater\u00eda estar hasta m\u00e1s de dos meses sin necesidad de ser cargada. Es recomendable <strong>verificar semanalmente el nivel de carga de la bater\u00eda<\/strong>, para cargarla cuando cae baja.<\/p>","protected":false},"featured_media":1853,"comment_status":"closed","ping_status":"closed","template":"","meta":[],"product_brand":[],"product_cat":[635,1602],"product_tag":[1507,1508],"class_list":{"0":"post-1852","1":"product","2":"type-product","3":"status-publish","4":"has-post-thumbnail","6":"product_cat-pastores-electricos","7":"product_cat-baterias-y-pilas","8":"product_tag-baterias","9":"product_tag-baterias-y-pilas","10":"product_shipping_class-jaulas","12":"first","13":"instock","14":"taxable","15":"shipping-taxable","16":"purchasable","17":"product-type-simple"},"_links":{"self":[{"href":"https:\/\/jauteco.com\/pt\/wp-json\/wp\/v2\/product\/1852","targetHints":{"allow":["GET"]}}],"collection":[{"href":"https:\/\/jauteco.com\/pt\/wp-json\/wp\/v2\/product"}],"about":[{"href":"https:\/\/jauteco.com\/pt\/wp-json\/wp\/v2\/types\/product"}],"replies":[{"embeddable":true,"href":"https:\/\/jauteco.com\/pt\/wp-json\/wp\/v2\/comments?post=1852"}],"version-history":[{"count":0,"href":"https:\/\/jauteco.com\/pt\/wp-json\/wp\/v2\/product\/1852\/revisions"}],"wp:featuredmedia":[{"embeddable":true,"href":"https:\/\/jauteco.com\/pt\/wp-json\/wp\/v2\/media\/1853"}],"wp:attachment":[{"href":"https:\/\/jauteco.com\/pt\/wp-json\/wp\/v2\/media?parent=1852"}],"wp:term":[{"taxonomy":"product_brand","embeddable":true,"href":"https:\/\/jauteco.com\/pt\/wp-json\/wp\/v2\/product_brand?post=1852"},{"taxonomy":"product_cat","embeddable":true,"href":"https:\/\/jauteco.com\/pt\/wp-json\/wp\/v2\/product_cat?post=1852"},{"taxonomy":"product_tag","embeddable":true,"href":"https:\/\/jauteco.com\/pt\/wp-json\/wp\/v2\/product_tag?post=1852"}],"curies":[{"name":"wp","href":"https:\/\/api.w.org\/{rel}","templated":true}]}}