{"id":1855,"date":"2017-10-18T11:02:08","date_gmt":"2017-10-18T11:02:08","guid":{"rendered":"https:\/\/jauteco.com\/?post_type=product&#038;p=1855"},"modified":"2024-12-11T09:21:52","modified_gmt":"2024-12-11T09:21:52","slug":"pila-pilor-9v-130-ah","status":"publish","type":"product","link":"https:\/\/jauteco.com\/pt\/tienda\/pila-pilor-9v-130-ah\/","title":{"rendered":"Bateria Pilor 9V \/ 130 Ah"},"content":{"rendered":"<h2>Bateria Pilor 9V \/ 130 Ah<\/h2>\n<p>Pila Pilor 9V \/ 130 Ah utilizada para\u00a0<strong>energizadores aut\u00f3nomos, en campos abiertos<\/strong>. Estas pilas tiene una gran durabilidad para poder mantener durante varios d\u00edas la corriente el\u00e9ctrica de las cercas.<\/p>\n<p>El correcto uso de la pila, unido con la potencia seleccionada puede permitir a estas pilas tener una durabilidad de varias semanas. Es recomendable\u00a0<strong>verificar semanalmente el nivel de carga de pila<\/strong>, para cargarla o cambiarla cuando cae baja.<\/p>\n<p>La Pila Pilor est\u00e1 fabricada con zinc-aire. Por lo que este producto est\u00e1 dentro del grupo de las pilas salinas, siendo as\u00ed una de las m\u00e1s utilizadas.<\/p>\n<p>Si la pila se encuentra en un<strong>\u00a0largo periodo de tiempo sin ser utilizado,esta puede ser da\u00f1ada<\/strong>. Estos da\u00f1os pueden ser irreparables para su utilizaci\u00f3n.<\/p>\n<h3>Recomendable para energizadores aut\u00f3nomos<\/h3>\n<p>La bater\u00eda es de 9 V con 130 Amperios por hora, lo que la hace una de las m\u00e1s duraderas. El<strong>\u00a0sistema de energ\u00eda utilizado es recomendable para energizadores aut\u00f3nomos.<\/strong><\/p>\n<p>Adem\u00e1s del consumo propio de la pila por el energizador, la meteorolog\u00eda y la localizaci\u00f3n m<strong>odificar\u00e1n su tiempo de uso<\/strong>. Este producto es una de las pilas m\u00e1s potentes del mercado.<\/p>\n<p><strong>No es recomendable dejar largo tiempo el modo Est\u00e1ndar,<\/strong>\u00a0pues la pila tendr\u00e1 una durabilidad escasa.<\/p>","protected":false},"excerpt":{"rendered":"<p>Pila Pilor 9V \/ 130 Ah utilizada para\u00a0<strong>energizadores aut\u00f3nomos, en campos abiertos<\/strong>. Estas pilas tiene una gran durabilidad para poder mantener durante varios d\u00edas la corriente el\u00e9ctrica de las cercas.<\/p>\n<p>El correcto uso de la pila, unido con la potencia seleccionada puede permitir a estas pilas tener una durabilidad de varias semanas. Es recomendable\u00a0<strong>verificar semanalmente el nivel de carga de pila<\/strong>, para cargarla o cambiarla cuando cae baja<\/p>","protected":false},"featured_media":1856,"comment_status":"closed","ping_status":"closed","template":"","meta":[],"product_brand":[],"product_cat":[635,1602],"product_tag":[1508,1525],"class_list":{"0":"post-1855","1":"product","2":"type-product","3":"status-publish","4":"has-post-thumbnail","6":"product_cat-pastores-electricos","7":"product_cat-baterias-y-pilas","8":"product_tag-baterias-y-pilas","9":"product_tag-pilas","10":"product_shipping_class-jaulas","12":"first","13":"outofstock","14":"taxable","15":"shipping-taxable","16":"purchasable","17":"product-type-simple"},"_links":{"self":[{"href":"https:\/\/jauteco.com\/pt\/wp-json\/wp\/v2\/product\/1855","targetHints":{"allow":["GET"]}}],"collection":[{"href":"https:\/\/jauteco.com\/pt\/wp-json\/wp\/v2\/product"}],"about":[{"href":"https:\/\/jauteco.com\/pt\/wp-json\/wp\/v2\/types\/product"}],"replies":[{"embeddable":true,"href":"https:\/\/jauteco.com\/pt\/wp-json\/wp\/v2\/comments?post=1855"}],"version-history":[{"count":0,"href":"https:\/\/jauteco.com\/pt\/wp-json\/wp\/v2\/product\/1855\/revisions"}],"wp:featuredmedia":[{"embeddable":true,"href":"https:\/\/jauteco.com\/pt\/wp-json\/wp\/v2\/media\/1856"}],"wp:attachment":[{"href":"https:\/\/jauteco.com\/pt\/wp-json\/wp\/v2\/media?parent=1855"}],"wp:term":[{"taxonomy":"product_brand","embeddable":true,"href":"https:\/\/jauteco.com\/pt\/wp-json\/wp\/v2\/product_brand?post=1855"},{"taxonomy":"product_cat","embeddable":true,"href":"https:\/\/jauteco.com\/pt\/wp-json\/wp\/v2\/product_cat?post=1855"},{"taxonomy":"product_tag","embeddable":true,"href":"https:\/\/jauteco.com\/pt\/wp-json\/wp\/v2\/product_tag?post=1855"}],"curies":[{"name":"wp","href":"https:\/\/api.w.org\/{rel}","templated":true}]}}