{"id":1858,"date":"2017-10-19T08:55:00","date_gmt":"2017-10-19T08:55:00","guid":{"rendered":"https:\/\/jauteco.com\/?post_type=product&#038;p=1858"},"modified":"2017-10-20T09:47:31","modified_gmt":"2017-10-20T09:47:31","slug":"cable-galvanizado-securgal-pro","status":"publish","type":"product","link":"https:\/\/jauteco.com\/pt\/tienda\/cable-galvanizado-securgal-pro\/","title":{"rendered":"Cabo galvanizado Securgal Pro"},"content":{"rendered":"<h2>Cabo galvanizado Securgal Pro<\/h2>\n<p>Ele <strong>cable galvanizado Securgal Pro 25<\/strong> utilizado para cercas permanentes <strong>para impedir el paso de animales salvajes<\/strong> como jabal\u00edes.<\/p>\n<p>Securgal Pro es un <strong>cable galvanizado muy resistente<\/strong>, capaz de impedir la entrada a todo tipo de animales salvajes. Sus <strong>materiales lo hacen muy resistente ante roturas<\/strong> aguantando hasta 590 kg, as\u00ed resistir\u00e1 el empuje del animal.<\/p>\n<p>O cabo permite at\u00e9<strong> corriente de 0,040 Amperios por minuto<\/strong>, as\u00ed siendo uno de los cableados que m\u00e1s corriente permite. Al recibir una descarga al acercase al cable el animal quedar\u00e1 prevenido, as\u00ed<strong> evitar\u00e1 tentar novamente o terreno<\/strong>.<\/p>\n<p>Este producto est\u00e1 compuesto por Hi-Tensile con recubrimiento especial Zn\/Al GALFAN para mejorar su resistencia. El Securgal Pro es <strong>id\u00f3neo para cercas permanente<\/strong>s, donde no sea necesario cambiar o trasladar el cable.<\/p>\n<p>El Securgal Pro utiliza un<strong> empalme del 25<\/strong> ligar aos energizadores, sendo v\u00e1lidos para el\u00e9tricos e aut\u00f4nomos.<\/p>\n<h3>Se adapta perfectamente a los cambios de temperatura<\/h3>\n<p>El peso del cable en conjunto es de<strong> 25 kg,<\/strong> mientras que la longitud del mismo es de <strong>625 metros<\/strong>, siendo as\u00ed <strong>id\u00f3neo para cercas medias<\/strong>. El producto utiliza el color blanco, as\u00ed quedar\u00e1 advertido el humano del peligro.<\/p>\n<p>Revestimiento patentado <strong>4 veces m\u00e1s resistente a la corrosi\u00f3n que el cable tradicional.<\/strong> O produto <strong>se adapta perfectamente a los cambios de temperatura<\/strong>, as\u00ed siendo una soluci\u00f3n ideal para una cerca permanente.<\/p>\n<p>&nbsp;<\/p>","protected":false},"excerpt":{"rendered":"<p>Ele <strong>cable galvanizado Securgal Pro 25<\/strong> utilizado para cercas permanentes <strong>para impedir el paso de animales salvajes<\/strong> como jabal\u00edes.<\/p>\n<p>Securgal Pro es un <strong>cable galvanizado muy resistente<\/strong>, capaz de impedir la entrada a todo tipo de animales salvajes. Sus <strong>materiales lo hacen muy resistente ante roturas<\/strong> aguantando hasta 590 kg, as\u00ed resistir\u00e1 el empuje del animal.<\/p>","protected":false},"featured_media":1859,"comment_status":"closed","ping_status":"closed","template":"","meta":[],"product_brand":[],"product_cat":[1603,635],"product_tag":[1541,1540],"class_list":{"0":"post-1858","1":"product","2":"type-product","3":"status-publish","4":"has-post-thumbnail","6":"product_cat-cintas-y-cables","7":"product_cat-pastores-electricos","8":"product_tag-cables","9":"product_tag-cintas-y-cables","10":"product_shipping_class-jaulas","12":"first","13":"instock","14":"taxable","15":"shipping-taxable","16":"purchasable","17":"product-type-simple"},"_links":{"self":[{"href":"https:\/\/jauteco.com\/pt\/wp-json\/wp\/v2\/product\/1858","targetHints":{"allow":["GET"]}}],"collection":[{"href":"https:\/\/jauteco.com\/pt\/wp-json\/wp\/v2\/product"}],"about":[{"href":"https:\/\/jauteco.com\/pt\/wp-json\/wp\/v2\/types\/product"}],"replies":[{"embeddable":true,"href":"https:\/\/jauteco.com\/pt\/wp-json\/wp\/v2\/comments?post=1858"}],"version-history":[{"count":0,"href":"https:\/\/jauteco.com\/pt\/wp-json\/wp\/v2\/product\/1858\/revisions"}],"wp:featuredmedia":[{"embeddable":true,"href":"https:\/\/jauteco.com\/pt\/wp-json\/wp\/v2\/media\/1859"}],"wp:attachment":[{"href":"https:\/\/jauteco.com\/pt\/wp-json\/wp\/v2\/media?parent=1858"}],"wp:term":[{"taxonomy":"product_brand","embeddable":true,"href":"https:\/\/jauteco.com\/pt\/wp-json\/wp\/v2\/product_brand?post=1858"},{"taxonomy":"product_cat","embeddable":true,"href":"https:\/\/jauteco.com\/pt\/wp-json\/wp\/v2\/product_cat?post=1858"},{"taxonomy":"product_tag","embeddable":true,"href":"https:\/\/jauteco.com\/pt\/wp-json\/wp\/v2\/product_tag?post=1858"}],"curies":[{"name":"wp","href":"https:\/\/api.w.org\/{rel}","templated":true}]}}