{"id":1862,"date":"2017-10-19T09:34:45","date_gmt":"2017-10-19T09:34:45","guid":{"rendered":"https:\/\/jauteco.com\/?post_type=product&#038;p=1862"},"modified":"2017-10-20T09:46:50","modified_gmt":"2017-10-20T09:46:50","slug":"cable-aluminio-forceflex","status":"publish","type":"product","link":"https:\/\/jauteco.com\/pt\/tienda\/cable-aluminio-forceflex\/","title":{"rendered":"Cabo de alum\u00ednio Forceflex"},"content":{"rendered":"<h2>Cabo de alum\u00ednio Forceflex<\/h2>\n<p>Ele\u00a0<strong>cable aluminio Forceflex<\/strong>\u00a0utilizado para cercas permanentes\u00a0<strong>para impedir el paso de animales<\/strong>.<\/p>\n<p>Forceflex es un cable de aluminio <strong>m\u00e1s flexible y m\u00e1s ligero<\/strong> que el cable de acero. Sus\u00a0<strong>materiais facilitam a instala\u00e7\u00e3o<\/strong>, para que o humano possa coloc\u00e1-lo na cerca sem problemas.<\/p>\n<p>O cabo permite at\u00e9<strong>\u00a0corriente como m\u00e1ximo de 0,023 Amperios por minuto<\/strong>, suficiente para ahuyentar animales salvajes. Al recibir una descarga al acercase al cable el animal quedar\u00e1 prevenido, as\u00ed<strong>\u00a0evitar\u00e1 tentar novamente o terreno<\/strong>.<\/p>\n<p>Este producto est\u00e1 compuesto por una alineaci\u00f3n de aluminio. El cable Forceflex es\u00a0<strong>id\u00f3neo para cercas permanente<\/strong>s, donde no sea necesario cambiar o trasladar el cable.<\/p>\n<p>El Forceflex utiliza unos<strong>\u00a0empalmes del 18 al 25<\/strong>\u00a0ligar aos energizadores, sendo v\u00e1lidos para el\u00e9tricos e aut\u00f4nomos.<\/p>\n<h3>Su brillantez lo hace visible de noche<\/h3>\n<p>O <strong>conductividad es optima<\/strong>. La brillantez del cable de aluminio la hace muy <strong>visible por la noche<\/strong>, ya que el reflejo de la luna nos permitir\u00e1 verlo sin problemas.<\/p>\n<p>El producto est\u00e1 disponible en <strong>tres tama\u00f1os distintos<\/strong>, teniendo en todos ellos 400 metros de longitud. <strong>Sus caracter\u00edsticas son las siguientes:<\/strong><\/p>\n<p>&#8211;<strong>Forceflex 18<\/strong>: Aguanta embestidas hasta de 70 kg. Permite una corriente m\u00e1xima de 0,023 Amperios por minuto.<\/p>\n<p>&#8211;<strong>Forceflex 20<\/strong>: Aguanta embestidas hasta de 90 kg. Permite una corriente m\u00e1xima de 0,018 Amperios por minuto.<\/p>\n<p><strong>-Forceflex 25<\/strong>: Aguanta embestidas hasta de 150 kg. Permite una corriente m\u00e1xima de 0,011 Amperios por minuto.<\/p>","protected":false},"excerpt":{"rendered":"<p>Ele\u00a0<strong>cable aluminio Forceflex<\/strong>\u00a0utilizado para cercas permanentes\u00a0<strong>para impedir el paso de animales<\/strong>.<\/p>\n<p>Forceflex es un cable de aluminio <strong>m\u00e1s flexible y m\u00e1s ligero<\/strong> que el cable de acero. Sus\u00a0<strong>materiais facilitam a instala\u00e7\u00e3o<\/strong>, para que o humano possa coloc\u00e1-lo na cerca sem problemas.<\/p>\n<p>Elegir el modelo deseado:<\/p>\n<p>&#8211;<strong>Forceflex 18<\/strong>: Aguanta embestidas hasta de 70 kg. Permite una corriente m\u00e1xima de 0,023 Amperios por minuto.<\/p>\n<p>&#8211;<strong>Forceflex 20<\/strong>: Aguanta embestidas hasta de 90 kg. Permite una corriente m\u00e1xima de 0,018 Amperios por minuto.<\/p>\n<p><strong>-Forceflex 25<\/strong>: Aguanta embestidas hasta de 150 kg. Permite una corriente m\u00e1xima de 0,011 Amperios por minuto.<\/p>","protected":false},"featured_media":1866,"comment_status":"closed","ping_status":"closed","template":"","meta":[],"product_brand":[],"product_cat":[1603,635],"product_tag":[1541,1540],"class_list":{"0":"post-1862","1":"product","2":"type-product","3":"status-publish","4":"has-post-thumbnail","6":"product_cat-cintas-y-cables","7":"product_cat-pastores-electricos","8":"product_tag-cables","9":"product_tag-cintas-y-cables","11":"first","12":"instock","13":"taxable","14":"shipping-taxable","15":"purchasable","16":"product-type-variable"},"_links":{"self":[{"href":"https:\/\/jauteco.com\/pt\/wp-json\/wp\/v2\/product\/1862","targetHints":{"allow":["GET"]}}],"collection":[{"href":"https:\/\/jauteco.com\/pt\/wp-json\/wp\/v2\/product"}],"about":[{"href":"https:\/\/jauteco.com\/pt\/wp-json\/wp\/v2\/types\/product"}],"replies":[{"embeddable":true,"href":"https:\/\/jauteco.com\/pt\/wp-json\/wp\/v2\/comments?post=1862"}],"version-history":[{"count":0,"href":"https:\/\/jauteco.com\/pt\/wp-json\/wp\/v2\/product\/1862\/revisions"}],"wp:featuredmedia":[{"embeddable":true,"href":"https:\/\/jauteco.com\/pt\/wp-json\/wp\/v2\/media\/1866"}],"wp:attachment":[{"href":"https:\/\/jauteco.com\/pt\/wp-json\/wp\/v2\/media?parent=1862"}],"wp:term":[{"taxonomy":"product_brand","embeddable":true,"href":"https:\/\/jauteco.com\/pt\/wp-json\/wp\/v2\/product_brand?post=1862"},{"taxonomy":"product_cat","embeddable":true,"href":"https:\/\/jauteco.com\/pt\/wp-json\/wp\/v2\/product_cat?post=1862"},{"taxonomy":"product_tag","embeddable":true,"href":"https:\/\/jauteco.com\/pt\/wp-json\/wp\/v2\/product_tag?post=1862"}],"curies":[{"name":"wp","href":"https:\/\/api.w.org\/{rel}","templated":true}]}}