{"id":1867,"date":"2017-10-19T10:52:16","date_gmt":"2017-10-19T10:52:16","guid":{"rendered":"https:\/\/jauteco.com\/?post_type=product&#038;p=1867"},"modified":"2017-10-20T09:46:04","modified_gmt":"2017-10-20T09:46:04","slug":"cable-extrableu","status":"publish","type":"product","link":"https:\/\/jauteco.com\/pt\/tienda\/cable-extrableu\/","title":{"rendered":"Cabo EXTRABLEU"},"content":{"rendered":"<h2>EXTRABLEU<\/h2>\n<p>O cabo Extrableu \u00e9 usado para impedir a passagem de animais selvagens, como javalis, em cercas m\u00f3veis e permanentes.<\/p>\n<p>Extrableu \u00e9 um cabo condutor de cobre muito adapt\u00e1vel a todos os tipos de cercas. Seus\u00a0<strong>materiais facilitam a instala\u00e7\u00e3o<\/strong>, para que o humano possa coloc\u00e1-lo na cerca sem problemas.<\/p>\n<p>O cabo permite at\u00e9<strong>\u00a0corrente m\u00e1xima 0,19 Amperes por minuto<\/strong>, sendo uma corrente alta que afugentar\u00e1 os animais selvagens. Ao receber um choque ao se aproximar do cabo, o animal ser\u00e1 impedido, assim<strong>\u00a0evitar\u00e1 tentar novamente o terreno<\/strong>.<\/p>\n<p>Este produto consiste em dois condutores de fio estanhado. O cabo Extrableu \u00e9\u00a0<strong>ideal para qualquer cerca, m\u00f3vel, semi-m\u00f3vel e permanente.<\/strong><\/p>\n<p>O Extrableu usa<strong>\u00a0jun\u00e7\u00f5es 25<\/strong>\u00a0ligar aos energizadores, sendo v\u00e1lidos para el\u00e9tricos e aut\u00f4nomos.<\/p>\n<h3>Carrega grandes quantidades de corrente el\u00e9trica<\/h3>\n<p>O cabo possui 4 condutores de a\u00e7o inoxid\u00e1vel e 2 condutores de cobre estanhado, <strong>permitindo transportar uma grande quantidade de corrente el\u00e9trica por minuto.\u00a0<\/strong><\/p>\n<p>O produto est\u00e1 dispon\u00edvel em duas\u00a0<strong>tamanhos diferentes<\/strong>, cada um deles tem um comprimento diferente de 250 mm e 500 mm. Escolha o tamanho desejado ao comprar o produto.<\/p>\n<p>&nbsp;<\/p>\n<p>&nbsp;<\/p>","protected":false},"excerpt":{"rendered":"<p>O cabo Extrableu \u00e9 usado para impedir a passagem de animais selvagens, como javalis, em cercas m\u00f3veis e permanentes.<\/p>\n<p>Extrableu \u00e9 um cabo condutor de cobre muito adapt\u00e1vel a todos os tipos de cercas. Seus\u00a0<strong>materiais facilitam a instala\u00e7\u00e3o<\/strong>, para que o humano possa coloc\u00e1-lo na cerca sem problemas.<\/p>\n<p>O produto est\u00e1 dispon\u00edvel em duas\u00a0<strong>tamanhos diferentes<\/strong>, cada um deles tem um comprimento diferente de 250 mm e 500 mm. Escolha o tamanho desejado ao comprar o produto.<\/p>\n<p>&nbsp;<\/p>","protected":false},"featured_media":1869,"comment_status":"closed","ping_status":"closed","template":"","meta":[],"product_brand":[],"product_cat":[1603,635],"product_tag":[1541,1540],"class_list":{"0":"post-1867","1":"product","2":"type-product","3":"status-publish","4":"has-post-thumbnail","6":"product_cat-cintas-y-cables","7":"product_cat-pastores-electricos","8":"product_tag-cables","9":"product_tag-cintas-y-cables","11":"first","12":"instock","13":"taxable","14":"shipping-taxable","15":"purchasable","16":"product-type-variable"},"_links":{"self":[{"href":"https:\/\/jauteco.com\/pt\/wp-json\/wp\/v2\/product\/1867","targetHints":{"allow":["GET"]}}],"collection":[{"href":"https:\/\/jauteco.com\/pt\/wp-json\/wp\/v2\/product"}],"about":[{"href":"https:\/\/jauteco.com\/pt\/wp-json\/wp\/v2\/types\/product"}],"replies":[{"embeddable":true,"href":"https:\/\/jauteco.com\/pt\/wp-json\/wp\/v2\/comments?post=1867"}],"version-history":[{"count":0,"href":"https:\/\/jauteco.com\/pt\/wp-json\/wp\/v2\/product\/1867\/revisions"}],"wp:featuredmedia":[{"embeddable":true,"href":"https:\/\/jauteco.com\/pt\/wp-json\/wp\/v2\/media\/1869"}],"wp:attachment":[{"href":"https:\/\/jauteco.com\/pt\/wp-json\/wp\/v2\/media?parent=1867"}],"wp:term":[{"taxonomy":"product_brand","embeddable":true,"href":"https:\/\/jauteco.com\/pt\/wp-json\/wp\/v2\/product_brand?post=1867"},{"taxonomy":"product_cat","embeddable":true,"href":"https:\/\/jauteco.com\/pt\/wp-json\/wp\/v2\/product_cat?post=1867"},{"taxonomy":"product_tag","embeddable":true,"href":"https:\/\/jauteco.com\/pt\/wp-json\/wp\/v2\/product_tag?post=1867"}],"curies":[{"name":"wp","href":"https:\/\/api.w.org\/{rel}","templated":true}]}}