{"id":1872,"date":"2017-10-19T11:44:11","date_gmt":"2017-10-19T11:44:11","guid":{"rendered":"https:\/\/jauteco.com\/?post_type=product&#038;p=1872"},"modified":"2018-04-17T16:11:48","modified_gmt":"2018-04-17T16:11:48","slug":"cable-de-acero","status":"publish","type":"product","link":"https:\/\/jauteco.com\/pt\/tienda\/cable-de-acero\/","title":{"rendered":"Cabo de a\u00e7o"},"content":{"rendered":"<h2>Cabo de a\u00e7o<\/h2>\n<p>El Cable de Acero es utilizado para impedir el paso de los animales salvajes como jabal\u00eds en cercas m\u00f3viles y permanentes.<\/p>\n<p>Cable de Acero utiliza un acero galvanizado de material con una alta carga de rotura. Torsi\u00f3n S\/Z 3+9 hebras.<\/p>\n<p>O cabo permite at\u00e9<strong>\u00a0corriente como m\u00e1ximo de 0,17 Amperios por minuto<\/strong>, sendo uma corrente alta que afugentar\u00e1 os animais selvagens. Ao receber um choque ao se aproximar do cabo, o animal ser\u00e1 impedido, assim<strong>\u00a0evitar\u00e1 tentar novamente o terreno<\/strong>.<\/p>\n<p>Este producto est\u00e1 compuesto por acero galvanizado. El cable de Acero es\u00a0<strong>id\u00f3neo para cualquier cerca tanto m\u00f3vil, semi-m\u00f3vil, como permanente adem\u00e1s es recomendada para longitudes cortas a medias.<\/strong><\/p>\n<p>El Cable Acero utiliza unos<strong>\u00a0empalmes<\/strong>\u00a0ligar aos energizadores, sendo v\u00e1lidos para el\u00e9tricos e aut\u00f4nomos.<\/p>\n<h3>Resistente a las embestidas de los animales<\/h3>\n<p>El cable\u00a0<strong>permite transportar una gran cantidad de corriente el\u00e9ctrica por minuto<\/strong>. Es ideal para la protecci\u00f3n contra animales salvajes. Puede aguantar embestidas de hasta 150 kg, impidiendo la entrada de animales.<\/p>\n<p>O produto est\u00e1 dispon\u00edvel em duas\u00a0<strong>tamanhos diferentes<\/strong>, cada uno de ellos tiene una longitud diferente de 250m y 500m. Elegir el tama\u00f1o deseado a la hora de realizar la compra del producto.<\/p>\n<p>&nbsp;<\/p>","protected":false},"excerpt":{"rendered":"<p>El Cable de Acero es utilizado para impedir el paso de los animales salvajes como jabal\u00eds en cercas m\u00f3viles y permanentes.<\/p>\n<p>Cable de Acero utiliza un acero galvanizado de material con una alta carga de rotura. Torsi\u00f3n S\/Z 3+9 hebras.<\/p>\n<p>O produto est\u00e1 dispon\u00edvel em duas\u00a0<strong>tamanhos diferentes<\/strong>, cada uno de ellos tiene una longitud diferente de 250m y 500m. Elegir el tama\u00f1o deseado a la hora de realizar la compra del producto.<\/p>","protected":false},"featured_media":1877,"comment_status":"closed","ping_status":"closed","template":"","meta":[],"product_brand":[],"product_cat":[635,1603],"product_tag":[1541,1540],"class_list":{"0":"post-1872","1":"product","2":"type-product","3":"status-publish","4":"has-post-thumbnail","6":"product_cat-pastores-electricos","7":"product_cat-cintas-y-cables","8":"product_tag-cables","9":"product_tag-cintas-y-cables","11":"first","12":"instock","13":"taxable","14":"shipping-taxable","15":"purchasable","16":"product-type-variable"},"_links":{"self":[{"href":"https:\/\/jauteco.com\/pt\/wp-json\/wp\/v2\/product\/1872","targetHints":{"allow":["GET"]}}],"collection":[{"href":"https:\/\/jauteco.com\/pt\/wp-json\/wp\/v2\/product"}],"about":[{"href":"https:\/\/jauteco.com\/pt\/wp-json\/wp\/v2\/types\/product"}],"replies":[{"embeddable":true,"href":"https:\/\/jauteco.com\/pt\/wp-json\/wp\/v2\/comments?post=1872"}],"version-history":[{"count":0,"href":"https:\/\/jauteco.com\/pt\/wp-json\/wp\/v2\/product\/1872\/revisions"}],"wp:featuredmedia":[{"embeddable":true,"href":"https:\/\/jauteco.com\/pt\/wp-json\/wp\/v2\/media\/1877"}],"wp:attachment":[{"href":"https:\/\/jauteco.com\/pt\/wp-json\/wp\/v2\/media?parent=1872"}],"wp:term":[{"taxonomy":"product_brand","embeddable":true,"href":"https:\/\/jauteco.com\/pt\/wp-json\/wp\/v2\/product_brand?post=1872"},{"taxonomy":"product_cat","embeddable":true,"href":"https:\/\/jauteco.com\/pt\/wp-json\/wp\/v2\/product_cat?post=1872"},{"taxonomy":"product_tag","embeddable":true,"href":"https:\/\/jauteco.com\/pt\/wp-json\/wp\/v2\/product_tag?post=1872"}],"curies":[{"name":"wp","href":"https:\/\/api.w.org\/{rel}","templated":true}]}}