{"id":1881,"date":"2017-10-20T11:09:10","date_gmt":"2017-10-20T11:09:10","guid":{"rendered":"https:\/\/jauteco.com\/?post_type=product&#038;p=1881"},"modified":"2026-02-09T09:28:42","modified_gmt":"2026-02-09T09:28:42","slug":"tablilla-prohibido-paso-campo-tiro-espana","status":"publish","type":"product","link":"https:\/\/jauteco.com\/pt\/tienda\/tablilla-prohibido-paso-campo-tiro-espana\/","title":{"rendered":"Tabuleta Proibida de Tiro em El Paso (Espanha)"},"content":{"rendered":"<h2>Tablilla Prohibido el Paso Campo de Tiro<\/h2>\n<p>Ripa\u00a0<strong>Prohibido el Paso Campo de Tiro<\/strong>\u00a0utilizada para la advertencia de Campo de Tiro en Espa\u00f1a, con medidas 50\u00d733.<\/p>\n<p>Os regulamentos indicam que este tablet \u00e9\u00a0<strong>utilizado em todo o territ\u00f3rio nacional<\/strong>, com exce\u00e7\u00e3o das comunidades aut\u00f4nomas que possuem seu pr\u00f3prio tablet, portanto, nessas \u00e1reas, eles usar\u00e3o o indicado em seus\u00a0<a href=\"https:\/\/jauteco.com\/pt\/senalizacion-cotos-caza\/\">normativo<\/a>.<\/p>\n<p>O tablet tem alguns\u00a0<strong>medidas 50 \u00d7 33<\/strong>, por lo que est\u00e1 agrupada dentro de las de primer orden.<\/p>\n<h3>Altamente refor\u00e7ado<\/h3>\n<p>Este tablet \u00e9 feito com um\u00a0<strong>Chapa de a\u00e7o galvanizada\u00a0<\/strong>altamente refor\u00e7ado. Este material permite suportar intemp\u00e9ries.<\/p>\n<p>Recomenda-se comprar o\u00a0<a href=\"https:\/\/jauteco.com\/pt\/tienda\/mastil-180-m-incluye-tornillos\/\">mastros<\/a>\u00a0junto com o tablet, porque ele pode ser consertado. O Tablet deve\u00a0<strong>sinal em um local vis\u00edvel<\/strong>\u00a0el peligro por Campo de Tiro. Una mala colocaci\u00f3n de la tablilla, puede impedir que la persona pueda ser advertida del peligro, adentr\u00e1ndose en la zona y as\u00ed poniendo en riesgo su integridad.<\/p>\n<p>El fondo blanco con letras roja,hacen\u00a0la Tablilla\u00a0<strong>atraente<\/strong>. Os regulamentos permitem que este tablet seja usado no territ\u00f3rio espanhol.<\/p>","protected":false},"excerpt":{"rendered":"<p>Ripa\u00a0<strong>Prohibido el Paso Campo de Tiro<\/strong>\u00a0utilizada para la advertencia de Campo de Tiro en Espa\u00f1a, con medidas 50\u00d733.<\/p>\n<p>Para grandes or\u00e7amentos, entre em contato conosco pelo 964 60 23 59 ou envie um e-mail para: info@jauteco.com.<\/p>","protected":false},"featured_media":1883,"comment_status":"closed","ping_status":"closed","template":"","meta":[],"product_brand":[],"product_cat":[75],"product_tag":[559,401],"class_list":{"0":"post-1881","1":"product","2":"type-product","3":"status-publish","4":"has-post-thumbnail","6":"product_cat-tablillas-caza","7":"product_tag-tablillas-de-caza","8":"product_tag-tablillas-caza-1-orden","9":"product_shipping_class-tablillas","11":"first","12":"instock","13":"taxable","14":"shipping-taxable","15":"purchasable","16":"product-type-simple"},"_links":{"self":[{"href":"https:\/\/jauteco.com\/pt\/wp-json\/wp\/v2\/product\/1881","targetHints":{"allow":["GET"]}}],"collection":[{"href":"https:\/\/jauteco.com\/pt\/wp-json\/wp\/v2\/product"}],"about":[{"href":"https:\/\/jauteco.com\/pt\/wp-json\/wp\/v2\/types\/product"}],"replies":[{"embeddable":true,"href":"https:\/\/jauteco.com\/pt\/wp-json\/wp\/v2\/comments?post=1881"}],"version-history":[{"count":0,"href":"https:\/\/jauteco.com\/pt\/wp-json\/wp\/v2\/product\/1881\/revisions"}],"wp:featuredmedia":[{"embeddable":true,"href":"https:\/\/jauteco.com\/pt\/wp-json\/wp\/v2\/media\/1883"}],"wp:attachment":[{"href":"https:\/\/jauteco.com\/pt\/wp-json\/wp\/v2\/media?parent=1881"}],"wp:term":[{"taxonomy":"product_brand","embeddable":true,"href":"https:\/\/jauteco.com\/pt\/wp-json\/wp\/v2\/product_brand?post=1881"},{"taxonomy":"product_cat","embeddable":true,"href":"https:\/\/jauteco.com\/pt\/wp-json\/wp\/v2\/product_cat?post=1881"},{"taxonomy":"product_tag","embeddable":true,"href":"https:\/\/jauteco.com\/pt\/wp-json\/wp\/v2\/product_tag?post=1881"}],"curies":[{"name":"wp","href":"https:\/\/api.w.org\/{rel}","templated":true}]}}