{"id":1885,"date":"2017-10-24T10:34:59","date_gmt":"2017-10-24T10:34:59","guid":{"rendered":"https:\/\/jauteco.com\/?post_type=product&#038;p=1885"},"modified":"2017-10-24T11:26:37","modified_gmt":"2017-10-24T11:26:37","slug":"isoline","status":"publish","type":"product","link":"https:\/\/jauteco.com\/pt\/tienda\/isoline\/","title":{"rendered":"Isoline"},"content":{"rendered":"<h2>Isoline<\/h2>\n<p>Isoline isolador de cabos e cordas, para instala\u00e7\u00e3o em cercas el\u00e9tricas, mantendo e impedindo a passagem de animais.<\/p>\n<p>O produto \u00e9 adaptado para pastores el\u00e9tricos permanentes, devido \u00e0 sua fixa\u00e7\u00e3o fixa que ir\u00e1 apertar o cabo ou corda. Suas caracter\u00edsticas impedir\u00e3o a passagem de animais para a cerca, protegendo o terreno.<\/p>\n<p>Isoline \u00e9 preso ao poste por dois parafusos, um na parte superior e outro na parte inferior. O cabo passar\u00e1 pelo centro do isolador, mantendo-o esticado.<\/p>\n<p>Possui prote\u00e7\u00e3o contra UV, sendo resistente \u00e0 luz solar. Suas condi\u00e7\u00f5es o tornam adapt\u00e1vel \u00e0s mudan\u00e7as clim\u00e1ticas.<\/p>\n<p>O produto usa uma cor preta. Ao compr\u00e1-lo, escolha a bolsa com 25 unidades ou o balde com 90.<\/p>\n<p>&nbsp;<\/p>","protected":false},"excerpt":{"rendered":"<p>Isoline isolador de cabos e cordas, para instala\u00e7\u00e3o em cercas el\u00e9tricas, mantendo e impedindo a passagem de animais.<\/p>\n<p>O produto \u00e9 adaptado para pastores el\u00e9tricos permanentes. Ao compr\u00e1-lo, escolha a bolsa com 25 unidades ou o balde com 90.<\/p>","protected":false},"featured_media":1886,"comment_status":"closed","ping_status":"closed","template":"","meta":[],"product_brand":[],"product_cat":[635,1615],"product_tag":[1614,1478],"class_list":{"0":"post-1885","1":"product","2":"type-product","3":"status-publish","4":"has-post-thumbnail","6":"product_cat-pastores-electricos","7":"product_cat-aisladores","8":"product_tag-aisladores","9":"product_tag-pastores-electricos","11":"first","12":"instock","13":"taxable","14":"shipping-taxable","15":"purchasable","16":"product-type-variable"},"_links":{"self":[{"href":"https:\/\/jauteco.com\/pt\/wp-json\/wp\/v2\/product\/1885","targetHints":{"allow":["GET"]}}],"collection":[{"href":"https:\/\/jauteco.com\/pt\/wp-json\/wp\/v2\/product"}],"about":[{"href":"https:\/\/jauteco.com\/pt\/wp-json\/wp\/v2\/types\/product"}],"replies":[{"embeddable":true,"href":"https:\/\/jauteco.com\/pt\/wp-json\/wp\/v2\/comments?post=1885"}],"version-history":[{"count":0,"href":"https:\/\/jauteco.com\/pt\/wp-json\/wp\/v2\/product\/1885\/revisions"}],"wp:featuredmedia":[{"embeddable":true,"href":"https:\/\/jauteco.com\/pt\/wp-json\/wp\/v2\/media\/1886"}],"wp:attachment":[{"href":"https:\/\/jauteco.com\/pt\/wp-json\/wp\/v2\/media?parent=1885"}],"wp:term":[{"taxonomy":"product_brand","embeddable":true,"href":"https:\/\/jauteco.com\/pt\/wp-json\/wp\/v2\/product_brand?post=1885"},{"taxonomy":"product_cat","embeddable":true,"href":"https:\/\/jauteco.com\/pt\/wp-json\/wp\/v2\/product_cat?post=1885"},{"taxonomy":"product_tag","embeddable":true,"href":"https:\/\/jauteco.com\/pt\/wp-json\/wp\/v2\/product_tag?post=1885"}],"curies":[{"name":"wp","href":"https:\/\/api.w.org\/{rel}","templated":true}]}}