{"id":1896,"date":"2017-10-25T09:47:52","date_gmt":"2017-10-25T09:47:52","guid":{"rendered":"https:\/\/jauteco.com\/?post_type=product&#038;p=1896"},"modified":"2017-10-25T09:47:52","modified_gmt":"2017-10-25T09:47:52","slug":"iva-hpx","status":"publish","type":"product","link":"https:\/\/jauteco.com\/pt\/tienda\/iva-hpx\/","title":{"rendered":"HPx VAT"},"content":{"rendered":"<h2>HPx VAT<\/h2>\n<p>Aislador de lineas cables y cuerdas IVA Hpx, para su instalaci\u00f3n en cercas el\u00e9ctricas sujetando e impidiendo el paso de los animales.<\/p>\n<p>Cuenta con la tecnolog\u00eda-HPx, que permite la perforaci\u00f3n y el atornillado del aislador de forma m\u00e1s f\u00e1cil. De esta forma el producto se adapta a cercas permanentes o m\u00f3viles.<\/p>\n<p>El producto est\u00e1 adaptado para postes de madera y\u00a0se sujeta a \u00e9l mediante un gran tornillo. Su sujeci\u00f3n ser\u00e1 fija por lo que no podr\u00e1 ser quitado excepto con la herramienta necesaria.<\/p>\n<p>IVA HPx est\u00e1 indicada para conductores de hasta 12mm. El cable se introducir\u00e1 por la apertura del circulo para su paso, manteniendo tensa la cuerda.<\/p>\n<p>El producto utiliza un color negro. A la hora de comprarlo escoger la bolsa con 25 unidades, as\u00ed como el cubo con 100 o con 220.<\/p>","protected":false},"excerpt":{"rendered":"<p>Aislador de lineas cables y cuerdas IVA Hpx, para su instalaci\u00f3n en cercas el\u00e9ctricas sujetando e impidiendo el paso de los animales.<\/p>\n<p>El producto utiliza un color negro. A la hora de comprarlo escoger la bolsa con 25 unidades, as\u00ed como el cubo con 100 o con 220.<\/p>","protected":false},"featured_media":1897,"comment_status":"closed","ping_status":"closed","template":"","meta":[],"product_brand":[],"product_cat":[1615,635],"product_tag":[1614,1478],"class_list":{"0":"post-1896","1":"product","2":"type-product","3":"status-publish","4":"has-post-thumbnail","6":"product_cat-aisladores","7":"product_cat-pastores-electricos","8":"product_tag-aisladores","9":"product_tag-pastores-electricos","11":"first","12":"instock","13":"taxable","14":"shipping-taxable","15":"purchasable","16":"product-type-variable"},"_links":{"self":[{"href":"https:\/\/jauteco.com\/pt\/wp-json\/wp\/v2\/product\/1896","targetHints":{"allow":["GET"]}}],"collection":[{"href":"https:\/\/jauteco.com\/pt\/wp-json\/wp\/v2\/product"}],"about":[{"href":"https:\/\/jauteco.com\/pt\/wp-json\/wp\/v2\/types\/product"}],"replies":[{"embeddable":true,"href":"https:\/\/jauteco.com\/pt\/wp-json\/wp\/v2\/comments?post=1896"}],"version-history":[{"count":0,"href":"https:\/\/jauteco.com\/pt\/wp-json\/wp\/v2\/product\/1896\/revisions"}],"wp:featuredmedia":[{"embeddable":true,"href":"https:\/\/jauteco.com\/pt\/wp-json\/wp\/v2\/media\/1897"}],"wp:attachment":[{"href":"https:\/\/jauteco.com\/pt\/wp-json\/wp\/v2\/media?parent=1896"}],"wp:term":[{"taxonomy":"product_brand","embeddable":true,"href":"https:\/\/jauteco.com\/pt\/wp-json\/wp\/v2\/product_brand?post=1896"},{"taxonomy":"product_cat","embeddable":true,"href":"https:\/\/jauteco.com\/pt\/wp-json\/wp\/v2\/product_cat?post=1896"},{"taxonomy":"product_tag","embeddable":true,"href":"https:\/\/jauteco.com\/pt\/wp-json\/wp\/v2\/product_tag?post=1896"}],"curies":[{"name":"wp","href":"https:\/\/api.w.org\/{rel}","templated":true}]}}