{"id":1903,"date":"2017-10-25T11:24:11","date_gmt":"2017-10-25T11:24:11","guid":{"rendered":"https:\/\/jauteco.com\/?post_type=product&#038;p=1903"},"modified":"2026-02-09T09:28:35","modified_gmt":"2026-02-09T09:28:35","slug":"tablilla-peligro-batida-caza-mayor","status":"publish","type":"product","link":"https:\/\/jauteco.com\/pt\/tienda\/tablilla-peligro-batida-caza-mayor\/","title":{"rendered":"Ripa perigosa para jogo grande (Arag\u00e3o) 50 \u00d7 33"},"content":{"rendered":"<h2>Tabuleta de perigo chicoteado de grande jogo<\/h2>\n<p>Ripa\u00a0<b>Grande jogo chicoteado perigo<\/b> utilizada para la Monter\u00eda del Jabal\u00ed en Arag\u00f3n con medidas 50\u00d733.<\/p>\n<p>Os regulamentos indicam que este tablet \u00e9\u00a0<strong>usado em Arag\u00e3o<\/strong>, o restante das Comunidades Aut\u00f4nomas usar\u00e1 outros tablets para Monterias, portanto, nessas \u00e1reas, eles usar\u00e3o o indicado em seus\u00a0<a href=\"https:\/\/jauteco.com\/pt\/senalizacion-cotos-caza\/\">normativo<\/a>.<\/p>\n<p>O tablet tem alguns\u00a0<strong>medidas 50 \u00d7 33<\/strong>, portanto, \u00e9 agrupado no primeiro pedido. Este tablet deve ser colocado antes do segundo pedido, para informar as pessoas.<\/p>\n<h3>Altamente refor\u00e7ado<\/h3>\n<p>Este tablet \u00e9 feito com um\u00a0<strong>Chapa de a\u00e7o galvanizada altamente refor\u00e7ada<\/strong>. Este material permite suportar intemp\u00e9ries.<\/p>\n<p>Recomenda-se comprar o\u00a0<a href=\"https:\/\/jauteco.com\/pt\/tienda\/soporte-plegable-tablillas-caza\/\">carrinho dobr\u00e1vel<\/a>\u00a0junto com o tablet, porque ele pode ser colocado em qualquer lugar. O Tablet deve\u00a0<strong>sinal em um local vis\u00edvel<\/strong>\u00a0o perigo de Monter\u00eda. Uma m\u00e1 coloca\u00e7\u00e3o da tala pode impedir que a pessoa seja avisada do perigo, entrando na \u00e1rea e colocando em risco sua integridade.<\/p>\n<p>O fundo branco com letras pretas e a borda vermelha, anexada ao tri\u00e2ngulo vermelho com o desenho do tri\u00e2ngulo, tornam<strong>\u00a0atraente<\/strong>\u00a0o tablet. Dele<strong> Descri\u00e7\u00e3o adverte sobre o perigo.<\/strong><\/p>","protected":false},"excerpt":{"rendered":"<p>Ripa\u00a0<b>Grande jogo chicoteado perigo<\/b>\u00a0usado para a Monter\u00eda del Jabal\u00ed em Arag\u00e3o com medidas 50 \u00d7 33.<\/p>\n<p>Para grandes or\u00e7amentos, entre em contato conosco pelo 964 60 23 59 ou envie um e-mail para: info@jauteco.com.<\/p>","protected":false},"featured_media":1904,"comment_status":"closed","ping_status":"closed","template":"","meta":[],"product_brand":[],"product_cat":[75],"product_tag":[589,567,401],"class_list":{"0":"post-1903","1":"product","2":"type-product","3":"status-publish","4":"has-post-thumbnail","6":"product_cat-tablillas-caza","7":"product_tag-aragon","8":"product_tag-tablilla-de-caza","9":"product_tag-tablillas-caza-1-orden","10":"product_shipping_class-tablillas","12":"first","13":"instock","14":"taxable","15":"shipping-taxable","16":"purchasable","17":"product-type-simple"},"_links":{"self":[{"href":"https:\/\/jauteco.com\/pt\/wp-json\/wp\/v2\/product\/1903","targetHints":{"allow":["GET"]}}],"collection":[{"href":"https:\/\/jauteco.com\/pt\/wp-json\/wp\/v2\/product"}],"about":[{"href":"https:\/\/jauteco.com\/pt\/wp-json\/wp\/v2\/types\/product"}],"replies":[{"embeddable":true,"href":"https:\/\/jauteco.com\/pt\/wp-json\/wp\/v2\/comments?post=1903"}],"version-history":[{"count":0,"href":"https:\/\/jauteco.com\/pt\/wp-json\/wp\/v2\/product\/1903\/revisions"}],"wp:featuredmedia":[{"embeddable":true,"href":"https:\/\/jauteco.com\/pt\/wp-json\/wp\/v2\/media\/1904"}],"wp:attachment":[{"href":"https:\/\/jauteco.com\/pt\/wp-json\/wp\/v2\/media?parent=1903"}],"wp:term":[{"taxonomy":"product_brand","embeddable":true,"href":"https:\/\/jauteco.com\/pt\/wp-json\/wp\/v2\/product_brand?post=1903"},{"taxonomy":"product_cat","embeddable":true,"href":"https:\/\/jauteco.com\/pt\/wp-json\/wp\/v2\/product_cat?post=1903"},{"taxonomy":"product_tag","embeddable":true,"href":"https:\/\/jauteco.com\/pt\/wp-json\/wp\/v2\/product_tag?post=1903"}],"curies":[{"name":"wp","href":"https:\/\/api.w.org\/{rel}","templated":true}]}}