{"id":1905,"date":"2017-10-26T08:19:21","date_gmt":"2017-10-26T08:19:21","guid":{"rendered":"https:\/\/jauteco.com\/?post_type=product&#038;p=1905"},"modified":"2024-10-09T06:32:47","modified_gmt":"2024-10-09T06:32:47","slug":"clovert-s60","status":"publish","type":"product","link":"https:\/\/jauteco.com\/pt\/tienda\/clovert-s60\/","title":{"rendered":"Clovert S60"},"content":{"rendered":"<h2>Clovert S60<\/h2>\n<p><strong>Energizador de red Clovert S60 para suministrar energ\u00eda<\/strong>\u00a0aos cabos e cordas dos pastores el\u00e9tricos.<\/p>\n<p>El Clovert S60 es un\u00a0<strong>energizador que funciona a trav\u00e9s de la energ\u00eda de la corriente el\u00e9ctrica.\u00a0<\/strong>Lo que hace necesario que tenga un enganche a la luz para hacer funcionar el producto.<\/p>\n<p>El aparato es muy potente para condiciones extremas como cercas muy largas o animales dif\u00edciles. Adem\u00e1s cuenta con una segunda salida potencia reducida, as\u00ed como retorno de cerca posible.<\/p>\n<p>El humano podr\u00e1 controlar el voltaje mediante el gr\u00e1fico de barras, que indicar\u00e1 la potencia\u00a0 transmitida.<\/p>\n<h3>Id\u00f3neo para cercas largas y animales salvajes<\/h3>\n<p>O<strong>\u00a0energ\u00eda m\u00e1xima de salida es de 6 J<\/strong>, teniendo el producto <strong>230 V, <\/strong> lo\u00a0que al conectarlo a la luz suministrar\u00e1 la energ\u00eda necesaria. Adem\u00e1s el producto\u00a0<strong>incluye una Se\u00f1al LED de impulsos<\/strong>.<\/p>\n<p>El producto est\u00e1 equipado con la Tecnolog\u00eda de Baja Impedancia, por lo que se adapta a condiciones variables. Clovert S60 es<strong> recomendable para cercas largas y proteger el terreno de animales salvajes,<\/strong> su fuerte descarga evitar\u00e1 la entrada.<\/p>\n<p>A energia produzida pelo produto \u00e9\u00a0<strong>mayor que la de los<\/strong><strong><a href=\"https:\/\/jauteco.com\/pt\/tienda\/clovert-b50-solar-25w\/\">\u00a0energizadores solares<\/a><\/strong>\u00a0e <a href=\"https:\/\/jauteco.com\/pt\/tienda\/clovert-ap60\/\">los de pila<\/a>. Est\u00e1 recomendado para pastores extremos, adapt\u00e1ndose a la vegetaci\u00f3n, siempre que se pueda obtener corriente el\u00e9ctrica.<\/p>","protected":false},"excerpt":{"rendered":"<p><strong>Energizador de red Clovert S60 para suministrar energ\u00eda<\/strong>\u00a0aos cabos e cordas dos pastores el\u00e9tricos.<\/p>\n<p>Clovert S60 funciona a trav\u00e9s de red el\u00e9ctica, por lo que necesitar\u00e1 corriente para su funcionamiento. Su alta potencia la hace a<strong>daptable a condiciones variables<\/strong>, siendo recomendable para extremas como cercas largas o protecci\u00f3n de animales salvajes.<\/p>\n<p>&nbsp;<\/p>\n<p>&nbsp;<\/p>","protected":false},"featured_media":1907,"comment_status":"closed","ping_status":"closed","template":"","meta":[],"product_brand":[],"product_cat":[1601,635],"product_tag":[1477,1632],"class_list":{"0":"post-1905","1":"product","2":"type-product","3":"status-publish","4":"has-post-thumbnail","6":"product_cat-energizadores","7":"product_cat-pastores-electricos","8":"product_tag-energizadores","9":"product_tag-energizadores-de-red","11":"first","12":"instock","13":"taxable","14":"shipping-taxable","15":"purchasable","16":"product-type-simple"},"_links":{"self":[{"href":"https:\/\/jauteco.com\/pt\/wp-json\/wp\/v2\/product\/1905","targetHints":{"allow":["GET"]}}],"collection":[{"href":"https:\/\/jauteco.com\/pt\/wp-json\/wp\/v2\/product"}],"about":[{"href":"https:\/\/jauteco.com\/pt\/wp-json\/wp\/v2\/types\/product"}],"replies":[{"embeddable":true,"href":"https:\/\/jauteco.com\/pt\/wp-json\/wp\/v2\/comments?post=1905"}],"version-history":[{"count":0,"href":"https:\/\/jauteco.com\/pt\/wp-json\/wp\/v2\/product\/1905\/revisions"}],"wp:featuredmedia":[{"embeddable":true,"href":"https:\/\/jauteco.com\/pt\/wp-json\/wp\/v2\/media\/1907"}],"wp:attachment":[{"href":"https:\/\/jauteco.com\/pt\/wp-json\/wp\/v2\/media?parent=1905"}],"wp:term":[{"taxonomy":"product_brand","embeddable":true,"href":"https:\/\/jauteco.com\/pt\/wp-json\/wp\/v2\/product_brand?post=1905"},{"taxonomy":"product_cat","embeddable":true,"href":"https:\/\/jauteco.com\/pt\/wp-json\/wp\/v2\/product_cat?post=1905"},{"taxonomy":"product_tag","embeddable":true,"href":"https:\/\/jauteco.com\/pt\/wp-json\/wp\/v2\/product_tag?post=1905"}],"curies":[{"name":"wp","href":"https:\/\/api.w.org\/{rel}","templated":true}]}}