{"id":1916,"date":"2017-10-26T10:26:45","date_gmt":"2017-10-26T10:26:45","guid":{"rendered":"https:\/\/jauteco.com\/?post_type=product&#038;p=1916"},"modified":"2024-10-09T06:31:15","modified_gmt":"2024-10-09T06:31:15","slug":"tomas-de-tierra","status":"publish","type":"product","link":"https:\/\/jauteco.com\/pt\/tienda\/tomas-de-tierra\/","title":{"rendered":"Aterramento"},"content":{"rendered":"<h2>Aterramento<\/h2>\n<p>Os Sockets of Earth permitem que o retorno da rede seja mais forte, causando um maior impacto do impulso no animal. Eles s\u00e3o necess\u00e1rios para manter a cerca funcionando com a corrente para proteger um terreno.<\/p>\n<p>Essas ferramentas ser\u00e3o inseridas embaixo do solo e ter\u00e3o uma cabe\u00e7a que facilitar\u00e1 a remo\u00e7\u00e3o e a coloca\u00e7\u00e3o. O cabo do energizador passar\u00e1 por eles e energizar\u00e1 a cerca.<\/p>\n<p>O produto \u00e9 feito de a\u00e7o galvanizado de longa dura\u00e7\u00e3o, para evitar a deteriora\u00e7\u00e3o. Suas cores permitem f\u00e1cil adaptabilidade ao solo.<\/p>\n<p>O aterramento deve ser independente da casa, colocando-o a pelo menos 10 metros de dist\u00e2ncia.<\/p>\n<p>Para condi\u00e7\u00f5es extremas, recomenda-se colocar o cabo neutro, evitando assim o retorno do impulso. Esses cabos neutros devem ser colocados paralelamente ao cabo eletrificado.<\/p>\n<p>Pregar no m\u00ednimo 2 ou 3 conex\u00f5es de aterramento galvanizadas de um metro cada, com uma dist\u00e2ncia de dois metros, para que a opera\u00e7\u00e3o seja correta. Eles devem se unir na terra.<\/p>\n<p>Os tiros devem ser anexados ao <a href=\"https:\/\/jauteco.com\/pt\/productos\/pastores-electricos\/energizadores\/\">energizado<\/a>r com um cabo com boa condutividade. Isso deve ser isolado, evitando perdas excessivas de corrente el\u00e9trica.<\/p>\n<p>Ao comprar o produto, escolha o modelo pequeno na sacola ou o 1 metro a granel.<\/p>\n<p>&nbsp;<\/p>","protected":false},"excerpt":{"rendered":"<p>Os Sockets of Earth permitem que o retorno da rede seja mais forte, causando um maior impacto do impulso no animal. Eles s\u00e3o necess\u00e1rios para manter a cerca funcionando com a corrente para proteger um terreno.<\/p>\n<p>Ao comprar o produto, escolha o modelo pequeno na sacola ou o 1 metro a granel.<\/p>","protected":false},"featured_media":1917,"comment_status":"closed","ping_status":"closed","template":"","meta":[],"product_brand":[],"product_cat":[1655,635],"product_tag":[1644],"class_list":{"0":"post-1916","1":"product","2":"type-product","3":"status-publish","4":"has-post-thumbnail","6":"product_cat-controladores-y-tomas","7":"product_cat-pastores-electricos","8":"product_tag-tomas-tierra","10":"first","11":"instock","12":"taxable","13":"shipping-taxable","14":"purchasable","15":"product-type-variable"},"_links":{"self":[{"href":"https:\/\/jauteco.com\/pt\/wp-json\/wp\/v2\/product\/1916","targetHints":{"allow":["GET"]}}],"collection":[{"href":"https:\/\/jauteco.com\/pt\/wp-json\/wp\/v2\/product"}],"about":[{"href":"https:\/\/jauteco.com\/pt\/wp-json\/wp\/v2\/types\/product"}],"replies":[{"embeddable":true,"href":"https:\/\/jauteco.com\/pt\/wp-json\/wp\/v2\/comments?post=1916"}],"version-history":[{"count":0,"href":"https:\/\/jauteco.com\/pt\/wp-json\/wp\/v2\/product\/1916\/revisions"}],"wp:featuredmedia":[{"embeddable":true,"href":"https:\/\/jauteco.com\/pt\/wp-json\/wp\/v2\/media\/1917"}],"wp:attachment":[{"href":"https:\/\/jauteco.com\/pt\/wp-json\/wp\/v2\/media?parent=1916"}],"wp:term":[{"taxonomy":"product_brand","embeddable":true,"href":"https:\/\/jauteco.com\/pt\/wp-json\/wp\/v2\/product_brand?post=1916"},{"taxonomy":"product_cat","embeddable":true,"href":"https:\/\/jauteco.com\/pt\/wp-json\/wp\/v2\/product_cat?post=1916"},{"taxonomy":"product_tag","embeddable":true,"href":"https:\/\/jauteco.com\/pt\/wp-json\/wp\/v2\/product_tag?post=1916"}],"curies":[{"name":"wp","href":"https:\/\/api.w.org\/{rel}","templated":true}]}}