{"id":1920,"date":"2017-10-26T11:05:42","date_gmt":"2017-10-26T11:05:42","guid":{"rendered":"https:\/\/jauteco.com\/?post_type=product&#038;p=1920"},"modified":"2024-10-08T12:40:09","modified_gmt":"2024-10-08T12:40:09","slug":"digivolt","status":"publish","type":"product","link":"https:\/\/jauteco.com\/pt\/tienda\/digivolt\/","title":{"rendered":"Digivolt"},"content":{"rendered":"<h2>Digivolt<\/h2>\n<p>Controlador sem fio Digivolt para medir a pot\u00eancia de uma cerca el\u00e9trica. Simples de usar e com tr\u00eas n\u00edveis de controle.<\/p>\n<p>Uma delas \u00e9 a tens\u00e3o, com a qual voc\u00ea medir\u00e1 o n\u00famero de volts da cerca. O segundo \u00e9 o sentido, e o terceiro deles \u00e9 o n\u00edvel de pot\u00eancia de 0 a 9, portanto as perdas de energia ser\u00e3o encontradas rapidamente.<\/p>\n<p>O controle remoto \u00e9 preto e cont\u00e9m uma pequena antena para que possa funcionar corretamente sem fio.<\/p>","protected":false},"excerpt":{"rendered":"<p>Controlador sem fio Digivolt para medir a pot\u00eancia de uma cerca el\u00e9trica. Simples de usar e com tr\u00eas n\u00edveis de controle.<\/p>","protected":false},"featured_media":1921,"comment_status":"closed","ping_status":"closed","template":"","meta":[],"product_brand":[],"product_cat":[1655,635],"product_tag":[1649],"class_list":{"0":"post-1920","1":"product","2":"type-product","3":"status-publish","4":"has-post-thumbnail","6":"product_cat-controladores-y-tomas","7":"product_cat-pastores-electricos","8":"product_tag-controladores","9":"product_shipping_class-jaulas","11":"first","12":"outofstock","13":"taxable","14":"shipping-taxable","15":"purchasable","16":"product-type-simple"},"_links":{"self":[{"href":"https:\/\/jauteco.com\/pt\/wp-json\/wp\/v2\/product\/1920","targetHints":{"allow":["GET"]}}],"collection":[{"href":"https:\/\/jauteco.com\/pt\/wp-json\/wp\/v2\/product"}],"about":[{"href":"https:\/\/jauteco.com\/pt\/wp-json\/wp\/v2\/types\/product"}],"replies":[{"embeddable":true,"href":"https:\/\/jauteco.com\/pt\/wp-json\/wp\/v2\/comments?post=1920"}],"version-history":[{"count":0,"href":"https:\/\/jauteco.com\/pt\/wp-json\/wp\/v2\/product\/1920\/revisions"}],"wp:featuredmedia":[{"embeddable":true,"href":"https:\/\/jauteco.com\/pt\/wp-json\/wp\/v2\/media\/1921"}],"wp:attachment":[{"href":"https:\/\/jauteco.com\/pt\/wp-json\/wp\/v2\/media?parent=1920"}],"wp:term":[{"taxonomy":"product_brand","embeddable":true,"href":"https:\/\/jauteco.com\/pt\/wp-json\/wp\/v2\/product_brand?post=1920"},{"taxonomy":"product_cat","embeddable":true,"href":"https:\/\/jauteco.com\/pt\/wp-json\/wp\/v2\/product_cat?post=1920"},{"taxonomy":"product_tag","embeddable":true,"href":"https:\/\/jauteco.com\/pt\/wp-json\/wp\/v2\/product_tag?post=1920"}],"curies":[{"name":"wp","href":"https:\/\/api.w.org\/{rel}","templated":true}]}}