{"id":1927,"date":"2017-10-30T11:24:11","date_gmt":"2017-10-30T11:24:11","guid":{"rendered":"https:\/\/jauteco.com\/?post_type=product&#038;p=1927"},"modified":"2020-04-20T11:36:38","modified_gmt":"2020-04-20T11:36:38","slug":"ivabloc","status":"publish","type":"product","link":"https:\/\/jauteco.com\/pt\/tienda\/ivabloc\/","title":{"rendered":"Ivabloc"},"content":{"rendered":"<h2>Ivabloc<\/h2>\n<p>Aislador de lineas cables y cuerdas Ivabloc para su instalaci\u00f3n en cercas el\u00e9ctricas sujetando e impidiendo el paso de los animales.<\/p>\n<p>Cuenta con un sistema patentado que le permite colocar el aislador en postes mediante un clip,\u00a0 permitiendo su f\u00e1cil colocaci\u00f3n al humano.<\/p>\n<p>El producto est\u00e1 adaptado para postes de metal y fibra de vidrio, sujet\u00e1ndose a \u00e9l mediante una rueda trasera. Su sujeci\u00f3n ser\u00e1 fija, aunque el humano podr\u00e1 quitarlo cuando desee a trav\u00e9s del mecanismo de la rueda.<\/p>\n<p>Sus medidas lo hacen adaptable para postes desde 8 hasta 14mm, as\u00ed facilita su uso en diferentes cercas. Cuenta con un sistema antideslizamiento y antirrotaci\u00f3n, as\u00ed le permite resistir condiciones atmosf\u00e9ricas adversas.<\/p>\n<p>Ivabloc est\u00e1 indicado para conductores de hasta 12mm. El cable se introducir\u00e1 por la apertura del circulo para su paso, manteniendo tensa la cuerda.<\/p>\n<p>El producto utiliza un color negro. A la hora de comprarlo escoger la bolsa con 25 unidades o el cubo de 50.<\/p>\n<p>Producto recomendado para cercas m\u00f3viles, por su facilidad de modificar o trasladar.<\/p>","protected":false},"excerpt":{"rendered":"<p>Aislador de lineas cables y cuerdas Ivabloc para su instalaci\u00f3n en cercas el\u00e9ctricas sujetando e impidiendo el paso de los animales.<\/p>\n<p>Cuenta con un sistema patentado que le permite colocar el aislador en postes mediante un clip,\u00a0 permitiendo su f\u00e1cil colocaci\u00f3n al humano.<\/p>\n<p>Producto recomendado para cercas m\u00f3viles, por su facilidad de modificar o trasladar.<\/p>","protected":false},"featured_media":1931,"comment_status":"closed","ping_status":"closed","template":"","meta":[],"product_brand":[],"product_cat":[1615,635],"product_tag":[1614,1478],"class_list":{"0":"post-1927","1":"product","2":"type-product","3":"status-publish","4":"has-post-thumbnail","6":"product_cat-aisladores","7":"product_cat-pastores-electricos","8":"product_tag-aisladores","9":"product_tag-pastores-electricos","11":"first","12":"instock","13":"taxable","14":"shipping-taxable","15":"purchasable","16":"product-type-variable"},"_links":{"self":[{"href":"https:\/\/jauteco.com\/pt\/wp-json\/wp\/v2\/product\/1927","targetHints":{"allow":["GET"]}}],"collection":[{"href":"https:\/\/jauteco.com\/pt\/wp-json\/wp\/v2\/product"}],"about":[{"href":"https:\/\/jauteco.com\/pt\/wp-json\/wp\/v2\/types\/product"}],"replies":[{"embeddable":true,"href":"https:\/\/jauteco.com\/pt\/wp-json\/wp\/v2\/comments?post=1927"}],"version-history":[{"count":0,"href":"https:\/\/jauteco.com\/pt\/wp-json\/wp\/v2\/product\/1927\/revisions"}],"wp:featuredmedia":[{"embeddable":true,"href":"https:\/\/jauteco.com\/pt\/wp-json\/wp\/v2\/media\/1931"}],"wp:attachment":[{"href":"https:\/\/jauteco.com\/pt\/wp-json\/wp\/v2\/media?parent=1927"}],"wp:term":[{"taxonomy":"product_brand","embeddable":true,"href":"https:\/\/jauteco.com\/pt\/wp-json\/wp\/v2\/product_brand?post=1927"},{"taxonomy":"product_cat","embeddable":true,"href":"https:\/\/jauteco.com\/pt\/wp-json\/wp\/v2\/product_cat?post=1927"},{"taxonomy":"product_tag","embeddable":true,"href":"https:\/\/jauteco.com\/pt\/wp-json\/wp\/v2\/product_tag?post=1927"}],"curies":[{"name":"wp","href":"https:\/\/api.w.org\/{rel}","templated":true}]}}