{"id":1937,"date":"2017-11-02T09:48:30","date_gmt":"2017-11-02T09:48:30","guid":{"rendered":"https:\/\/jauteco.com\/?post_type=product&#038;p=1937"},"modified":"2017-11-02T09:59:10","modified_gmt":"2017-11-02T09:59:10","slug":"blanfor","status":"publish","type":"product","link":"https:\/\/jauteco.com\/pt\/tienda\/blanfor\/","title":{"rendered":"Blanfor"},"content":{"rendered":"<h2>Cable el\u00e9ctrico Blanfor<\/h2>\n<p>El cable Blanfor es utilizado para impedir el paso de los animales no peligrosos como conejos en cercas semi-m\u00f3viles y permanentes.<\/p>\n<p>Blanfor es un cable conductor galvanizado adaptable a cercas medias o cortas. Sus\u00a0<strong>materiais facilitam a instala\u00e7\u00e3o<\/strong>, para que o humano possa coloc\u00e1-lo na cerca sem problemas.<\/p>\n<p>O cabo permite at\u00e9<strong>\u00a0corriente como m\u00e1ximo de 0,33 Amperios por minuto<\/strong>, que ahuyentar\u00e1 animales no peligrosos. Al recibir una descarga al acercarse al cable el animal quedar\u00e1 prevenido, as\u00ed<strong>\u00a0evitar\u00e1 tentar novamente o terreno<\/strong>.<\/p>\n<p>Este producto est\u00e1 compuesto por dos conductores galvanizados. El cable Blanfor es\u00a0<strong>id\u00f3neo para cercas tanto semi-m\u00f3viles, como permanentes.<\/strong><\/p>\n<p>Los pastores el\u00e9ctricos no hieren al animal. Simplemente con una descarga el\u00e9ctrica advertir\u00e1 al animal y este evitar\u00e1 volver a acercarse a la cerca.<\/p>\n<h3>Carrega grandes quantidades de corrente el\u00e9trica<\/h3>\n<p>El cable cuanta con una galvanizaci\u00f3n ultra rica de 120g\/m2.\u00a0<strong>Esto le permite transportar una gran cantidad de corriente el\u00e9ctrica por minuto.\u00a0<\/strong><\/p>\n<p>El producto est\u00e1 disponible en un \u00fanico tama\u00f1o de 200 metros, siendo de color blanco. El tama\u00f1o est\u00e1 indicado para cercas medias o cortas, siendo recomendable para cercas con no necesiten excesivas modificaciones al cabo del a\u00f1o.<\/p>","protected":false},"excerpt":{"rendered":"<p>El cable Blanfor es utilizado para impedir el paso de los animales no peligrosos como conejos en cercas semi-m\u00f3viles y permanentes.<\/p>\n<p>Blanfor es un cable conductor galvanizado adaptable a cercas medias o cortas. Sus\u00a0materiales lo hacen m\u00e1s sencillo de instalar, por lo que el humano podr\u00e1 colocarlo en el cerco sin problemas.<\/p>","protected":false},"featured_media":1942,"comment_status":"closed","ping_status":"closed","template":"","meta":[],"product_brand":[],"product_cat":[1603,635],"product_tag":[1671,1540],"class_list":{"0":"post-1937","1":"product","2":"type-product","3":"status-publish","4":"has-post-thumbnail","6":"product_cat-cintas-y-cables","7":"product_cat-pastores-electricos","8":"product_tag-blanfor","9":"product_tag-cintas-y-cables","10":"product_shipping_class-jaulas","12":"first","13":"instock","14":"taxable","15":"shipping-taxable","16":"purchasable","17":"product-type-simple"},"_links":{"self":[{"href":"https:\/\/jauteco.com\/pt\/wp-json\/wp\/v2\/product\/1937","targetHints":{"allow":["GET"]}}],"collection":[{"href":"https:\/\/jauteco.com\/pt\/wp-json\/wp\/v2\/product"}],"about":[{"href":"https:\/\/jauteco.com\/pt\/wp-json\/wp\/v2\/types\/product"}],"replies":[{"embeddable":true,"href":"https:\/\/jauteco.com\/pt\/wp-json\/wp\/v2\/comments?post=1937"}],"version-history":[{"count":0,"href":"https:\/\/jauteco.com\/pt\/wp-json\/wp\/v2\/product\/1937\/revisions"}],"wp:featuredmedia":[{"embeddable":true,"href":"https:\/\/jauteco.com\/pt\/wp-json\/wp\/v2\/media\/1942"}],"wp:attachment":[{"href":"https:\/\/jauteco.com\/pt\/wp-json\/wp\/v2\/media?parent=1937"}],"wp:term":[{"taxonomy":"product_brand","embeddable":true,"href":"https:\/\/jauteco.com\/pt\/wp-json\/wp\/v2\/product_brand?post=1937"},{"taxonomy":"product_cat","embeddable":true,"href":"https:\/\/jauteco.com\/pt\/wp-json\/wp\/v2\/product_cat?post=1937"},{"taxonomy":"product_tag","embeddable":true,"href":"https:\/\/jauteco.com\/pt\/wp-json\/wp\/v2\/product_tag?post=1937"}],"curies":[{"name":"wp","href":"https:\/\/api.w.org\/{rel}","templated":true}]}}