{"id":1996,"date":"2017-11-10T09:35:34","date_gmt":"2017-11-10T09:35:34","guid":{"rendered":"https:\/\/jauteco.com\/?post_type=product&#038;p=1996"},"modified":"2026-02-19T14:20:30","modified_gmt":"2026-02-19T14:20:30","slug":"jaula-trampa-perros-2","status":"publish","type":"product","link":"https:\/\/jauteco.com\/pt\/tienda\/jaula-trampa-perros-2\/","title":{"rendered":"C\u00e3es da armadilha da gaiola"},"content":{"rendered":"<h3>Jaula Trampa Perros, lobos y todo tipo de animales medios, dom\u00e9sticos y salvajes.<\/h3>\n<p>Ele <strong>Cachorro<\/strong> \u00c9 um animal que mal treinado ou sozinho <strong>pode se tornar muito perigoso<\/strong>. Para capturar esses animais, a gaiola de armadilha para c\u00e3es permite que eles fiquem presos, sem sofrer danos ou perigo de sofrimento humano.<\/p>\n<p>As caracter\u00edsticas da armadilha indicam a captura de c\u00e3es selvagens, dom\u00e9sticos, vagabundos, lobos ... A opera\u00e7\u00e3o \u00e9 simples, porque<strong> o animal ficar\u00e1 preso ao entrar na gaiola para comer e pisar no balancim. <\/strong>No instante em que o roqueiro \u00e9 pisado, as portas caem impedindo que o c\u00e3o escape e seja pego.<\/p>\n<p>Para uso, \u00e9 ideal colocar a isca em um local que o c\u00e3o normalmente saia primeiro da gaiola, para que ele adquira o h\u00e1bito. Alguns dias depois, colocaremos o <strong>isca na gaiola<\/strong>, para que o c\u00e3o ao entrar fique preso.<\/p>\n<p>A gaiola \u00e9 remov\u00edvel para facilitar o transporte, devido \u00e0s suas grandes medidas.<\/p>\n<h3>Nenhuma op\u00e7\u00e3o para escapar<\/h3>\n<p>Quando o cachorro pisou no balancim da gaiola, <strong>fechar\u00e1 imediatamente<\/strong> N\u00e3o h\u00e1 tempo para ele escapar. Desta forma, quando o animal entra pela isca, ele n\u00e3o tem op\u00e7\u00e3o de sair. A armadilha \u00e9 refor\u00e7ada para impedir que o animal saia, al\u00e9m de n\u00e3o ferir.<\/p>\n<p>\u00c9 recomendavel\u00a0<strong>Visite o Dog Trap Cage diariamente,\u00a0<\/strong>evitando a fome ou sofrimento desnecess\u00e1rio do c\u00e3o ou animal capturado.<\/p>\n<p>Se a armadilha pegar o<strong> animal errado<\/strong>, o humano pode <strong>Solte-o com seguran\u00e7a.<\/strong> A jaula<strong>\u00a0est\u00e1 em conformidade com todos os regulamentos<\/strong>\u00a0e leis do<strong> Lei de Prote\u00e7\u00e3o Animal.<\/strong><\/p>\n<p>A armadilha do c\u00e3o da gaiola tem o seguinte <strong>caracteristicas:<\/strong><\/p>\n<p><strong>Dimens\u00f5es:<\/strong> 180 x 55 x 80 cm. (largo x ancho x alto)<br \/>\n<strong>Peso: <\/strong>35 kg<\/p>","protected":false},"excerpt":{"rendered":"<p>Jaula Trampa Perros: Orientada a Perros Asilvestrados, Dom\u00e9sticos, Vagabundos, Lobos,&#8230; el animal quedar\u00e1 atrapado inmediatamente al entrar a por alimento.<\/p>\n<p>La Jaula es<strong>\u00a0REMOV\u00cdVEL<\/strong> (para facilitar el transporte, debido a sus grandes dimensiones).<\/p>\n<p><strong><span style=\"color: #ff0000;\">\u00a1Novedad! <\/span><\/strong><a href=\"https:\/\/jauteco.com\/pt\/tienda\/avisapro-v1\/\" target=\"_blank\" rel=\"noopener\"><strong><span style=\"color: #ff0000;\"><span style=\"color: #008000;\">AvisaPro V1 &#8211; Alertas SMS de Animal Capturado:<\/span> <\/span><\/strong><\/a>es un sistema de alertas 24 horas que le enviar\u00e1 una notificaci\u00f3n a su m\u00f3vil cuando la Jaula Trampa cierre las puertas. \u00bfPara qu\u00e9 hacer viajes innecesarios a revisar la jaula si tu m\u00f3vil puede avisarte? desc\u00fabrelo haciendo click en: <a href=\"https:\/\/jauteco.com\/pt\/tienda\/avisapro-v1\/\" target=\"_blank\" rel=\"noopener\"><strong>AvisaPro V1\u00a0<\/strong><\/a><\/p>\n<p>&nbsp;<\/p>","protected":false},"featured_media":8095,"comment_status":"closed","ping_status":"closed","template":"","meta":[],"product_brand":[],"product_cat":[122],"product_tag":[654,659,878],"class_list":{"0":"post-1996","1":"product","2":"type-product","3":"status-publish","4":"has-post-thumbnail","6":"product_cat-jaulas-trampa","7":"product_tag-jaula-trampa","8":"product_tag-jaula-trampa-mamiferos","9":"product_tag-perros","10":"product_shipping_class-jaulas","12":"first","13":"instock","14":"taxable","15":"shipping-taxable","16":"purchasable","17":"product-type-simple"},"_links":{"self":[{"href":"https:\/\/jauteco.com\/pt\/wp-json\/wp\/v2\/product\/1996","targetHints":{"allow":["GET"]}}],"collection":[{"href":"https:\/\/jauteco.com\/pt\/wp-json\/wp\/v2\/product"}],"about":[{"href":"https:\/\/jauteco.com\/pt\/wp-json\/wp\/v2\/types\/product"}],"replies":[{"embeddable":true,"href":"https:\/\/jauteco.com\/pt\/wp-json\/wp\/v2\/comments?post=1996"}],"version-history":[{"count":0,"href":"https:\/\/jauteco.com\/pt\/wp-json\/wp\/v2\/product\/1996\/revisions"}],"wp:featuredmedia":[{"embeddable":true,"href":"https:\/\/jauteco.com\/pt\/wp-json\/wp\/v2\/media\/8095"}],"wp:attachment":[{"href":"https:\/\/jauteco.com\/pt\/wp-json\/wp\/v2\/media?parent=1996"}],"wp:term":[{"taxonomy":"product_brand","embeddable":true,"href":"https:\/\/jauteco.com\/pt\/wp-json\/wp\/v2\/product_brand?post=1996"},{"taxonomy":"product_cat","embeddable":true,"href":"https:\/\/jauteco.com\/pt\/wp-json\/wp\/v2\/product_cat?post=1996"},{"taxonomy":"product_tag","embeddable":true,"href":"https:\/\/jauteco.com\/pt\/wp-json\/wp\/v2\/product_tag?post=1996"}],"curies":[{"name":"wp","href":"https:\/\/api.w.org\/{rel}","templated":true}]}}