{"id":2001,"date":"2017-11-10T11:39:43","date_gmt":"2017-11-10T11:39:43","guid":{"rendered":"https:\/\/jauteco.com\/?post_type=product&#038;p=2001"},"modified":"2025-02-03T09:18:41","modified_gmt":"2025-02-03T09:18:41","slug":"placa-aluminio-grabada","status":"publish","type":"product","link":"https:\/\/jauteco.com\/pt\/tienda\/placa-aluminio-grabada\/","title":{"rendered":"Placa de alum\u00ednio gravada"},"content":{"rendered":"<h2>Placa de alum\u00ednio gravada<\/h2>\n<p>Placa de Alum\u00ednio Gravada para colocar em Tabletes Coto, com dimens\u00f5es de 13 \u00d7 3 v\u00e1lida para toda a Espanha.<\/p>\n<p>Conforme indicam os regulamentos, esta Placa \u00e9 adequada para ser colocada em todas as Placas de Sinaliza\u00e7\u00e3o que a requeiram. Ele est\u00e1 marcado para ser usado na integridade da Espanha.<\/p>\n<p>O produto tem medidas de 13 \u00d7 3, com dois furos perfeitamente adapt\u00e1veis para serem colocados nas venezianas.<\/p>\n<p>Fabricado em alum\u00ednio, al\u00e9m de altamente refor\u00e7ado, possui os materiais mais resistentes. Este material permite resistir a intemp\u00e9ries, bem como a golpes de animais. O n\u00famero ficar\u00e1 gravado no pr\u00f3prio quadro.<\/p>\n<p>Coloque o n\u00famero da caixa no momento da compra.<\/p>\n<p>*Pedido m\u00ednimo 25 unidades.<\/p>","protected":false},"excerpt":{"rendered":"<p>Coloque o n\u00famero de registro do Coto<\/p>\n<h3>Pedido m\u00ednimo 25 unidades<\/h3>\n<h3><\/h3>","protected":false},"featured_media":2004,"comment_status":"closed","ping_status":"closed","template":"","meta":[],"product_brand":[],"product_cat":[75],"product_tag":[424,401],"class_list":{"0":"post-2001","1":"product","2":"type-product","3":"status-publish","4":"has-post-thumbnail","6":"product_cat-tablillas-caza","7":"product_tag-tablillas-con-placa-de-matricula","8":"product_tag-tablillas-caza-1-orden","9":"product_shipping_class-tablillas","11":"first","12":"instock","13":"taxable","14":"shipping-taxable","15":"purchasable","16":"product-type-simple"},"_links":{"self":[{"href":"https:\/\/jauteco.com\/pt\/wp-json\/wp\/v2\/product\/2001","targetHints":{"allow":["GET"]}}],"collection":[{"href":"https:\/\/jauteco.com\/pt\/wp-json\/wp\/v2\/product"}],"about":[{"href":"https:\/\/jauteco.com\/pt\/wp-json\/wp\/v2\/types\/product"}],"replies":[{"embeddable":true,"href":"https:\/\/jauteco.com\/pt\/wp-json\/wp\/v2\/comments?post=2001"}],"version-history":[{"count":0,"href":"https:\/\/jauteco.com\/pt\/wp-json\/wp\/v2\/product\/2001\/revisions"}],"wp:featuredmedia":[{"embeddable":true,"href":"https:\/\/jauteco.com\/pt\/wp-json\/wp\/v2\/media\/2004"}],"wp:attachment":[{"href":"https:\/\/jauteco.com\/pt\/wp-json\/wp\/v2\/media?parent=2001"}],"wp:term":[{"taxonomy":"product_brand","embeddable":true,"href":"https:\/\/jauteco.com\/pt\/wp-json\/wp\/v2\/product_brand?post=2001"},{"taxonomy":"product_cat","embeddable":true,"href":"https:\/\/jauteco.com\/pt\/wp-json\/wp\/v2\/product_cat?post=2001"},{"taxonomy":"product_tag","embeddable":true,"href":"https:\/\/jauteco.com\/pt\/wp-json\/wp\/v2\/product_tag?post=2001"}],"curies":[{"name":"wp","href":"https:\/\/api.w.org\/{rel}","templated":true}]}}