{"id":2033,"date":"2017-11-17T11:20:41","date_gmt":"2017-11-17T11:20:41","guid":{"rendered":"https:\/\/jauteco.com\/?post_type=product&#038;p=2033"},"modified":"2025-03-04T12:11:14","modified_gmt":"2025-03-04T12:11:14","slug":"comedero-plastico","status":"publish","type":"product","link":"https:\/\/jauteco.com\/pt\/tienda\/comedero-plastico\/","title":{"rendered":"Comedero pl\u00e1stico campo 40L."},"content":{"rendered":"<h3>Alimentador de pl\u00e1stico para campo<\/h3>\n<p>Ele <strong>Comedero pl\u00e1stico campo est\u00e1 fabricado para el abastecimiento de grano para perdices, faisanes y aves similares.\u00a0<\/strong><\/p>\n<p>Fabricado con un dise\u00f1o especial,<strong>\u00a0solo permitir\u00e1 alimentarse a perdices, faisanes y aves similares, a<\/strong>Impedir\u00e1 a alimenta\u00e7\u00e3o de animais como gado ou javalis. A altura do alimentador impedir\u00e1 a entrada de parasitas, mantendo assim os alimentos limpos.<\/p>\n<p>O produto possui um <strong>Capacidade de 40 litros<\/strong>.<strong>\u00a0<\/strong>Dispone de una tapa para recargar f\u00e1cilmente el contenido.<\/p>\n<p>El Comedero debe situarse a la altura del torso del p\u00e1jaro (a 15 cm del suelo en el caso de las perdices).<\/p>\n<p><strong>Sistema anti-despilfarro de comida.<\/strong><\/p>\n<p>Su material resistente permite colocarlo a la intemperie.<\/p>\n<p>Sua cor vai <strong>adapta-se perfeitamente ao ambiente natural<\/strong>, as\u00ed el animal acudir\u00e1 a \u00e9l sin sentirse extra\u00f1ado.<\/p>\n<p>Transportar este comedero a otras zonas se puede realizar sin ning\u00fan problema, gracias al poco peso del producto..<\/p>\n<p><strong>Caracteristicas<\/strong> do campo do alimentador de pl\u00e1stico:<\/p>\n<table border=\"0\" cellspacing=\"0\" cellpadding=\"0\">\n<tbody>\n<tr>\n<td class=\"xl66\" width=\"264\" height=\"21\"><strong>Dimens\u00f5es<\/strong>: 400 x 400 x 460 mm.<\/td>\n<\/tr>\n<\/tbody>\n<\/table>\n<p><strong>Capacidade:<\/strong>\u00a040 litros<\/p>","protected":false},"excerpt":{"rendered":"<p>Ele <strong>Comedero pl\u00e1stico campo est\u00e1 fabricado para el abastecimiento de perdices, faisanes y aves similares. <\/strong>Sus caracter\u00edsticas la hacen id\u00f3nea para suministrar grano a estas aves.<\/p>","protected":false},"featured_media":2035,"comment_status":"closed","ping_status":"closed","template":"","meta":[],"product_brand":[],"product_cat":[9],"product_tag":[2563,2136,967],"class_list":{"0":"post-2033","1":"product","2":"type-product","3":"status-publish","4":"has-post-thumbnail","6":"product_cat-comederos","7":"product_tag-caza-menor","8":"product_tag-comedero-aves","9":"product_tag-comedero-perdices","10":"product_shipping_class-jaulas","12":"first","13":"instock","14":"taxable","15":"shipping-taxable","16":"purchasable","17":"product-type-simple"},"_links":{"self":[{"href":"https:\/\/jauteco.com\/pt\/wp-json\/wp\/v2\/product\/2033","targetHints":{"allow":["GET"]}}],"collection":[{"href":"https:\/\/jauteco.com\/pt\/wp-json\/wp\/v2\/product"}],"about":[{"href":"https:\/\/jauteco.com\/pt\/wp-json\/wp\/v2\/types\/product"}],"replies":[{"embeddable":true,"href":"https:\/\/jauteco.com\/pt\/wp-json\/wp\/v2\/comments?post=2033"}],"version-history":[{"count":0,"href":"https:\/\/jauteco.com\/pt\/wp-json\/wp\/v2\/product\/2033\/revisions"}],"wp:featuredmedia":[{"embeddable":true,"href":"https:\/\/jauteco.com\/pt\/wp-json\/wp\/v2\/media\/2035"}],"wp:attachment":[{"href":"https:\/\/jauteco.com\/pt\/wp-json\/wp\/v2\/media?parent=2033"}],"wp:term":[{"taxonomy":"product_brand","embeddable":true,"href":"https:\/\/jauteco.com\/pt\/wp-json\/wp\/v2\/product_brand?post=2033"},{"taxonomy":"product_cat","embeddable":true,"href":"https:\/\/jauteco.com\/pt\/wp-json\/wp\/v2\/product_cat?post=2033"},{"taxonomy":"product_tag","embeddable":true,"href":"https:\/\/jauteco.com\/pt\/wp-json\/wp\/v2\/product_tag?post=2033"}],"curies":[{"name":"wp","href":"https:\/\/api.w.org\/{rel}","templated":true}]}}