{"id":2048,"date":"2017-11-22T09:27:52","date_gmt":"2017-11-22T09:27:52","guid":{"rendered":"https:\/\/jauteco.com\/?post_type=product&#038;p=2048"},"modified":"2026-02-09T09:28:29","modified_gmt":"2026-02-09T09:28:29","slug":"tablilla-prohibido-paso-perros","status":"publish","type":"product","link":"https:\/\/jauteco.com\/pt\/tienda\/tablilla-prohibido-paso-perros\/","title":{"rendered":"Tablet proibido the Step of Dogs (Espanha) 50 \u00d7 33"},"content":{"rendered":"<h2>Tablet proibida a passagem de c\u00e3es<\/h2>\n<p>Placa Proibida a Passagem de C\u00e3es usada para advert\u00eancia na Espanha com medidas 50 \u00d7 33.<\/p>\n<p>A tala est\u00e1 marcada para ser\u00a0<strong>usado na Espanha, com exce\u00e7\u00e3o das Comunidades Aut\u00f4nomas com seu pr\u00f3prio tablet\u00a0<\/strong>ent\u00e3o eles usar\u00e3o aquele indicado em seu\u00a0<a href=\"https:\/\/jauteco.com\/pt\/senalizacion-cotos-caza\/\">normativo<\/a>.<\/p>\n<p>O tablet tem alguns\u00a0<strong>medidas 50 \u00d7 33<\/strong>, por isso \u00e9 agrupado na primeira ordem. Esta placa deve ser colocada de forma vis\u00edvel, alertando as pessoas do perigo.<\/p>\n<h3>Altamente refor\u00e7ado<\/h3>\n<p>Este tablet \u00e9 feito com um<strong>\u00a0Chapa de a\u00e7o galvanizada altamente refor\u00e7ada<\/strong>. Este material permite suportar intemp\u00e9ries.<\/p>\n<p>A compra do\u00a0<a href=\"https:\/\/jauteco.com\/pt\/tienda\/mastil-180-m-incluye-tornillos\/\">mastro\u00a0<\/a>junto com a tala, porque com ela voc\u00ea pode fixar no ch\u00e3o. O Tablet deve\u00a0<strong>sinal em um local vis\u00edvel<\/strong>\u00a0avisar que a passagem de c\u00e3es \u00e9 proibida. O mau posicionamento pode evitar que a pessoa seja avisada, entre na \u00e1rea com c\u00e3es e viole involuntariamente a ordem.<\/p>\n<p>As cores usadas por este Tablet s\u00e3o as<strong>\u00a0branco, com letras vermelhas.\u00a0<\/strong>As cores usadas s\u00e3o comuns no tablet, para que o ser humano, ao v\u00ea-lo, saiba que \u00e9 um aviso importante.<\/p>","protected":false},"excerpt":{"rendered":"<p>Para grandes or\u00e7amentos, entre em contato conosco pelo 964 60 23 59 ou envie um e-mail para: info@jauteco.com.<\/p>","protected":false},"featured_media":2049,"comment_status":"closed","ping_status":"closed","template":"","meta":[],"product_brand":[],"product_cat":[75],"product_tag":[559,401],"class_list":{"0":"post-2048","1":"product","2":"type-product","3":"status-publish","4":"has-post-thumbnail","6":"product_cat-tablillas-caza","7":"product_tag-tablillas-de-caza","8":"product_tag-tablillas-caza-1-orden","9":"product_shipping_class-tablillas","11":"first","12":"instock","13":"taxable","14":"shipping-taxable","15":"purchasable","16":"product-type-simple"},"_links":{"self":[{"href":"https:\/\/jauteco.com\/pt\/wp-json\/wp\/v2\/product\/2048","targetHints":{"allow":["GET"]}}],"collection":[{"href":"https:\/\/jauteco.com\/pt\/wp-json\/wp\/v2\/product"}],"about":[{"href":"https:\/\/jauteco.com\/pt\/wp-json\/wp\/v2\/types\/product"}],"replies":[{"embeddable":true,"href":"https:\/\/jauteco.com\/pt\/wp-json\/wp\/v2\/comments?post=2048"}],"version-history":[{"count":0,"href":"https:\/\/jauteco.com\/pt\/wp-json\/wp\/v2\/product\/2048\/revisions"}],"wp:featuredmedia":[{"embeddable":true,"href":"https:\/\/jauteco.com\/pt\/wp-json\/wp\/v2\/media\/2049"}],"wp:attachment":[{"href":"https:\/\/jauteco.com\/pt\/wp-json\/wp\/v2\/media?parent=2048"}],"wp:term":[{"taxonomy":"product_brand","embeddable":true,"href":"https:\/\/jauteco.com\/pt\/wp-json\/wp\/v2\/product_brand?post=2048"},{"taxonomy":"product_cat","embeddable":true,"href":"https:\/\/jauteco.com\/pt\/wp-json\/wp\/v2\/product_cat?post=2048"},{"taxonomy":"product_tag","embeddable":true,"href":"https:\/\/jauteco.com\/pt\/wp-json\/wp\/v2\/product_tag?post=2048"}],"curies":[{"name":"wp","href":"https:\/\/api.w.org\/{rel}","templated":true}]}}