{"id":2050,"date":"2017-11-22T09:46:15","date_gmt":"2017-11-22T09:46:15","guid":{"rendered":"https:\/\/jauteco.com\/?post_type=product&#038;p=2050"},"modified":"2026-02-09T09:28:21","modified_gmt":"2026-02-09T09:28:21","slug":"tablilla-no-perros-sueltos-espana-50x33","status":"publish","type":"product","link":"https:\/\/jauteco.com\/pt\/tienda\/tablilla-no-perros-sueltos-espana-50x33\/","title":{"rendered":"Tablet No Loose Dogs (Espanha) 50 \u00d7 33"},"content":{"rendered":"<h3>Tablilla No Perros Sueltos<\/h3>\n<p><strong>Tablilla No Perros Sueltos<\/strong> utilizado para o aviso em Espanha com as medidas 50 \u00d7 33.<\/p>\n<p>La tablilla est\u00e1 marcada para que sea <strong>usado na Espanha,<\/strong> a excepci\u00f3n de las Comunidades Aut\u00f3nomas con una tablilla propia que utilizar\u00e1n la indicada en su <a href=\"https:\/\/jauteco.com\/pt\/senalizacion-cotos-caza\/\">normativo<\/a>.<\/p>\n<p>O tablet tem alguns <strong>medidas 50 \u00d7 33<\/strong>, por isso \u00e9 agrupado dentro dos<strong> primeira ordem<\/strong>. Esta tablilla deber\u00e1 colocarse, as\u00ed <strong>aviso de perigo<\/strong> \u00e0s pessoas.<\/p>\n<h3>Altamente refor\u00e7ado<\/h3>\n<p>Este tablet \u00e9 feito com um<strong> Chapa de a\u00e7o galvanizada altamente refor\u00e7ada<\/strong>. Este material permite que voc\u00ea <strong>suportar condi\u00e7\u00f5es clim\u00e1ticas adversas<\/strong>bem como golpes de animais.<span style=\"font-size: 14.4px\">\u00a0<\/span><\/p>\n<p>\u00c9 <strong>recomendou a compra de<\/strong> <a href=\"https:\/\/jauteco.com\/pt\/tienda\/mastil-180-m-incluye-tornillos\/\">mastro<\/a>\u00a0junto com o tablet, porque com ele <strong>pode ser fixado no ch\u00e3o<\/strong>. O Tablet <strong>deve sinalizar em um local vis\u00edvel<\/strong> para advertir de que no se permiten los perros sueltos.<strong> Um mau posicionamento pode impedir que a pessoa seja avisada<\/strong>, adentr\u00e1ndose en la zona con perros sueltos y poniendo en riesgo la integridad de las personas.<\/p>\n<p>O<strong> As cores usadas por este Tablet s\u00e3o brancas, com as letras vermelhas.<\/strong> As cores usadas s\u00e3o comuns no tablet, para que o ser humano, ao v\u00ea-lo, saiba que \u00e9 um aviso importante.<\/p>","protected":false},"excerpt":{"rendered":"<p>Para grandes or\u00e7amentos, entre em contato conosco pelo 964 60 23 59 ou envie um e-mail para: info@jauteco.com.<\/p>","protected":false},"featured_media":2051,"comment_status":"closed","ping_status":"closed","template":"","meta":[],"product_brand":[],"product_cat":[75],"product_tag":[567,401],"class_list":{"0":"post-2050","1":"product","2":"type-product","3":"status-publish","4":"has-post-thumbnail","6":"product_cat-tablillas-caza","7":"product_tag-tablilla-de-caza","8":"product_tag-tablillas-caza-1-orden","9":"product_shipping_class-tablillas","11":"first","12":"instock","13":"taxable","14":"shipping-taxable","15":"purchasable","16":"product-type-simple"},"_links":{"self":[{"href":"https:\/\/jauteco.com\/pt\/wp-json\/wp\/v2\/product\/2050","targetHints":{"allow":["GET"]}}],"collection":[{"href":"https:\/\/jauteco.com\/pt\/wp-json\/wp\/v2\/product"}],"about":[{"href":"https:\/\/jauteco.com\/pt\/wp-json\/wp\/v2\/types\/product"}],"replies":[{"embeddable":true,"href":"https:\/\/jauteco.com\/pt\/wp-json\/wp\/v2\/comments?post=2050"}],"version-history":[{"count":0,"href":"https:\/\/jauteco.com\/pt\/wp-json\/wp\/v2\/product\/2050\/revisions"}],"wp:featuredmedia":[{"embeddable":true,"href":"https:\/\/jauteco.com\/pt\/wp-json\/wp\/v2\/media\/2051"}],"wp:attachment":[{"href":"https:\/\/jauteco.com\/pt\/wp-json\/wp\/v2\/media?parent=2050"}],"wp:term":[{"taxonomy":"product_brand","embeddable":true,"href":"https:\/\/jauteco.com\/pt\/wp-json\/wp\/v2\/product_brand?post=2050"},{"taxonomy":"product_cat","embeddable":true,"href":"https:\/\/jauteco.com\/pt\/wp-json\/wp\/v2\/product_cat?post=2050"},{"taxonomy":"product_tag","embeddable":true,"href":"https:\/\/jauteco.com\/pt\/wp-json\/wp\/v2\/product_tag?post=2050"}],"curies":[{"name":"wp","href":"https:\/\/api.w.org\/{rel}","templated":true}]}}