{"id":2066,"date":"2017-11-24T12:21:01","date_gmt":"2017-11-24T12:21:01","guid":{"rendered":"https:\/\/jauteco.com\/?post_type=product&#038;p=2066"},"modified":"2026-01-07T11:23:57","modified_gmt":"2026-01-07T11:23:57","slug":"bebedero-para-ganado","status":"publish","type":"product","link":"https:\/\/jauteco.com\/pt\/tienda\/bebedero-para-ganado\/","title":{"rendered":"Bebedor de Gado (Vacas)"},"content":{"rendered":"<h2>Bebedero para Ganado (Vacas) AGOTADOS<\/h2>\n<p>Bebedouro para gado indicado para fornecer vacas ou animais semelhantes. As suas caracter\u00edsticas permitem a sua utiliza\u00e7\u00e3o tanto no campo como no curral.<\/p>\n<p>O bebedouro \u00e9 feito de concreto, sendo muito resistente e robusto que evita que animais o derrubem. Seu peso total ultrapassa 400 kg, tornando-o altamente pesado.<\/p>\n<p>O produto inclui uma b\u00f3ia, com a qual fornecer\u00e1 l\u00edquido ao bebedor. O animal pode ser abastecido indo at\u00e9 o cocho, atendendo assim suas necessidades.<\/p>\n<p>A capacidade do cocho \u00e9 de 250 litros, permitindo que v\u00e1rios animais bebam simultaneamente.<\/p>\n<p>Cada bebedero puede conectarse con otro al colocarse en bater\u00eda. El dise\u00f1o del producto permite que pueda sacar el m\u00e1ximo aprovechamiento del agua.<\/p>\n<p>Inclui p\u00e9s que permitem que o bebedouro fique elevado a 9 cm do solo, evitando que tamb\u00e9m sejam fornecidos animais indesejados.<\/p>\n<p>A b\u00f3ia que cont\u00e9m permite regular o l\u00edquido, n\u00e3o permitindo a passagem quando este estiver cheio. Desta forma, facilitar\u00e1 o trabalho do ser humano poder abastecer as vacas.<\/p>\n<p>Caracter\u00edsticas do bebedouro para gado:<\/p>\n<p><strong>Medidas:<\/strong><br \/>\nLargura 60 cm.<br \/>\nComprimento 202 cm.<br \/>\nAltura 46 cm.<\/p>\n<p><strong>\u00c9 completado com dois p\u00e9s de concreto medindo 9 cm de altura para elevar o sprue do solo.<\/strong><br \/>\nPeso do bebedor completo: 420 kg.<br \/>\nPeixe bebedor: 350 kg.<br \/>\nPesos p\u00e9s: 70 kg.<\/p>\n<p>&nbsp;<\/p>\n<ul>\n<li>Se paletizan 2 uds. por palet<\/li>\n<\/ul>\n<p>&nbsp;<\/p>","protected":false},"excerpt":{"rendered":"<p>Bebedouro para gado, para fornecer l\u00edquido a vacas ou animais semelhantes.<\/p>\n<p>2uds. por palet<\/p>\n<h3><i>Entre em contato conosco indicando seu local de destino e informaremos sobre os custos de envio (a compra on-line deste produto n\u00e3o est\u00e1 dispon\u00edvel devido ao seu alto peso)<\/i><\/h3>","protected":false},"featured_media":7276,"comment_status":"closed","ping_status":"closed","template":"","meta":[],"product_brand":[],"product_cat":[2685,10],"product_tag":[2106,784,2105],"class_list":{"0":"post-2066","1":"product","2":"type-product","3":"status-publish","4":"has-post-thumbnail","6":"product_cat-bebederos-hormigon","7":"product_cat-bebederos","8":"product_tag-bebedero-ganado","9":"product_tag-bebedero-hormigon","10":"product_tag-bebedero-vacas","11":"product_shipping_class-jaulas","13":"first","14":"instock","15":"taxable","16":"shipping-taxable","17":"product-type-simple"},"_links":{"self":[{"href":"https:\/\/jauteco.com\/pt\/wp-json\/wp\/v2\/product\/2066","targetHints":{"allow":["GET"]}}],"collection":[{"href":"https:\/\/jauteco.com\/pt\/wp-json\/wp\/v2\/product"}],"about":[{"href":"https:\/\/jauteco.com\/pt\/wp-json\/wp\/v2\/types\/product"}],"replies":[{"embeddable":true,"href":"https:\/\/jauteco.com\/pt\/wp-json\/wp\/v2\/comments?post=2066"}],"version-history":[{"count":0,"href":"https:\/\/jauteco.com\/pt\/wp-json\/wp\/v2\/product\/2066\/revisions"}],"wp:featuredmedia":[{"embeddable":true,"href":"https:\/\/jauteco.com\/pt\/wp-json\/wp\/v2\/media\/7276"}],"wp:attachment":[{"href":"https:\/\/jauteco.com\/pt\/wp-json\/wp\/v2\/media?parent=2066"}],"wp:term":[{"taxonomy":"product_brand","embeddable":true,"href":"https:\/\/jauteco.com\/pt\/wp-json\/wp\/v2\/product_brand?post=2066"},{"taxonomy":"product_cat","embeddable":true,"href":"https:\/\/jauteco.com\/pt\/wp-json\/wp\/v2\/product_cat?post=2066"},{"taxonomy":"product_tag","embeddable":true,"href":"https:\/\/jauteco.com\/pt\/wp-json\/wp\/v2\/product_tag?post=2066"}],"curies":[{"name":"wp","href":"https:\/\/api.w.org\/{rel}","templated":true}]}}