{"id":2074,"date":"2017-11-27T11:33:37","date_gmt":"2017-11-27T11:33:37","guid":{"rendered":"https:\/\/jauteco.com\/?post_type=product&#038;p=2074"},"modified":"2026-01-07T11:22:24","modified_gmt":"2026-01-07T11:22:24","slug":"bebedero-coto-1-000-litros","status":"publish","type":"product","link":"https:\/\/jauteco.com\/pt\/tienda\/bebedero-coto-1-000-litros\/","title":{"rendered":"Bebedouro Coto 700 litros"},"content":{"rendered":"<h3>Bebedero coto 700 litros<\/h3>\n<p>El bebedero coto 700 litros est\u00e1 indicado para cotos de Caza Mayor y Menor, as\u00ed como Parques Naturales.\u00a0 Adem\u00e1s puede ser colocado tambi\u00e9n en puntos estrat\u00e9gicos, para ayudar a la prevenci\u00f3n y extinci\u00f3n de incendios, donde una r\u00e1pida actuaci\u00f3n es la clave para evitar un gran incendio.<\/p>\n<p><strong>El producto tiene una capacidad de 700 litros.<\/strong><\/p>\n<p>Este bebedero es r\u00edgido y robusto, al ser fabricado de hormig\u00f3n.<\/p>\n<p>Es compacto, de una sola pieza, cuenta con una tapa y una contratapa donde se accede al interior para facilitar su limpieza, adem\u00e1s cuenta con un tap\u00f3n de rosca que facilita su llenado.<\/p>\n<p>Va provisto de dos anclajes opuestos para su manipulaci\u00f3n.<\/p>\n<p>Uso m\u00e1ximo de \u00e1gua.<\/p>\n<p>**Por sus caracter\u00edsticas, la compra del bebedero deber\u00e1 hacerse mediante contacto telef\u00f3nico.<\/p>\n<p><strong>Caracter\u00edsticas bebedero coto 700 litros<\/strong><\/p>\n<p>&#8211; Fabricado con hormig\u00f3n armado e hidr\u00f3fugo.<br \/>\n&#8211; Su capacidad es de 700 litros.<br \/>\n&#8211; Cuenta con una boya de gran caudal.<br \/>\n&#8211; La Pendiente del bebedero facilita el acceso a las Aves.<br \/>\n&#8211; Peso 1.320 Kgs.<\/p>\n<p><strong>&#8211; Medidas: 190cm. largo x 110 cm. ancho x 80cm. alto<\/strong><\/p>","protected":false},"excerpt":{"rendered":"<p>Bebedero para cotos de 700 litros de capacidad.<\/p>\n<h3><i>Entre em contato conosco indicando seu local de destino e informaremos sobre os custos de envio (a compra on-line deste produto n\u00e3o est\u00e1 dispon\u00edvel devido ao seu alto peso)<\/i><\/h3>","protected":false},"featured_media":3757,"comment_status":"closed","ping_status":"closed","template":"","meta":[],"product_brand":[],"product_cat":[2685,10],"product_tag":[784,769],"class_list":{"0":"post-2074","1":"product","2":"type-product","3":"status-publish","4":"has-post-thumbnail","6":"product_cat-bebederos-hormigon","7":"product_cat-bebederos","8":"product_tag-bebedero-hormigon","9":"product_tag-bebederos","10":"product_shipping_class-jaulas","12":"first","13":"instock","14":"taxable","15":"shipping-taxable","16":"product-type-simple"},"_links":{"self":[{"href":"https:\/\/jauteco.com\/pt\/wp-json\/wp\/v2\/product\/2074","targetHints":{"allow":["GET"]}}],"collection":[{"href":"https:\/\/jauteco.com\/pt\/wp-json\/wp\/v2\/product"}],"about":[{"href":"https:\/\/jauteco.com\/pt\/wp-json\/wp\/v2\/types\/product"}],"replies":[{"embeddable":true,"href":"https:\/\/jauteco.com\/pt\/wp-json\/wp\/v2\/comments?post=2074"}],"version-history":[{"count":0,"href":"https:\/\/jauteco.com\/pt\/wp-json\/wp\/v2\/product\/2074\/revisions"}],"wp:featuredmedia":[{"embeddable":true,"href":"https:\/\/jauteco.com\/pt\/wp-json\/wp\/v2\/media\/3757"}],"wp:attachment":[{"href":"https:\/\/jauteco.com\/pt\/wp-json\/wp\/v2\/media?parent=2074"}],"wp:term":[{"taxonomy":"product_brand","embeddable":true,"href":"https:\/\/jauteco.com\/pt\/wp-json\/wp\/v2\/product_brand?post=2074"},{"taxonomy":"product_cat","embeddable":true,"href":"https:\/\/jauteco.com\/pt\/wp-json\/wp\/v2\/product_cat?post=2074"},{"taxonomy":"product_tag","embeddable":true,"href":"https:\/\/jauteco.com\/pt\/wp-json\/wp\/v2\/product_tag?post=2074"}],"curies":[{"name":"wp","href":"https:\/\/api.w.org\/{rel}","templated":true}]}}