{"id":2082,"date":"2017-11-28T10:43:57","date_gmt":"2017-11-28T10:43:57","guid":{"rendered":"https:\/\/jauteco.com\/?post_type=product&#038;p=2082"},"modified":"2024-10-08T12:40:09","modified_gmt":"2024-10-08T12:40:09","slug":"bebedero-para-cerdos","status":"publish","type":"product","link":"https:\/\/jauteco.com\/pt\/tienda\/bebedero-para-cerdos\/","title":{"rendered":"Bebedor de carne de porco"},"content":{"rendered":"<h3>Bebedor de carne de porco<\/h3>\n<p>Bebedouro para porcos de concreto para fornecer l\u00edquido a porcos. Suas caracter\u00edsticas o tornam ideal para porcos ou animais semelhantes.<\/p>\n<p>O produto tem dimens\u00f5es reduzidas, sendo muito gerenci\u00e1vel. Seu tamanho pequeno permite que seja facilmente transportado, permitindo que o ser humano o modifique de um lugar para outro, se necess\u00e1rio.<\/p>\n<p>Feito de concreto, o bebedor \u00e9 robusto e altamente resistente. Os materiais com os quais s\u00e3o feitos impedir\u00e3o que sejam danificados pelos animais.<\/p>\n<p>A forma do bebedor \u00e9 cubo, com uma abertura inclinada que permite ao animal inserir a cabe\u00e7a e, assim, beber.<\/p>\n<p>Possui uma \u00bd manga e uma \u00bd chupeta de lat\u00e3o e a\u00e7o inoxid\u00e1vel. Esses acess\u00f3rios facilitam a passagem da \u00e1gua para a calha, permitindo o fornecimento dos animais.<\/p>\n<p>No momento da aquisi\u00e7\u00e3o do produto, escolha se deseja com um bon\u00e9 ou sem bon\u00e9, para que o produto atenda \u00e0 demanda do comprador-<\/p>\n<p>O peso do bebedor \u00e9 de 8 kg, sendo alto para as dimens\u00f5es do produto. Esse peso \u00e9 devido ao concreto com o qual o produto \u00e9 fabricado.<\/p>\n<p>Caracter\u00edsticas do bebedouro para su\u00ednos<strong>:<\/strong><br \/>\nLargura 25 cm.<br \/>\nComprimento 25 cm.<br \/>\nAltura 25 cm.<br \/>\nPeso 8 Kg.<\/p>","protected":false},"excerpt":{"rendered":"<p>Bebedouro para porcos e porcos.<\/p>\n<h3><i>Entre em contato conosco indicando seu local de destino e informaremos sobre os custos de envio (a compra on-line deste produto n\u00e3o est\u00e1 dispon\u00edvel devido ao seu alto peso)<\/i><\/h3>","protected":false},"featured_media":2083,"comment_status":"closed","ping_status":"closed","template":"","meta":[],"product_brand":[],"product_cat":[2685,10],"product_tag":[2129,784],"class_list":{"0":"post-2082","1":"product","2":"type-product","3":"status-publish","4":"has-post-thumbnail","6":"product_cat-bebederos-hormigon","7":"product_cat-bebederos","8":"product_tag-bebedero-cerdos","9":"product_tag-bebedero-hormigon","11":"first","12":"instock","13":"taxable","14":"shipping-taxable","15":"product-type-simple"},"_links":{"self":[{"href":"https:\/\/jauteco.com\/pt\/wp-json\/wp\/v2\/product\/2082","targetHints":{"allow":["GET"]}}],"collection":[{"href":"https:\/\/jauteco.com\/pt\/wp-json\/wp\/v2\/product"}],"about":[{"href":"https:\/\/jauteco.com\/pt\/wp-json\/wp\/v2\/types\/product"}],"replies":[{"embeddable":true,"href":"https:\/\/jauteco.com\/pt\/wp-json\/wp\/v2\/comments?post=2082"}],"version-history":[{"count":0,"href":"https:\/\/jauteco.com\/pt\/wp-json\/wp\/v2\/product\/2082\/revisions"}],"wp:featuredmedia":[{"embeddable":true,"href":"https:\/\/jauteco.com\/pt\/wp-json\/wp\/v2\/media\/2083"}],"wp:attachment":[{"href":"https:\/\/jauteco.com\/pt\/wp-json\/wp\/v2\/media?parent=2082"}],"wp:term":[{"taxonomy":"product_brand","embeddable":true,"href":"https:\/\/jauteco.com\/pt\/wp-json\/wp\/v2\/product_brand?post=2082"},{"taxonomy":"product_cat","embeddable":true,"href":"https:\/\/jauteco.com\/pt\/wp-json\/wp\/v2\/product_cat?post=2082"},{"taxonomy":"product_tag","embeddable":true,"href":"https:\/\/jauteco.com\/pt\/wp-json\/wp\/v2\/product_tag?post=2082"}],"curies":[{"name":"wp","href":"https:\/\/api.w.org\/{rel}","templated":true}]}}