{"id":2087,"date":"2017-11-28T10:59:15","date_gmt":"2017-11-28T10:59:15","guid":{"rendered":"https:\/\/jauteco.com\/?post_type=product&#038;p=2087"},"modified":"2024-10-08T12:40:09","modified_gmt":"2024-10-08T12:40:09","slug":"bebedero-porcino-tubo","status":"publish","type":"product","link":"https:\/\/jauteco.com\/pt\/tienda\/bebedero-porcino-tubo\/","title":{"rendered":"Bebedor de carne de porco para tubo"},"content":{"rendered":"<h3>Bebedor de carne de porco para tubo<\/h3>\n<p>Bebedor de su\u00edno para tubo tem como fun\u00e7\u00e3o<strong> fornecer porcos e outros l\u00edquidos<\/strong>. Suas caracter\u00edsticas tornam<strong>doa\u00e7\u00e3o de animais porcos<\/strong> ou semelhante.<\/p>\n<p>O produto possui <strong>dimens\u00f5es reduzidas,<\/strong> sendo muito manej\u00e1vel. Seu tamanho pequeno<strong> permite que seja transportado<\/strong> com facilidade, permitindo que o humano mude sua localiza\u00e7\u00e3o, se necess\u00e1rio.<\/p>\n<p>Feito de concreto, o bebedor \u00e9 robusto e altamente resistente. Os materiais com os quais s\u00e3o feitos impedir\u00e3o que sejam danificados pelos animais.<\/p>\n<p><strong>A forma do bebedor \u00e9 cubo, com uma abertura<\/strong> em duas faces que permite ao animal introduzir a cabe\u00e7a e, assim, beber.<\/p>\n<p>Possui uma \u00bd manga e uma \u00bd chupeta de lat\u00e3o e a\u00e7o inoxid\u00e1vel. Esses acess\u00f3rios facilitam a passagem da \u00e1gua para a calha, permitindo o fornecimento dos animais.<\/p>\n<p>A calha do porco<strong> tem uma entrada de tubo para permitir a passagem de \u00e1gua<\/strong>, fornecendo l\u00edquido aos animais.<\/p>\n<p>Ele <strong>peso do bebedor \u00e9 8 kg<\/strong>, sendo alta para as dimens\u00f5es do produto. Esse peso \u00e9 devido ao concreto com o qual o produto \u00e9 fabricado.<\/p>\n<p><strong>Caracter\u00edsticas da calha para su\u00ednos<\/strong> para tubo<strong>:<\/strong><br \/>\nLargura 25 cm.<br \/>\nComprimento 25 cm.<br \/>\nAltura 25 cm.<br \/>\nPeso 8 Kg.<\/p>","protected":false},"excerpt":{"rendered":"<p>Bebedor de su\u00edno para tubo.<\/p>\n<h3><i>Entre em contato conosco indicando seu local de destino e informaremos sobre os custos de envio (a compra on-line deste produto n\u00e3o est\u00e1 dispon\u00edvel devido ao seu alto peso)<\/i><\/h3>","protected":false},"featured_media":2088,"comment_status":"closed","ping_status":"closed","template":"","meta":[],"product_brand":[],"product_cat":[2685,10],"product_tag":[2129,784],"class_list":{"0":"post-2087","1":"product","2":"type-product","3":"status-publish","4":"has-post-thumbnail","6":"product_cat-bebederos-hormigon","7":"product_cat-bebederos","8":"product_tag-bebedero-cerdos","9":"product_tag-bebedero-hormigon","10":"product_shipping_class-jaulas","12":"first","13":"instock","14":"taxable","15":"shipping-taxable","16":"product-type-simple"},"_links":{"self":[{"href":"https:\/\/jauteco.com\/pt\/wp-json\/wp\/v2\/product\/2087","targetHints":{"allow":["GET"]}}],"collection":[{"href":"https:\/\/jauteco.com\/pt\/wp-json\/wp\/v2\/product"}],"about":[{"href":"https:\/\/jauteco.com\/pt\/wp-json\/wp\/v2\/types\/product"}],"replies":[{"embeddable":true,"href":"https:\/\/jauteco.com\/pt\/wp-json\/wp\/v2\/comments?post=2087"}],"version-history":[{"count":0,"href":"https:\/\/jauteco.com\/pt\/wp-json\/wp\/v2\/product\/2087\/revisions"}],"wp:featuredmedia":[{"embeddable":true,"href":"https:\/\/jauteco.com\/pt\/wp-json\/wp\/v2\/media\/2088"}],"wp:attachment":[{"href":"https:\/\/jauteco.com\/pt\/wp-json\/wp\/v2\/media?parent=2087"}],"wp:term":[{"taxonomy":"product_brand","embeddable":true,"href":"https:\/\/jauteco.com\/pt\/wp-json\/wp\/v2\/product_brand?post=2087"},{"taxonomy":"product_cat","embeddable":true,"href":"https:\/\/jauteco.com\/pt\/wp-json\/wp\/v2\/product_cat?post=2087"},{"taxonomy":"product_tag","embeddable":true,"href":"https:\/\/jauteco.com\/pt\/wp-json\/wp\/v2\/product_tag?post=2087"}],"curies":[{"name":"wp","href":"https:\/\/api.w.org\/{rel}","templated":true}]}}