{"id":2095,"date":"2017-11-29T12:30:55","date_gmt":"2017-11-29T12:30:55","guid":{"rendered":"https:\/\/jauteco.com\/?post_type=product&#038;p=2095"},"modified":"2026-01-22T08:55:21","modified_gmt":"2026-01-22T08:55:21","slug":"bebedero-caballos-terneros","status":"publish","type":"product","link":"https:\/\/jauteco.com\/pt\/tienda\/bebedero-caballos-terneros\/","title":{"rendered":"Bebedor para Cavalos e Bezerros"},"content":{"rendered":"<h2>Bebedor para Cavalos e Bezerros<\/h2>\n<p><strong>Bebedouro para cavalos e bezerros<\/strong> indicado para fornecer esses animais ou similares. Suas caracter\u00edsticas permitem que seja utilizado tanto no campo quanto no curral.<\/p>\n<p>O bebedouro \u00e9 <strong>feito de concreto<\/strong>sendo muito <strong>robusto e robusto<\/strong> que impedir\u00e1 os animais de derrub\u00e1-lo. Seu peso total \u00e9 de 82 kg simples e 101 kg duplo.<\/p>\n<p>O produto inclui um <strong>boia de montagem \u00bd<\/strong>, Com o que <strong>fornecer\u00e1 l\u00edquido ao bebedor<\/strong>. O animal <strong>ser\u00e1 capaz de estocar<\/strong> indo ao bebedouro, cobrindo assim suas necessidades.<\/p>\n<p>O bebedor<strong>ou tem uma sa\u00edda de \u00e1gua de 16 litros, duas sa\u00eddas sendo duplas<\/strong> permitindo assim que v\u00e1rios animais bebam dele simultaneamente.<\/p>\n<p>Design de produto <strong>permite tirar o m\u00e1ximo proveito da \u00e1gua.<\/strong><\/p>\n<p>O bebedor mant\u00e9m um <strong>n\u00edvel constante<\/strong> simples, para que os animais possam obter o l\u00edquido de que necessitam.<\/p>\n<p>O<strong> boia de montagem \u00bd<\/strong> que cont\u00e9m<strong> permite regular o l\u00edquido<\/strong>, n\u00e3o permitindo a passagem quando estiver cheia. Dessa maneira, facilitar\u00e1 o trabalho humano para suprir as vacas.<\/p>\n<p><strong>Caracteristicas<\/strong> bebedouro para cavalos e bezerros:<\/p>\n<p><strong>Medi\u00e7\u00f5es simples do bebedor:<\/strong><br \/>\nLargura 35 cm.<br \/>\nComprimento 70 cm.<br \/>\nAltura 26 cm.<br \/>\nPeso 82 Kg.<\/p>\n<p><strong>Medidas de bebedor duplo:<\/strong><br \/>\nLargura 35 cm.<br \/>\nComprimento 84 cm.<br \/>\nAltura 26 cm.<br \/>\nPeso: 101 Kg.<\/p>\n<p>&nbsp;<\/p>","protected":false},"excerpt":{"rendered":"<p>Bebedouro para bezerros e cavalos.<\/p>\n<h3><strong><i>Entre em contato conosco indicando seu local de destino e informaremos sobre os custos de envio (a compra on-line deste produto n\u00e3o est\u00e1 dispon\u00edvel devido ao seu alto peso)<\/i><\/strong><\/h3>","protected":false},"featured_media":2096,"comment_status":"closed","ping_status":"closed","template":"","meta":[],"product_brand":[],"product_cat":[2685,10],"product_tag":[2158,784,2157],"class_list":{"0":"post-2095","1":"product","2":"type-product","3":"status-publish","4":"has-post-thumbnail","6":"product_cat-bebederos-hormigon","7":"product_cat-bebederos","8":"product_tag-bebedero-caballos","9":"product_tag-bebedero-hormigon","10":"product_tag-bebedero-terneros","11":"product_shipping_class-jaulas","13":"first","14":"instock","15":"taxable","16":"shipping-taxable","17":"product-type-variable"},"_links":{"self":[{"href":"https:\/\/jauteco.com\/pt\/wp-json\/wp\/v2\/product\/2095","targetHints":{"allow":["GET"]}}],"collection":[{"href":"https:\/\/jauteco.com\/pt\/wp-json\/wp\/v2\/product"}],"about":[{"href":"https:\/\/jauteco.com\/pt\/wp-json\/wp\/v2\/types\/product"}],"replies":[{"embeddable":true,"href":"https:\/\/jauteco.com\/pt\/wp-json\/wp\/v2\/comments?post=2095"}],"version-history":[{"count":0,"href":"https:\/\/jauteco.com\/pt\/wp-json\/wp\/v2\/product\/2095\/revisions"}],"wp:featuredmedia":[{"embeddable":true,"href":"https:\/\/jauteco.com\/pt\/wp-json\/wp\/v2\/media\/2096"}],"wp:attachment":[{"href":"https:\/\/jauteco.com\/pt\/wp-json\/wp\/v2\/media?parent=2095"}],"wp:term":[{"taxonomy":"product_brand","embeddable":true,"href":"https:\/\/jauteco.com\/pt\/wp-json\/wp\/v2\/product_brand?post=2095"},{"taxonomy":"product_cat","embeddable":true,"href":"https:\/\/jauteco.com\/pt\/wp-json\/wp\/v2\/product_cat?post=2095"},{"taxonomy":"product_tag","embeddable":true,"href":"https:\/\/jauteco.com\/pt\/wp-json\/wp\/v2\/product_tag?post=2095"}],"curies":[{"name":"wp","href":"https:\/\/api.w.org\/{rel}","templated":true}]}}