{"id":2122,"date":"2017-12-11T11:14:49","date_gmt":"2017-12-11T11:14:49","guid":{"rendered":"https:\/\/jauteco.com\/?post_type=product&#038;p=2122"},"modified":"2025-03-05T12:30:26","modified_gmt":"2025-03-05T12:30:26","slug":"comedero-para-berras","status":"publish","type":"product","link":"https:\/\/jauteco.com\/pt\/tienda\/comedero-para-berras\/","title":{"rendered":"Tigela de \u00e1gua"},"content":{"rendered":"<h3>Tigela de \u00e1gua<\/h3>\n<p>Ele <strong>comedero para berras<\/strong> est\u00e1 indicada para suministrar alimento a los animales, altamente reforzada.<\/p>\n<p>Fabricada <strong>de hormig\u00f3n,<\/strong> el Comedero para Berras, est\u00e1 altamente reforzado. Sus caracter\u00edsticas impiden que pueda ser roto o reciba da\u00f1os por parte los animales.<\/p>\n<p>Cuenta con un agujero con<strong> casquillo de 1\/2 lat\u00f3n<\/strong>, para facilitar la entrada de comida al comedero. Este agujero permite que sea conectado a un bid\u00f3n o recipiente mediante un tubo, para suministrar el alimento.<\/p>\n<p>El producto tiene <strong>50 cm de largo<\/strong>, por lo que su reducida longitud le permite flexibilidad para ser colocado. Las caracter\u00edsticas del comedero permiten que sea utilizado tanto en <strong>espacio abiertos, como en espacios cerrados<\/strong>.<\/p>\n<p>El hormig\u00f3n con el que est\u00e1 fabricado lo hace<strong> pesado y robusto<\/strong>. El peso del producto es de 50 kg, siendo alto por sus dimensiones. El alto peso del producto, no permite que sea comprado en la tienda online, en caso de estar interesado ponerse en contacto con nosotros para los gastos de env\u00edo.<\/p>\n<p>O <strong>altura del producto es 39<\/strong> <strong>cent\u00edmetros<\/strong> en la parte trasera, <strong>as\u00ed como 21<\/strong> cent\u00edmetros de la parte delantera. Esta diferencia, causa una inclinaci\u00f3n que permite as\u00ed a los animales poder introducir la boca para alimentarse.<\/p>\n<p>O <strong>profundidad del producto es de 34 cent\u00edmetros,<\/strong> por lo que es recomendable para alimentar una especie.<\/p>\n<p><strong>Caracteristicas<\/strong> del Comedero para Berras:<\/p>\n<p style=\"font-weight: 400\">-Largado: 50 cm<\/p>\n<p style=\"font-weight: 400\">-Peso: 50 kg<\/p>\n<p style=\"font-weight: 400\">-Agujero con casquillo de 1\/2 lat\u00f3n<\/p>\n<p style=\"font-weight: 400\">-Altura de la parte trasera: 39 cm<\/p>\n<p>-Altura de la parte delantera: 21cm<\/p>\n<p style=\"font-weight: 400\">-Profundidad: 34 cm<\/p>","protected":false},"excerpt":{"rendered":"<p>Tigela de \u00e1gua<\/p>\n<h3><i>Entre em contato conosco indicando seu local de destino e informaremos sobre os custos de envio (a compra on-line deste produto n\u00e3o est\u00e1 dispon\u00edvel devido ao seu alto peso)<\/i><\/h3>","protected":false},"featured_media":2124,"comment_status":"closed","ping_status":"closed","template":"","meta":[],"product_brand":[],"product_cat":[9],"product_tag":[2219],"class_list":{"0":"post-2122","1":"product","2":"type-product","3":"status-publish","4":"has-post-thumbnail","6":"product_cat-comederos","7":"product_tag-comedero-hormigon","8":"product_shipping_class-jaulas","10":"first","11":"instock","12":"taxable","13":"shipping-taxable","14":"product-type-simple"},"_links":{"self":[{"href":"https:\/\/jauteco.com\/pt\/wp-json\/wp\/v2\/product\/2122","targetHints":{"allow":["GET"]}}],"collection":[{"href":"https:\/\/jauteco.com\/pt\/wp-json\/wp\/v2\/product"}],"about":[{"href":"https:\/\/jauteco.com\/pt\/wp-json\/wp\/v2\/types\/product"}],"replies":[{"embeddable":true,"href":"https:\/\/jauteco.com\/pt\/wp-json\/wp\/v2\/comments?post=2122"}],"version-history":[{"count":0,"href":"https:\/\/jauteco.com\/pt\/wp-json\/wp\/v2\/product\/2122\/revisions"}],"wp:featuredmedia":[{"embeddable":true,"href":"https:\/\/jauteco.com\/pt\/wp-json\/wp\/v2\/media\/2124"}],"wp:attachment":[{"href":"https:\/\/jauteco.com\/pt\/wp-json\/wp\/v2\/media?parent=2122"}],"wp:term":[{"taxonomy":"product_brand","embeddable":true,"href":"https:\/\/jauteco.com\/pt\/wp-json\/wp\/v2\/product_brand?post=2122"},{"taxonomy":"product_cat","embeddable":true,"href":"https:\/\/jauteco.com\/pt\/wp-json\/wp\/v2\/product_cat?post=2122"},{"taxonomy":"product_tag","embeddable":true,"href":"https:\/\/jauteco.com\/pt\/wp-json\/wp\/v2\/product_tag?post=2122"}],"curies":[{"name":"wp","href":"https:\/\/api.w.org\/{rel}","templated":true}]}}