{"id":2126,"date":"2017-12-13T10:23:51","date_gmt":"2017-12-13T10:23:51","guid":{"rendered":"https:\/\/jauteco.com\/?post_type=product&#038;p=2126"},"modified":"2024-10-08T12:40:09","modified_gmt":"2024-10-08T12:40:09","slug":"comedero-ala","status":"publish","type":"product","link":"https:\/\/jauteco.com\/pt\/tienda\/comedero-ala\/","title":{"rendered":"Asa do alimentador"},"content":{"rendered":"<h3>Asa do alimentador<\/h3>\n<p>Comedero Ala de 1 metro para abastecer a animales de forma efectiva. La longitud de este comedero permite a los animales alimentarse con naturalidad.<\/p>\n<p>Fabricado\u00a0<strong>de hormig\u00f3n,<\/strong>\u00a0el Comedero para Berras, est\u00e1 altamente reforzado. Sus caracter\u00edsticas impiden que pueda ser roto o reciba da\u00f1os por parte de los animales.<\/p>\n<p>El producto tiene <strong>100\u00a0cm de largo<\/strong>, por lo que su reducida longitud le permite flexibilidad para ser colocado. Las caracter\u00edsticas del comedero permiten que sea utilizado tanto en\u00a0<strong>espacio abiertos, como en espacios cerrados<\/strong>.<\/p>\n<p>Comedero Ala cuenta con dos modelos a elegir por el cliente. El de la alta con una altura trasera de 32 cm, mientras que el de la baja su altura trasera es de 22 cm, siendo la altura de la delantera de ambos de 19 cm.<\/p>\n<p>El hormig\u00f3n con el que est\u00e1 fabricado lo hace<strong>\u00a0pesado y robusto<\/strong>. El peso del producto es de 98 y 80 kg, siendo alto por sus dimensiones. El alto peso del producto, no permite que sea comprado en la tienda online, en caso de estar interesado ponerse en contacto con nosotros para los gastos de env\u00edo.<\/p>\n<p>La anchura de ambos modelos es de 38 cent\u00edmetros.<\/p>\n<p>Caracter\u00edsticas del comedero ala:<\/p>\n<p>&nbsp;<\/p>\n<p style=\"font-weight: 400;\"><strong>Com ALA ALTA 1m<\/strong><\/p>\n<p style=\"font-weight: 400;\">Largo:100 CM<\/p>\n<p style=\"font-weight: 400;\">Ancho: 38 CM<\/p>\n<p style=\"font-weight: 400;\">Altura trasera: 32 CM<\/p>\n<p style=\"font-weight: 400;\">Altura delantera: 19 CM<\/p>\n<p style=\"font-weight: 400;\">Peso: 98 KG<\/p>\n<p style=\"font-weight: 400;\"><strong>Com ALA BAJA 1m<\/strong>.<\/p>\n<p style=\"font-weight: 400;\">Largo: 100 CM.<\/p>\n<p style=\"font-weight: 400;\">Ancho:\u00a0 38 CM.<\/p>\n<p style=\"font-weight: 400;\">Altura Trasera: 22 CM.<\/p>\n<p style=\"font-weight: 400;\">Altura Delantera: 19 CM.<\/p>\n<p>Peso: 81 KG<\/p>","protected":false},"excerpt":{"rendered":"<p>Comedero Ala de 1 metro, con modelo Ala Alta y Ala Baja seg\u00fan preferencia del cliente.<\/p>\n<h3><strong><i>Entre em contato conosco indicando seu local de destino e informaremos sobre os custos de envio (a compra on-line deste produto n\u00e3o est\u00e1 dispon\u00edvel devido ao seu alto peso)<\/i><\/strong><\/h3>","protected":false},"featured_media":2127,"comment_status":"closed","ping_status":"closed","template":"","meta":[],"product_brand":[],"product_cat":[9],"product_tag":[2219],"class_list":{"0":"post-2126","1":"product","2":"type-product","3":"status-publish","4":"has-post-thumbnail","6":"product_cat-comederos","7":"product_tag-comedero-hormigon","9":"first","10":"instock","11":"taxable","12":"shipping-taxable","13":"product-type-simple"},"_links":{"self":[{"href":"https:\/\/jauteco.com\/pt\/wp-json\/wp\/v2\/product\/2126","targetHints":{"allow":["GET"]}}],"collection":[{"href":"https:\/\/jauteco.com\/pt\/wp-json\/wp\/v2\/product"}],"about":[{"href":"https:\/\/jauteco.com\/pt\/wp-json\/wp\/v2\/types\/product"}],"replies":[{"embeddable":true,"href":"https:\/\/jauteco.com\/pt\/wp-json\/wp\/v2\/comments?post=2126"}],"version-history":[{"count":0,"href":"https:\/\/jauteco.com\/pt\/wp-json\/wp\/v2\/product\/2126\/revisions"}],"wp:featuredmedia":[{"embeddable":true,"href":"https:\/\/jauteco.com\/pt\/wp-json\/wp\/v2\/media\/2127"}],"wp:attachment":[{"href":"https:\/\/jauteco.com\/pt\/wp-json\/wp\/v2\/media?parent=2126"}],"wp:term":[{"taxonomy":"product_brand","embeddable":true,"href":"https:\/\/jauteco.com\/pt\/wp-json\/wp\/v2\/product_brand?post=2126"},{"taxonomy":"product_cat","embeddable":true,"href":"https:\/\/jauteco.com\/pt\/wp-json\/wp\/v2\/product_cat?post=2126"},{"taxonomy":"product_tag","embeddable":true,"href":"https:\/\/jauteco.com\/pt\/wp-json\/wp\/v2\/product_tag?post=2126"}],"curies":[{"name":"wp","href":"https:\/\/api.w.org\/{rel}","templated":true}]}}