{"id":2161,"date":"2017-12-19T09:43:26","date_gmt":"2017-12-19T09:43:26","guid":{"rendered":"https:\/\/jauteco.com\/?post_type=product&#038;p=2161"},"modified":"2026-01-07T11:22:45","modified_gmt":"2026-01-07T11:22:45","slug":"comedero-bebedero-hormigon","status":"publish","type":"product","link":"https:\/\/jauteco.com\/pt\/tienda\/comedero-bebedero-hormigon\/","title":{"rendered":"Alimentador de concreto"},"content":{"rendered":"<h3>Alimentador de concreto<\/h3>\n<p>Bebedouro em concreto\u00a0<strong>para reservas de ca\u00e7a Big Size<\/strong>, fornecendo os animais.<\/p>\n<p>\u00c9 um bebedouro\u00a0<strong>duro e resistente, permitindo fornecer alimentos e \u00e1gua<\/strong>\u00a0para animais, desempenhando uma dupla fun\u00e7\u00e3o em um \u00fanico produto.<\/p>\n<p>Sua dureza e peso\u00a0<strong>proteger de<\/strong>\u00a0o estrangeiro, dificultando ser danificado ou transportado.<\/p>\n<p>Tem uma b\u00f3ia que faz a\u00a0<strong>agua<\/strong>\u00a0manter armazenado<strong>\u00a0limpo e fresco<\/strong>, assim como o gr\u00e3o \u00e9 fornecido de acordo com o consumo dos animais.<\/p>\n<p>O produto possui<strong> tr\u00eas departamentos diferentes<\/strong>. O menor \u00e9 para a b\u00f3ia, o maior para a \u00e1gua e o retangular para a alimenta\u00e7\u00e3o.<\/p>\n<p>A cobertura mede 60 \u00d7 70, sendo superior \u00e0 do produto para <strong>facilitar sua coloca\u00e7\u00e3o e uso.<\/strong>\u00a0O interior da tampa se encaixa perfeitamente nos departamentos de calha.<\/p>\n<p>Tamb\u00e9m<strong> coletar \u00e1gua da chuva<\/strong>, uma vez que possui um orif\u00edcio com uma tela de a\u00e7o inoxid\u00e1vel que filtra a \u00e1gua para o departamento de l\u00edquidos.<\/p>\n<p>A constru\u00e7\u00e3o \u00e9 compacta e imperme\u00e1vel, al\u00e9m de\u00a0<strong>N\u00e3o entra em conflito com o ambiente natural.<\/strong><\/p>\n<p>\u00c9 a melhor alternativa para<strong> pre\u00e7o, durabilidade e utilidade<\/strong> se bebedores e alimentador forem necess\u00e1rios.<\/p>\n<p><i>Entre em contato conosco indicando seu local de destino e informaremos sobre os custos de envio (a compra on-line deste produto n\u00e3o est\u00e1 dispon\u00edvel devido ao seu alto peso)<\/i><\/p>\n<p><strong>Caracteristicas<\/strong> do bebedouro de bet\u00e3o:<\/p>\n<p>Peso do bebedor: 154 Kg.<br \/>\nPeso do tamp\u00e3o: 35 quilogramas.<br \/>\nMedidas da capa: 60 x 70 cm.<br \/>\nCapacidade do tanque de \u00e1gua: 50 litros. Dimens\u00f5es do tanque: 50 x 60 cm. de largura<\/p>\n<ul>\n<li>4 uds. por palet<\/li>\n<\/ul>","protected":false},"excerpt":{"rendered":"<p>Bebedouro em concreto\u00a0<strong>para reservas de ca\u00e7a Big Size<\/strong>, fornecendo os animais.<\/p>\n<p>4 uds. por palet<\/p>\n<h3><strong><i>Entre em contato conosco indicando seu local de destino e informaremos sobre os custos de envio (a compra on-line deste produto n\u00e3o est\u00e1 dispon\u00edvel devido ao seu alto peso)<\/i><\/strong><\/h3>","protected":false},"featured_media":2162,"comment_status":"closed","ping_status":"closed","template":"","meta":[],"product_brand":[],"product_cat":[9,2685,10],"product_tag":[784,2219],"class_list":{"0":"post-2161","1":"product","2":"type-product","3":"status-publish","4":"has-post-thumbnail","6":"product_cat-comederos","7":"product_cat-bebederos-hormigon","8":"product_cat-bebederos","9":"product_tag-bebedero-hormigon","10":"product_tag-comedero-hormigon","11":"product_shipping_class-jaulas","13":"first","14":"instock","15":"taxable","16":"shipping-taxable","17":"product-type-simple"},"_links":{"self":[{"href":"https:\/\/jauteco.com\/pt\/wp-json\/wp\/v2\/product\/2161","targetHints":{"allow":["GET"]}}],"collection":[{"href":"https:\/\/jauteco.com\/pt\/wp-json\/wp\/v2\/product"}],"about":[{"href":"https:\/\/jauteco.com\/pt\/wp-json\/wp\/v2\/types\/product"}],"replies":[{"embeddable":true,"href":"https:\/\/jauteco.com\/pt\/wp-json\/wp\/v2\/comments?post=2161"}],"version-history":[{"count":0,"href":"https:\/\/jauteco.com\/pt\/wp-json\/wp\/v2\/product\/2161\/revisions"}],"wp:featuredmedia":[{"embeddable":true,"href":"https:\/\/jauteco.com\/pt\/wp-json\/wp\/v2\/media\/2162"}],"wp:attachment":[{"href":"https:\/\/jauteco.com\/pt\/wp-json\/wp\/v2\/media?parent=2161"}],"wp:term":[{"taxonomy":"product_brand","embeddable":true,"href":"https:\/\/jauteco.com\/pt\/wp-json\/wp\/v2\/product_brand?post=2161"},{"taxonomy":"product_cat","embeddable":true,"href":"https:\/\/jauteco.com\/pt\/wp-json\/wp\/v2\/product_cat?post=2161"},{"taxonomy":"product_tag","embeddable":true,"href":"https:\/\/jauteco.com\/pt\/wp-json\/wp\/v2\/product_tag?post=2161"}],"curies":[{"name":"wp","href":"https:\/\/api.w.org\/{rel}","templated":true}]}}