{"id":2167,"date":"2017-12-19T10:41:48","date_gmt":"2017-12-19T10:41:48","guid":{"rendered":"https:\/\/jauteco.com\/?post_type=product&#038;p=2167"},"modified":"2026-01-07T11:22:12","modified_gmt":"2026-01-07T11:22:12","slug":"bebedero-cotos-sin-boya","status":"publish","type":"product","link":"https:\/\/jauteco.com\/pt\/tienda\/bebedero-cotos-sin-boya\/","title":{"rendered":"Bebedouro para conservas sem b\u00f3ia (85 litros)"},"content":{"rendered":"<div data-elementor-type=\"product-post\" data-elementor-id=\"2167\" class=\"elementor elementor-2167\" data-elementor-post-type=\"product\">\n\t\t\t\t\t\t<section class=\"elementor-section elementor-top-section elementor-element elementor-element-25f9b110 elementor-section-boxed elementor-section-height-default elementor-section-height-default\" data-id=\"25f9b110\" data-element_type=\"section\">\n\t\t\t\t\t\t<div class=\"elementor-container elementor-column-gap-default\">\n\t\t\t\t\t<div class=\"elementor-column elementor-col-100 elementor-top-column elementor-element elementor-element-24908945\" data-id=\"24908945\" data-element_type=\"column\">\n\t\t\t<div class=\"elementor-widget-wrap elementor-element-populated\">\n\t\t\t\t\t\t<div class=\"elementor-element elementor-element-949792e elementor-widget elementor-widget-video\" data-id=\"949792e\" data-element_type=\"widget\" data-settings=\"{&quot;youtube_url&quot;:&quot;https:\\\/\\\/www.youtube.com\\\/watch?v=88a4jNKBIE8&quot;,&quot;video_type&quot;:&quot;youtube&quot;,&quot;controls&quot;:&quot;yes&quot;}\" data-widget_type=\"video.default\">\n\t\t\t\t<div class=\"elementor-widget-container\">\n\t\t\t\t\t<div class=\"elementor-wrapper elementor-open-inline\">\n\t\t\t<div class=\"elementor-video\"><\/div>\t\t<\/div>\n\t\t\t\t<\/div>\n\t\t\t\t<\/div>\n\t\t\t\t<div class=\"elementor-element elementor-element-1634669c elementor-widget elementor-widget-text-editor\" data-id=\"1634669c\" data-element_type=\"widget\" data-widget_type=\"text-editor.default\">\n\t\t\t\t<div class=\"elementor-widget-container\">\n\t\t\t\t\t\t\t<h3><strong style=\"letter-spacing: 0px;\">Bebedouro para conservas sem b\u00f3ia<\/strong><\/h3><p>Bebedouro para conservas sem b\u00f3ia <b>indicado para fornecer l\u00edquido aos animais\u00a0<\/b>do campo, com pouca manuten\u00e7\u00e3o.<\/p><p>\u00c9 um bebedouro\u00a0<strong>dura e resistente, baixa manuten\u00e7\u00e3o que coleta a \u00e1gua da chuva<\/strong>, garantindo os pontos de \u00e1gua essenciais.<\/p><p>Feito de concreto, sua dureza e peso\u00a0<strong>proteger de<\/strong>\u00a0as inevit\u00e1veis visitas de <b>parasitas ou animais indesejados<\/b><\/p><p>Ele\u00a0<strong>agua<\/strong>\u00a0armazenado \u00e9 mantido<strong>\u00a0limpo e fresco<\/strong>, desde que entra devido \u00e0s chuvas e permanece isolado dos animais at\u00e9 ser consumido.<\/p><p>A tampa tamb\u00e9m <strong>feito de concreto<\/strong>, cont\u00e9m uma pequena abertura nas bordas onde a \u00e1gua entrar\u00e1 na calha. Provocando que o produto tenha um <strong>baixa manuten\u00e7\u00e3o<\/strong>, e que pode ser preenchido sem ajuda humana.<\/p><p>A constru\u00e7\u00e3o \u00e9 compacta e imperme\u00e1vel, al\u00e9m de\u00a0<strong>N\u00e3o entra em conflito com o ambiente natural.<\/strong>\u00a0Seu design plano e compacto permite uma<br \/>instala\u00e7\u00e3o que se integra \u00e0 paisagem.<\/p><p>\u00c9 a melhor alternativa para <strong>pre\u00e7o, durabilidade, autonomia e baixa manuten\u00e7\u00e3o.<\/strong><\/p><p><strong><i>Entre em contato conosco indicando seu local de destino e informaremos sobre os custos de envio (a compra on-line deste produto n\u00e3o est\u00e1 dispon\u00edvel devido ao seu alto peso)<\/i><\/strong><\/p><p>Caracter\u00edsticas da calha de chuva de concreto:<\/p><ul><li>Feito de\u00a0<strong>concreto armado<\/strong>\u00a0e repelente de \u00e1gua.<\/li><li>Tampa coleta<strong>\u00a0\u00e1gua da chuva<\/strong><\/li><li><strong>Nenhuma b\u00f3ia necess\u00e1ria<\/strong>.<\/li><li>Uso m\u00e1ximo de \u00e1gua.<\/li><li>Capacidade de<strong>\u00a085 litros.<\/strong><\/li><\/ul><p>Peso do bebedor: 200 Kg.<br \/>Dimensiones del bebedero: 19 cm. alto x 80 cm. ancho\u00a0 x 1,150 cm. largo<\/p><ul><li>4 uds. por palet<\/li><\/ul>\t\t\t\t\t\t<\/div>\n\t\t\t\t<\/div>\n\t\t\t\t\t<\/div>\n\t\t<\/div>\n\t\t\t\t\t<\/div>\n\t\t<\/section>\n\t\t\t\t<\/div>","protected":false},"excerpt":{"rendered":"<p>Bebedouro para conservas sem b\u00f3ia <b>indicado para fornecer l\u00edquido aos animais\u00a0<\/b>do campo, com pouca manuten\u00e7\u00e3o.<\/p>\n<p>4uds. por palet<\/p>\n<h3><strong><i>Entre em contato conosco indicando seu local de destino e informaremos sobre os custos de envio (a compra on-line deste produto n\u00e3o est\u00e1 dispon\u00edvel devido ao seu alto peso)<\/i><\/strong><\/h3>","protected":false},"featured_media":5276,"comment_status":"closed","ping_status":"closed","template":"","meta":[],"product_brand":[],"product_cat":[2685,10],"product_tag":[784],"class_list":{"0":"post-2167","1":"product","2":"type-product","3":"status-publish","4":"has-post-thumbnail","6":"product_cat-bebederos-hormigon","7":"product_cat-bebederos","8":"product_tag-bebedero-hormigon","9":"product_shipping_class-jaulas","11":"first","12":"instock","13":"taxable","14":"shipping-taxable","15":"product-type-simple"},"_links":{"self":[{"href":"https:\/\/jauteco.com\/pt\/wp-json\/wp\/v2\/product\/2167","targetHints":{"allow":["GET"]}}],"collection":[{"href":"https:\/\/jauteco.com\/pt\/wp-json\/wp\/v2\/product"}],"about":[{"href":"https:\/\/jauteco.com\/pt\/wp-json\/wp\/v2\/types\/product"}],"replies":[{"embeddable":true,"href":"https:\/\/jauteco.com\/pt\/wp-json\/wp\/v2\/comments?post=2167"}],"version-history":[{"count":0,"href":"https:\/\/jauteco.com\/pt\/wp-json\/wp\/v2\/product\/2167\/revisions"}],"wp:featuredmedia":[{"embeddable":true,"href":"https:\/\/jauteco.com\/pt\/wp-json\/wp\/v2\/media\/5276"}],"wp:attachment":[{"href":"https:\/\/jauteco.com\/pt\/wp-json\/wp\/v2\/media?parent=2167"}],"wp:term":[{"taxonomy":"product_brand","embeddable":true,"href":"https:\/\/jauteco.com\/pt\/wp-json\/wp\/v2\/product_brand?post=2167"},{"taxonomy":"product_cat","embeddable":true,"href":"https:\/\/jauteco.com\/pt\/wp-json\/wp\/v2\/product_cat?post=2167"},{"taxonomy":"product_tag","embeddable":true,"href":"https:\/\/jauteco.com\/pt\/wp-json\/wp\/v2\/product_tag?post=2167"}],"curies":[{"name":"wp","href":"https:\/\/api.w.org\/{rel}","templated":true}]}}