{"id":2394,"date":"2018-03-28T16:32:36","date_gmt":"2018-03-28T16:32:36","guid":{"rendered":"https:\/\/jauteco.com\/?post_type=product&#038;p=2394"},"modified":"2025-03-04T12:10:48","modified_gmt":"2025-03-04T12:10:48","slug":"tripode-con-enganche","status":"publish","type":"product","link":"https:\/\/jauteco.com\/pt\/tienda\/tripode-con-enganche\/","title":{"rendered":"Trip\u00e9 com engate"},"content":{"rendered":"<p>Trip\u00e9 com gancho para <a href=\"https:\/\/jauteco.com\/pt\/tienda\/comedero-colgar-perdices-conejos\/\">alimentador pendurado.<\/a><\/p>\n<p>O trip\u00e9 \u00e9 recomendado se na \u00e1rea em que vamos instalar o alimentador n\u00e3o tivermos um local alto para instal\u00e1-lo.<\/p>\n<p><strong>N\u00e3o inclui alimentador.<\/strong><\/p>\n<p>&nbsp;<\/p>","protected":false},"excerpt":{"rendered":"<p>Trip\u00e9 com gancho para <a href=\"https:\/\/jauteco.com\/pt\/tienda\/comedero-colgar-perdices-conejos\/\">alimentador pendurado<\/a>, ideal para \u00e1reas sem \u00e1rvores para instalar em uma \u00e1rea alta.<\/p>\n<p>A compra deste produto<strong> N\u00c3O INCLUI A SALA DE ALIMENTA\u00c7\u00c3O<\/strong><\/p>","protected":false},"featured_media":2395,"comment_status":"closed","ping_status":"closed","template":"","meta":[],"product_brand":[],"product_cat":[9],"product_tag":[2689,2704],"class_list":{"0":"post-2394","1":"product","2":"type-product","3":"status-publish","4":"has-post-thumbnail","6":"product_cat-comederos","7":"product_tag-comedero-caza-menor","8":"product_tag-comederos-caza-menor","9":"product_shipping_class-jaulas","11":"first","12":"instock","13":"taxable","14":"shipping-taxable","15":"purchasable","16":"product-type-simple"},"_links":{"self":[{"href":"https:\/\/jauteco.com\/pt\/wp-json\/wp\/v2\/product\/2394","targetHints":{"allow":["GET"]}}],"collection":[{"href":"https:\/\/jauteco.com\/pt\/wp-json\/wp\/v2\/product"}],"about":[{"href":"https:\/\/jauteco.com\/pt\/wp-json\/wp\/v2\/types\/product"}],"replies":[{"embeddable":true,"href":"https:\/\/jauteco.com\/pt\/wp-json\/wp\/v2\/comments?post=2394"}],"version-history":[{"count":0,"href":"https:\/\/jauteco.com\/pt\/wp-json\/wp\/v2\/product\/2394\/revisions"}],"wp:featuredmedia":[{"embeddable":true,"href":"https:\/\/jauteco.com\/pt\/wp-json\/wp\/v2\/media\/2395"}],"wp:attachment":[{"href":"https:\/\/jauteco.com\/pt\/wp-json\/wp\/v2\/media?parent=2394"}],"wp:term":[{"taxonomy":"product_brand","embeddable":true,"href":"https:\/\/jauteco.com\/pt\/wp-json\/wp\/v2\/product_brand?post=2394"},{"taxonomy":"product_cat","embeddable":true,"href":"https:\/\/jauteco.com\/pt\/wp-json\/wp\/v2\/product_cat?post=2394"},{"taxonomy":"product_tag","embeddable":true,"href":"https:\/\/jauteco.com\/pt\/wp-json\/wp\/v2\/product_tag?post=2394"}],"curies":[{"name":"wp","href":"https:\/\/api.w.org\/{rel}","templated":true}]}}