{"id":2426,"date":"2018-04-17T17:07:27","date_gmt":"2018-04-17T17:07:27","guid":{"rendered":"https:\/\/jauteco.com\/?post_type=product&#038;p=2426"},"modified":"2024-10-08T12:40:09","modified_gmt":"2024-10-08T12:40:09","slug":"pastores-electricos-paquete-jabali","status":"publish","type":"product","link":"https:\/\/jauteco.com\/pt\/tienda\/pastores-electricos-paquete-jabali\/","title":{"rendered":"Pastores el\u00e9tricos: pacote de javali"},"content":{"rendered":"<h3>Pacote de javali<\/h3>\n<p>Ele <strong>pacote de javali<\/strong> de pastores el\u00e9tricos possui os elementos necess\u00e1rios para impedir que esses animais acessem o interior da cerca.<\/p>\n<p>Para a prote\u00e7\u00e3o do javali, recomenda-se <strong>coloque 4 cabos de a\u00e7o a cada 20 cent\u00edmetros<\/strong>. \u00c9<strong> recomendado seguir as instru\u00e7\u00f5es<\/strong> indicado no gr\u00e1fico abaixo, para que a instala\u00e7\u00e3o seja correta e eficaz.<\/p>\n<p><a href=\"https:\/\/jauteco.com\/wp-content\/uploads\/2018\/04\/alturasdelacerca.jpg\"><img decoding=\"async\" class=\"alignnone size-full wp-image-2427\" src=\"https:\/\/jauteco.com\/wp-content\/uploads\/2018\/04\/alturasdelacerca.jpg\" alt=\"\" width=\"237\" height=\"173\" srcset=\"https:\/\/jauteco.com\/wp-content\/uploads\/2018\/04\/alturasdelacerca.jpg 237w, https:\/\/jauteco.com\/wp-content\/uploads\/2018\/04\/alturasdelacerca-150x109.jpg 150w\" sizes=\"(max-width: 237px) 100vw, 237px\" \/><\/a><\/p>\n<p>Ele <strong>energizador voc\u00ea tem<\/strong> este pacote \u00e9 o<strong> <a href=\"https:\/\/jauteco.com\/pt\/tienda\/clovert-b50-solar-25w\/\">Clovert B50 Solar<\/a>, poderoso e aut\u00f4nomo<\/strong>. Usando energia solar, ele fornecer\u00e1 cercas com energia el\u00e9trica<strong> impedindo a entrada de animais selvagens<\/strong> como javalis ou raposas por seu poder.<\/p>\n<p>O uso de <a href=\"https:\/\/jauteco.com\/pt\/tienda\/tomas-de-tierra\/\">aterramento<\/a>\u00a0\u00e9 necess\u00e1rio para o <strong>retorno de rede,<\/strong> permitindo a opera\u00e7\u00e3o da cerca el\u00e9trica. O pacote <strong>tem tr\u00eas tiros<\/strong>necess\u00e1rio para a opera\u00e7\u00e3o da cerca, esses <strong>deve ser colocado um metro um do outro<\/strong>. Eles s\u00e3o independentes e devem ser colocados a mais de 10 metros de qualquer terreno de um edif\u00edcio.<\/p>\n<p>Ele <a href=\"https:\/\/jauteco.com\/pt\/tienda\/cable-de-acero\/\">cabo de a\u00e7o<\/a> permite que o<strong> prote\u00e7\u00e3o de esgrima,<\/strong> impedindo a passagem de animais selvagens, como javalis. No pacote<strong> inclui 500 metros de cabo<\/strong>, o que permite <strong>0,17 ohms por metro.<\/strong><\/p>\n<p>Embora <strong>n\u00e3o inclu\u00eddo no pacote<\/strong>\u00e9<strong>\u00a0necess\u00e1rio<\/strong>\u00a0o uso de <a href=\"https:\/\/jauteco.com\/pt\/productos\/pastores-electricos\/aisladores\/\">isoladores\u00a0<\/a>\u00a0para o<strong> roteamento de cabos<\/strong>. <strong>Escolha l<\/strong>isoladores necess\u00e1rios<strong> de acordo com os posts utilizados,<\/strong> e as caracter\u00edsticas da cerca.<\/p>\n<p>O<strong> o uso de controladores permite medir volts<\/strong> e o n\u00edvel de pot\u00eancia da cerca, <strong>controlando assim as perdas<\/strong>. Ele <a href=\"https:\/\/jauteco.com\/pt\/tienda\/digivolt\/\">Digivolt<\/a>, que tem <strong>tr\u00eas n\u00edveis de controle,<\/strong> n\u00e3o inclu\u00eddo no pacote, mas \u00e9 <strong>recomendado para medi\u00e7\u00e3o de tens\u00e3o.<\/strong><\/p>","protected":false},"excerpt":{"rendered":"<p>Pacote de Javali Inclui Energizador\u00a0<strong><a href=\"https:\/\/jauteco.com\/pt\/tienda\/clovert-b50-solar-25w\/\">Clovert B50 Solar<\/a>, <\/strong>tres<strong>\u00a0<a href=\"https:\/\/jauteco.com\/pt\/tienda\/tomas-de-tierra\/\">aterramento<\/a>\u00a0<\/strong>de um metro e o <a href=\"https:\/\/jauteco.com\/pt\/tienda\/cable-de-acero\/\">cabo de a\u00e7o<\/a> 500 metros.<\/p>\n<p>A compra de <a href=\"https:\/\/jauteco.com\/pt\/productos\/pastores-electricos\/aisladores\/\">isoladores<\/a>, tendo em conta as caracter\u00edsticas do cargo e os <a href=\"https:\/\/jauteco.com\/pt\/tienda\/digivolt\/\">Controlador Digivolt<\/a>. Ambos n\u00e3o est\u00e3o inclu\u00eddos no pacote.<\/p>","protected":false},"featured_media":7437,"comment_status":"closed","ping_status":"closed","template":"","meta":[],"product_brand":[],"product_cat":[635],"product_tag":[762,1478],"class_list":{"0":"post-2426","1":"product","2":"type-product","3":"status-publish","4":"has-post-thumbnail","6":"product_cat-pastores-electricos","7":"product_tag-jabali","8":"product_tag-pastores-electricos","9":"product_shipping_class-jaulas","11":"first","12":"outofstock","13":"taxable","14":"shipping-taxable","15":"purchasable","16":"product-type-simple"},"_links":{"self":[{"href":"https:\/\/jauteco.com\/pt\/wp-json\/wp\/v2\/product\/2426","targetHints":{"allow":["GET"]}}],"collection":[{"href":"https:\/\/jauteco.com\/pt\/wp-json\/wp\/v2\/product"}],"about":[{"href":"https:\/\/jauteco.com\/pt\/wp-json\/wp\/v2\/types\/product"}],"replies":[{"embeddable":true,"href":"https:\/\/jauteco.com\/pt\/wp-json\/wp\/v2\/comments?post=2426"}],"version-history":[{"count":0,"href":"https:\/\/jauteco.com\/pt\/wp-json\/wp\/v2\/product\/2426\/revisions"}],"wp:featuredmedia":[{"embeddable":true,"href":"https:\/\/jauteco.com\/pt\/wp-json\/wp\/v2\/media\/7437"}],"wp:attachment":[{"href":"https:\/\/jauteco.com\/pt\/wp-json\/wp\/v2\/media?parent=2426"}],"wp:term":[{"taxonomy":"product_brand","embeddable":true,"href":"https:\/\/jauteco.com\/pt\/wp-json\/wp\/v2\/product_brand?post=2426"},{"taxonomy":"product_cat","embeddable":true,"href":"https:\/\/jauteco.com\/pt\/wp-json\/wp\/v2\/product_cat?post=2426"},{"taxonomy":"product_tag","embeddable":true,"href":"https:\/\/jauteco.com\/pt\/wp-json\/wp\/v2\/product_tag?post=2426"}],"curies":[{"name":"wp","href":"https:\/\/api.w.org\/{rel}","templated":true}]}}