{"id":2646,"date":"2018-09-20T07:57:06","date_gmt":"2018-09-20T07:57:06","guid":{"rendered":"https:\/\/jauteco.com\/?post_type=product&#038;p=2646"},"modified":"2026-02-09T09:24:43","modified_gmt":"2026-02-09T09:24:43","slug":"tablilla-vedado-caza-50x33-verde","status":"publish","type":"product","link":"https:\/\/jauteco.com\/pt\/tienda\/tablilla-vedado-caza-50x33-verde\/","title":{"rendered":"T\u00e1bua de ca\u00e7a VEDADO 50 \u00d7 33 VERDE"},"content":{"rendered":"<h2>Tabuleta de ca\u00e7a proibida<\/h2>\n<p>Tabuleta de ca\u00e7a proibida\u00a0<strong>usado para sinaliza\u00e7\u00e3o\u00a0<\/strong>em Espanha com as medidas 50 \u00d7 33, de primeira ordem.<\/p>\n<p>Os regulamentos indicam que este tablet est\u00e1 marcado como\u00a0<strong>usado na Espanha,\u00a0<\/strong>Exceto para as Comunidades Aut\u00f4nomas que utilizam suas pr\u00f3prias que estar\u00e3o indicadas em suas\u00a0<a href=\"https:\/\/jauteco.com\/pt\/senalizacion-cotos-caza\/\">normativo<\/a>.<\/p>\n<p>O tablet tem alguns\u00a0<strong>medidas 50 \u00d7 33<\/strong>, por isso \u00e9 agrupado na primeira ordem. Este comprimido deve ser colocado antes dos de segunda ordem, para alertar as pessoas.<\/p>\n<h3>Altamente refor\u00e7ado<\/h3>\n<p>Este tablet \u00e9 feito com um<strong>\u00a0Chapa de a\u00e7o galvanizada altamente refor\u00e7ada<\/strong>. Este material permite resistir \u00e0s intemp\u00e9ries.<\/p>\n<p>Recomenda-se comprar o\u00a0<a href=\"https:\/\/jauteco.com\/pt\/tienda\/mastil-180-m-incluye-tornillos\/\">mastros<\/a>\u00a0junto com o tablet, porque ele pode ser consertado. O Tablet deve\u00a0<strong>sinalizar em local vis\u00edvel a Zona Vedado de Caza<\/strong>. A m\u00e1 coloca\u00e7\u00e3o da tala pode impedir a pessoa de ser avisada, podendo entrar na Zona de Ca\u00e7a Proibida colocando em risco sua integridade.<\/p>\n<p>As cores usadas por este Tablet s\u00e3o as<strong>\u00a0blanco, con las letras de color VERDE<\/strong>. As cores usadas s\u00e3o comuns no tablet, para que o ser humano, ao v\u00ea-lo, saiba que \u00e9 um aviso importante.<\/p>","protected":false},"excerpt":{"rendered":"<p>Para grandes or\u00e7amentos, entre em contato conosco pelo 964 60 23 59 ou envie um e-mail para: info@jauteco.com.<\/p>","protected":false},"featured_media":3782,"comment_status":"closed","ping_status":"closed","template":"","meta":[],"product_brand":[],"product_cat":[75],"product_tag":[401],"class_list":{"0":"post-2646","1":"product","2":"type-product","3":"status-publish","4":"has-post-thumbnail","6":"product_cat-tablillas-caza","7":"product_tag-tablillas-caza-1-orden","8":"product_shipping_class-tablillas","10":"first","11":"instock","12":"taxable","13":"shipping-taxable","14":"purchasable","15":"product-type-simple"},"_links":{"self":[{"href":"https:\/\/jauteco.com\/pt\/wp-json\/wp\/v2\/product\/2646","targetHints":{"allow":["GET"]}}],"collection":[{"href":"https:\/\/jauteco.com\/pt\/wp-json\/wp\/v2\/product"}],"about":[{"href":"https:\/\/jauteco.com\/pt\/wp-json\/wp\/v2\/types\/product"}],"replies":[{"embeddable":true,"href":"https:\/\/jauteco.com\/pt\/wp-json\/wp\/v2\/comments?post=2646"}],"version-history":[{"count":0,"href":"https:\/\/jauteco.com\/pt\/wp-json\/wp\/v2\/product\/2646\/revisions"}],"wp:featuredmedia":[{"embeddable":true,"href":"https:\/\/jauteco.com\/pt\/wp-json\/wp\/v2\/media\/3782"}],"wp:attachment":[{"href":"https:\/\/jauteco.com\/pt\/wp-json\/wp\/v2\/media?parent=2646"}],"wp:term":[{"taxonomy":"product_brand","embeddable":true,"href":"https:\/\/jauteco.com\/pt\/wp-json\/wp\/v2\/product_brand?post=2646"},{"taxonomy":"product_cat","embeddable":true,"href":"https:\/\/jauteco.com\/pt\/wp-json\/wp\/v2\/product_cat?post=2646"},{"taxonomy":"product_tag","embeddable":true,"href":"https:\/\/jauteco.com\/pt\/wp-json\/wp\/v2\/product_tag?post=2646"}],"curies":[{"name":"wp","href":"https:\/\/api.w.org\/{rel}","templated":true}]}}