{"id":333,"date":"2017-04-08T22:58:34","date_gmt":"2017-04-08T22:58:34","guid":{"rendered":"https:\/\/jauteco.com\/?post_type=product&#038;p=333"},"modified":"2026-02-20T14:06:31","modified_gmt":"2026-02-20T14:06:31","slug":"bebedero-colgar-perdices-conejos","status":"publish","type":"product","link":"https:\/\/jauteco.com\/pt\/tienda\/bebedero-colgar-perdices-conejos\/","title":{"rendered":"Perdiz e coelhos pendurados"},"content":{"rendered":"<h3>Bebedor pendurado<\/h3>\n<p>O Bebedor de Perdizes e Coelhos Suspensos tem um projeto para fornecer \u00e1gua a esses animais. Isso evita que outras esp\u00e9cies aproveitem o cocho.<\/p>\n<p>Este Bebedouro garante \u00e1gua limpa e cont\u00ednua \u00e0s Perdizes e Coelhos do Campo, inclui gancho e corrente para pendurar no Trip\u00e9 ou \u00c1rvore. Evitando a chegada de outras esp\u00e9cies ou parasitas.<\/p>\n<p>A calha vai depositar \u00e1gua automaticamente, para que venham os coelhos e perdizes da zona. Isso nos permitir\u00e1 abastec\u00ea-los com \u00e1gua, bem como controlar a esp\u00e9cie.<\/p>\n<p><strong>Principais caracter\u00edsticas<\/strong><\/p>\n<p>A \u00e1gua n\u00e3o suja nem se deteriora, evitando poss\u00edveis doen\u00e7as. Gra\u00e7as \u00e0 altura em que \u00e9 colocado, a demoli\u00e7\u00e3o ou poss\u00edveis parasitas s\u00e3o evitados<\/p>\n<p>Permite adicionar medicamentos ao tanque com facilidade, sendo eficaz para evitar certas doen\u00e7as.<\/p>\n<p><strong>Opcional:<\/strong> Trip\u00e9 Suspenso, para terrenos sem \u00e1rvores onde se recomenda pendurar.<\/p>\n<p><strong>Capacidade:<\/strong> 60 litros.<\/p>\n<p><strong>Peso (vazio):<\/strong> 4 kg.<\/p>\n<p>Desde a sua cria\u00e7\u00e3o,<strong>\u00a0Os bebedouros t\u00eam sido uma grande ajuda para os ca\u00e7adores.<\/strong> La programaci\u00f3n del bebedero, permite que los cazadores tengan controladas a las especies sin necesidad de acudir ellos personalmente a abastecerlas d\u00eda tras d\u00eda, as\u00ed invierte un menor tiempo y esfuerzo para una misma pr\u00e1ctica.<\/p>","protected":false},"excerpt":{"rendered":"<p>Este Bebedouro garante \u00e1gua limpa e cont\u00ednua \u00e0s Perdizes e Coelhos do Campo, inclui gancho e corrente para pendurar no Trip\u00e9 ou \u00c1rvore.<\/p>\n<p><strong>Principais caracter\u00edsticas:<\/strong><\/p>\n<p>A \u00e1gua n\u00e3o suja nem se deteriora, evitando poss\u00edveis doen\u00e7as.<\/p>\n<p>Permite adicionar medicamentos ao reservat\u00f3rio com facilidade.<\/p>\n<div class=\"message-box-wrapper green\"><\/div>","protected":false},"featured_media":335,"comment_status":"closed","ping_status":"closed","template":"","meta":[],"product_brand":[],"product_cat":[10],"product_tag":[],"class_list":{"0":"post-333","1":"product","2":"type-product","3":"status-publish","4":"has-post-thumbnail","6":"product_cat-bebederos","7":"product_shipping_class-jaulas","9":"first","10":"instock","11":"taxable","12":"shipping-taxable","13":"purchasable","14":"product-type-variable","15":"has-default-attributes"},"_links":{"self":[{"href":"https:\/\/jauteco.com\/pt\/wp-json\/wp\/v2\/product\/333","targetHints":{"allow":["GET"]}}],"collection":[{"href":"https:\/\/jauteco.com\/pt\/wp-json\/wp\/v2\/product"}],"about":[{"href":"https:\/\/jauteco.com\/pt\/wp-json\/wp\/v2\/types\/product"}],"replies":[{"embeddable":true,"href":"https:\/\/jauteco.com\/pt\/wp-json\/wp\/v2\/comments?post=333"}],"version-history":[{"count":0,"href":"https:\/\/jauteco.com\/pt\/wp-json\/wp\/v2\/product\/333\/revisions"}],"wp:featuredmedia":[{"embeddable":true,"href":"https:\/\/jauteco.com\/pt\/wp-json\/wp\/v2\/media\/335"}],"wp:attachment":[{"href":"https:\/\/jauteco.com\/pt\/wp-json\/wp\/v2\/media?parent=333"}],"wp:term":[{"taxonomy":"product_brand","embeddable":true,"href":"https:\/\/jauteco.com\/pt\/wp-json\/wp\/v2\/product_brand?post=333"},{"taxonomy":"product_cat","embeddable":true,"href":"https:\/\/jauteco.com\/pt\/wp-json\/wp\/v2\/product_cat?post=333"},{"taxonomy":"product_tag","embeddable":true,"href":"https:\/\/jauteco.com\/pt\/wp-json\/wp\/v2\/product_tag?post=333"}],"curies":[{"name":"wp","href":"https:\/\/api.w.org\/{rel}","templated":true}]}}