{"id":338,"date":"2017-04-08T23:09:19","date_gmt":"2017-04-08T23:09:19","guid":{"rendered":"https:\/\/jauteco.com\/?post_type=product&#038;p=338"},"modified":"2025-03-04T12:10:05","modified_gmt":"2025-03-04T12:10:05","slug":"bebedero-pvc-perdices-conejos","status":"publish","type":"product","link":"https:\/\/jauteco.com\/pt\/tienda\/bebedero-pvc-perdices-conejos\/","title":{"rendered":"Bebedor de coelhos e perdizes com piscina de PVC"},"content":{"rendered":"<div class=\"single-content\">\n<h3>Bebedouro com piscina de PVC<\/h3>\n<p>Beber coelhos e perdizes com piscina de PVC usa um tanque de \u00e1gua, de modo que a pia \u00e9 completamente fixada ao ch\u00e3o. Isso impede que o animal tenha facilidade em mover ou quebrar a calha.<\/p>\n<p>A boca da piscina \u00e9 do tamanho ideal para coelhos, perdizes e outras esp\u00e9cies; impedindo-os de beber outros animais, como javalis, gado ...<\/p>\n<p>O bebedor tem um sistema de \u00e1gua autom\u00e1tico, para que os animais venham diariamente para beber. Com ele voc\u00ea pode controlar as esp\u00e9cies na \u00e1rea.<\/p>\n<p>O sistema simples permite que o ser humano se monte em um curto espa\u00e7o de tempo, sendo eficaz no ambiente natural.<\/p>\n<p><strong>O bebedouro de PVC inclui:<\/strong><\/p>\n<ul>\n<li>Dep\u00f3sito de 60 Litros<\/li>\n<li>Piscina de PVC (com b\u00f3ia)<\/li>\n<li>Estaca em forma de T (com parafusos)<\/li>\n<li>Parafusos<\/li>\n<\/ul>\n<\/div>\n<p>Desde a sua cria\u00e7\u00e3o,<strong>\u00a0Os bebedouros t\u00eam sido uma grande ajuda para os ca\u00e7adores.<\/strong> La programaci\u00f3n del bebedero, permite que los cazadores tengan controladas a las especies sin necesidad de acudir ellos personalmente a abastecerlas d\u00eda tras d\u00eda, as\u00ed invierte un menor tiempo y esfuerzo para una misma pr\u00e1ctica.<\/p>","protected":false},"excerpt":{"rendered":"<div class=\"single-content\">\n<p>Bebedor de perdizes e coelhos com tanque de \u00e1gua, a pia \u00e9 completamente fixada ao ch\u00e3o.<\/p>\n<p>&nbsp;<\/p>\n<\/div>","protected":false},"featured_media":340,"comment_status":"closed","ping_status":"closed","template":"","meta":[],"product_brand":[],"product_cat":[10],"product_tag":[769,946,771,770],"class_list":{"0":"post-338","1":"product","2":"type-product","3":"status-publish","4":"has-post-thumbnail","6":"product_cat-bebederos","7":"product_tag-bebederos","8":"product_tag-bebederos-perdices","9":"product_tag-conejos","10":"product_tag-perdices","11":"product_shipping_class-jaulas","13":"first","14":"instock","15":"taxable","16":"shipping-taxable","17":"purchasable","18":"product-type-simple"},"_links":{"self":[{"href":"https:\/\/jauteco.com\/pt\/wp-json\/wp\/v2\/product\/338","targetHints":{"allow":["GET"]}}],"collection":[{"href":"https:\/\/jauteco.com\/pt\/wp-json\/wp\/v2\/product"}],"about":[{"href":"https:\/\/jauteco.com\/pt\/wp-json\/wp\/v2\/types\/product"}],"replies":[{"embeddable":true,"href":"https:\/\/jauteco.com\/pt\/wp-json\/wp\/v2\/comments?post=338"}],"version-history":[{"count":0,"href":"https:\/\/jauteco.com\/pt\/wp-json\/wp\/v2\/product\/338\/revisions"}],"wp:featuredmedia":[{"embeddable":true,"href":"https:\/\/jauteco.com\/pt\/wp-json\/wp\/v2\/media\/340"}],"wp:attachment":[{"href":"https:\/\/jauteco.com\/pt\/wp-json\/wp\/v2\/media?parent=338"}],"wp:term":[{"taxonomy":"product_brand","embeddable":true,"href":"https:\/\/jauteco.com\/pt\/wp-json\/wp\/v2\/product_brand?post=338"},{"taxonomy":"product_cat","embeddable":true,"href":"https:\/\/jauteco.com\/pt\/wp-json\/wp\/v2\/product_cat?post=338"},{"taxonomy":"product_tag","embeddable":true,"href":"https:\/\/jauteco.com\/pt\/wp-json\/wp\/v2\/product_tag?post=338"}],"curies":[{"name":"wp","href":"https:\/\/api.w.org\/{rel}","templated":true}]}}