{"id":345,"date":"2017-04-08T23:18:44","date_gmt":"2017-04-08T23:18:44","guid":{"rendered":"https:\/\/jauteco.com\/?post_type=product&#038;p=345"},"modified":"2026-01-07T11:21:35","modified_gmt":"2026-01-07T11:21:35","slug":"bebedero-pileta-hormigon-perdices-conejos","status":"publish","type":"product","link":"https:\/\/jauteco.com\/pt\/tienda\/bebedero-pileta-hormigon-perdices-conejos\/","title":{"rendered":"Bebedor de Piscina de Concreto (Perdizes e Coelhos)"},"content":{"rendered":"<h2>Fonte bebendo da associa\u00e7\u00e3o concreta<\/h2>\n<p><strong>Beber coelhos e perdizes com piscina de concreto<\/strong> use um tanque de \u00e1gua, para que a piscina fique completamente fixa no ch\u00e3o. Isso evita que o animal tenha a facilidade de mover ou quebrar a calha.<\/p>\n<p>A boca da piscina tem um<strong> tamanho ideal para coelhos, perdizes e outras esp\u00e9cies<\/strong>, tamb\u00e9m inclui um<strong> malha que impede que outros animais bebam<\/strong> como javalis, gado.<\/p>\n<h3>Feito de concreto resistente<\/h3>\n<p>O bebedor tem um<strong> sistema de abastecimento autom\u00e1tico<\/strong>, ent\u00e3o os animais vir\u00e3o diariamente para beber. Com ele <strong>eles podem controlar as esp\u00e9cies na \u00e1rea.<\/strong><\/p>\n<p>O sistema simples p<strong>permite que o humano realize sua montagem em pouco tempo<\/strong>, sendo eficaz no ambiente natural.<\/p>\n<p><strong>O bebedouro para piscina de concreto inclui:<\/strong><\/p>\n<ul>\n<li>Dep\u00f3sito de 60 Litros<\/li>\n<li>1 metro de borracha<\/li>\n<li>Piscina (com b\u00f3ia de n\u00edvel constante)<\/li>\n<\/ul>\n<p>&nbsp;<\/p>","protected":false},"excerpt":{"rendered":"<p>Bebedero para Perdices y Conejos, la pileta al ser de hormig\u00f3n queda fija al suelo por su propio peso.<\/p>\n<h3><strong>Pedido m\u00ednimo 4 unidades<\/strong><\/h3>","protected":false},"featured_media":350,"comment_status":"closed","ping_status":"closed","template":"","meta":[],"product_brand":[],"product_cat":[10],"product_tag":[784,2135],"class_list":{"0":"post-345","1":"product","2":"type-product","3":"status-publish","4":"has-post-thumbnail","6":"product_cat-bebederos","7":"product_tag-bebedero-hormigon","8":"product_tag-bebedero-perdices","9":"product_shipping_class-jaulas","11":"first","12":"instock","13":"taxable","14":"shipping-taxable","15":"purchasable","16":"product-type-simple"},"_links":{"self":[{"href":"https:\/\/jauteco.com\/pt\/wp-json\/wp\/v2\/product\/345","targetHints":{"allow":["GET"]}}],"collection":[{"href":"https:\/\/jauteco.com\/pt\/wp-json\/wp\/v2\/product"}],"about":[{"href":"https:\/\/jauteco.com\/pt\/wp-json\/wp\/v2\/types\/product"}],"replies":[{"embeddable":true,"href":"https:\/\/jauteco.com\/pt\/wp-json\/wp\/v2\/comments?post=345"}],"version-history":[{"count":0,"href":"https:\/\/jauteco.com\/pt\/wp-json\/wp\/v2\/product\/345\/revisions"}],"wp:featuredmedia":[{"embeddable":true,"href":"https:\/\/jauteco.com\/pt\/wp-json\/wp\/v2\/media\/350"}],"wp:attachment":[{"href":"https:\/\/jauteco.com\/pt\/wp-json\/wp\/v2\/media?parent=345"}],"wp:term":[{"taxonomy":"product_brand","embeddable":true,"href":"https:\/\/jauteco.com\/pt\/wp-json\/wp\/v2\/product_brand?post=345"},{"taxonomy":"product_cat","embeddable":true,"href":"https:\/\/jauteco.com\/pt\/wp-json\/wp\/v2\/product_cat?post=345"},{"taxonomy":"product_tag","embeddable":true,"href":"https:\/\/jauteco.com\/pt\/wp-json\/wp\/v2\/product_tag?post=345"}],"curies":[{"name":"wp","href":"https:\/\/api.w.org\/{rel}","templated":true}]}}