{"id":3678,"date":"2020-06-09T11:20:18","date_gmt":"2020-06-09T11:20:18","guid":{"rendered":"https:\/\/jauteco.com\/?post_type=product&#038;p=3678"},"modified":"2026-02-09T09:24:37","modified_gmt":"2026-02-09T09:24:37","slug":"tablilla-zona-colectiva-caza-castilla-la-mancha-50x33","status":"publish","type":"product","link":"https:\/\/jauteco.com\/pt\/tienda\/tablilla-zona-colectiva-caza-castilla-la-mancha-50x33\/","title":{"rendered":"Zona coletiva do tabuleiro de jogo (Castilla la Mancha) 50 \u00d7 33"},"content":{"rendered":"<p>Tablilla Zona Colectiva de Caza es utilizada para informar de Zona Colectiva de Caza en Castilla la Mancha con medidas 50\u00d733.<\/p>\n<p>Os regulamentos indicam que este tablet \u00e9\u00a0<strong>utilizada en Castilla la Mancha <\/strong>Sendo um modelo diferente do restante da Espanha, em cada \u00e1rea eles usar\u00e3o o indicado em suas\u00a0<a href=\"https:\/\/jauteco.com\/pt\/senalizacion-cotos-caza\/\">normativo<\/a>.<\/p>\n<p>O tablet tem alguns\u00a0<strong>medidas 50 \u00d7 33<\/strong>, por lo que est\u00e1 agrupada dentro de las de primer orden.<\/p>\n<h3>Altamente refor\u00e7ado<\/h3>\n<p>Este tablet \u00e9 feito com um<strong>\u00a0Chapa de a\u00e7o galvanizada altamente refor\u00e7ada<\/strong>. Este material permite suportar intemp\u00e9ries.<\/p>\n<p>Recomenda-se colocar o Tablet firmemente no ch\u00e3o. O Tablet deve\u00a0<strong>se\u00f1alizar en un lugar visible\u00a0 Zona Colectiva de Caza.<\/strong>\u00a0Una mala colocaci\u00f3n de la tablilla, puede impedir que la persona pueda ser advertida del peligro, adentr\u00e1ndose en la zona y as\u00ed poniendo en riesgo su integridad.<\/p>\n<p>O fundo branco com letras pretas faz o Tablet\u00a0<strong>tenha uma leitura f\u00e1cil<\/strong>. Lleva incluido el n\u00famero del Coto, algo que deber\u00e1 indicar a la hora de comprar la tablilla, as\u00ed este ser\u00e1 grabado.<\/p>","protected":false},"excerpt":{"rendered":"<p>Tablilla Zona Colectiva de Caza utilizada para informar en Castilla la Mancha 50\u00d733.<\/p>\n<p>Placa de alum\u00ednio gravada com o n\u00famero Preserve inclu\u00eddo.<\/p>\n<p>Para grandes or\u00e7amentos, entre em contato conosco pelo 964 60 23 59 ou envie um e-mail para: info@jauteco.com.<\/p>","protected":false},"featured_media":3697,"comment_status":"closed","ping_status":"closed","template":"","meta":[],"product_brand":[],"product_cat":[75],"product_tag":[567,424,401],"class_list":{"0":"post-3678","1":"product","2":"type-product","3":"status-publish","4":"has-post-thumbnail","6":"product_cat-tablillas-caza","7":"product_tag-tablilla-de-caza","8":"product_tag-tablillas-con-placa-de-matricula","9":"product_tag-tablillas-caza-1-orden","10":"product_shipping_class-tablillas","12":"first","13":"instock","14":"taxable","15":"shipping-taxable","16":"purchasable","17":"product-type-simple"},"_links":{"self":[{"href":"https:\/\/jauteco.com\/pt\/wp-json\/wp\/v2\/product\/3678","targetHints":{"allow":["GET"]}}],"collection":[{"href":"https:\/\/jauteco.com\/pt\/wp-json\/wp\/v2\/product"}],"about":[{"href":"https:\/\/jauteco.com\/pt\/wp-json\/wp\/v2\/types\/product"}],"replies":[{"embeddable":true,"href":"https:\/\/jauteco.com\/pt\/wp-json\/wp\/v2\/comments?post=3678"}],"version-history":[{"count":0,"href":"https:\/\/jauteco.com\/pt\/wp-json\/wp\/v2\/product\/3678\/revisions"}],"wp:featuredmedia":[{"embeddable":true,"href":"https:\/\/jauteco.com\/pt\/wp-json\/wp\/v2\/media\/3697"}],"wp:attachment":[{"href":"https:\/\/jauteco.com\/pt\/wp-json\/wp\/v2\/media?parent=3678"}],"wp:term":[{"taxonomy":"product_brand","embeddable":true,"href":"https:\/\/jauteco.com\/pt\/wp-json\/wp\/v2\/product_brand?post=3678"},{"taxonomy":"product_cat","embeddable":true,"href":"https:\/\/jauteco.com\/pt\/wp-json\/wp\/v2\/product_cat?post=3678"},{"taxonomy":"product_tag","embeddable":true,"href":"https:\/\/jauteco.com\/pt\/wp-json\/wp\/v2\/product_tag?post=3678"}],"curies":[{"name":"wp","href":"https:\/\/api.w.org\/{rel}","templated":true}]}}