{"id":368,"date":"2017-04-08T23:36:05","date_gmt":"2017-04-08T23:36:05","guid":{"rendered":"https:\/\/jauteco.com\/?post_type=product&#038;p=368"},"modified":"2025-03-04T12:10:13","modified_gmt":"2025-03-04T12:10:13","slug":"bebedero-pileta-aluminio","status":"publish","type":"product","link":"https:\/\/jauteco.com\/pt\/tienda\/bebedero-pileta-aluminio\/","title":{"rendered":"Bebedor de piscina de alum\u00ednio"},"content":{"rendered":"<h3>Bebedero con Pileta Aluminio 60L<\/h3>\n<p><strong>Bebedouro de alum\u00ednio para c\u00e3es<\/strong> use um tanque de \u00e1gua, para que a piscina fique completamente fixa no ch\u00e3o. Isso evita que o animal tenha a facilidade de mover ou quebrar a calha.<\/p>\n<p>A boca da piscina tem um<strong> tamanho ideal para c\u00e3es, gatos e outras esp\u00e9cies similares<\/strong>; impedindo-os de beber outros animais, como p\u00e1ssaros ou introduzir parasitas ...<\/p>\n<p>O bebedor tem um <strong>sistema de \u00e1gua autom\u00e1tico<\/strong>, ent\u00e3o os animais v\u00e3o diariamente para beber. Com ele voc\u00ea pode controlar as esp\u00e9cies da \u00e1rea.<\/p>\n<p>A piscina de alum\u00ednio injetado cont\u00e9m uma<strong> boia de n\u00edvel constante<\/strong>, para que possua o l\u00edquido necess\u00e1rio para abastecer os animais.<\/p>\n<p>Ele<strong> alum\u00ednio injetado \u00e9 um material ideal<\/strong>, tanto para serem acoplados em um ambiente natural quanto para terem resist\u00eancia suficiente.<\/p>\n<p>O sistema simples permite que o humano realize sua<strong> montagem em pouco tempo<\/strong>, sendo eficaz no ambiente natural.<\/p>\n<p><strong>Inclui:<\/strong><\/p>\n<ul>\n<li>Dep\u00f3sito de 60 Litros.<\/li>\n<li>1 metro de borracha<\/li>\n<li>Piscina de alum\u00ednio injetado (com b\u00f3ia de n\u00edvel constante)<\/li>\n<li>Estaca em forma de T (com parafusos)<\/li>\n<\/ul>","protected":false},"excerpt":{"rendered":"<p>Bebedero para Perros,\u00a0 la pileta queda completamente Fija.<\/p>","protected":false},"featured_media":369,"comment_status":"closed","ping_status":"closed","template":"","meta":[],"product_brand":[],"product_cat":[10],"product_tag":[1310,769,2107],"class_list":{"0":"post-368","1":"product","2":"type-product","3":"status-publish","4":"has-post-thumbnail","6":"product_cat-bebederos","7":"product_tag-bebedero-perros","8":"product_tag-bebederos","9":"product_tag-bebederos-perros","10":"product_shipping_class-jaulas","12":"first","13":"instock","14":"taxable","15":"shipping-taxable","16":"purchasable","17":"product-type-simple"},"_links":{"self":[{"href":"https:\/\/jauteco.com\/pt\/wp-json\/wp\/v2\/product\/368","targetHints":{"allow":["GET"]}}],"collection":[{"href":"https:\/\/jauteco.com\/pt\/wp-json\/wp\/v2\/product"}],"about":[{"href":"https:\/\/jauteco.com\/pt\/wp-json\/wp\/v2\/types\/product"}],"replies":[{"embeddable":true,"href":"https:\/\/jauteco.com\/pt\/wp-json\/wp\/v2\/comments?post=368"}],"version-history":[{"count":0,"href":"https:\/\/jauteco.com\/pt\/wp-json\/wp\/v2\/product\/368\/revisions"}],"wp:featuredmedia":[{"embeddable":true,"href":"https:\/\/jauteco.com\/pt\/wp-json\/wp\/v2\/media\/369"}],"wp:attachment":[{"href":"https:\/\/jauteco.com\/pt\/wp-json\/wp\/v2\/media?parent=368"}],"wp:term":[{"taxonomy":"product_brand","embeddable":true,"href":"https:\/\/jauteco.com\/pt\/wp-json\/wp\/v2\/product_brand?post=368"},{"taxonomy":"product_cat","embeddable":true,"href":"https:\/\/jauteco.com\/pt\/wp-json\/wp\/v2\/product_cat?post=368"},{"taxonomy":"product_tag","embeddable":true,"href":"https:\/\/jauteco.com\/pt\/wp-json\/wp\/v2\/product_tag?post=368"}],"curies":[{"name":"wp","href":"https:\/\/api.w.org\/{rel}","templated":true}]}}