{"id":372,"date":"2017-04-08T23:47:45","date_gmt":"2017-04-08T23:47:45","guid":{"rendered":"https:\/\/jauteco.com\/?post_type=product&#038;p=372"},"modified":"2026-01-07T11:22:01","modified_gmt":"2026-01-07T11:22:01","slug":"bebedero-lluvia","status":"publish","type":"product","link":"https:\/\/jauteco.com\/pt\/tienda\/bebedero-lluvia\/","title":{"rendered":"Bebedor de chuva de concreto (80 litros)"},"content":{"rendered":"<h3>Bebedor de concreto (chuva)<\/h3>\n<p>Bebedor de chuva de concreto <strong>para perdizes, coelhos e todos os tipos de animais<\/strong> do campo.<\/p>\n<p>\u00c9 um bebedouro <strong>dura e resistente, baixa manuten\u00e7\u00e3o que coleta a \u00e1gua da chuva<\/strong>, garantindo os pontos de \u00e1gua essenciais.<\/p>\n<p>Sua dureza e peso <strong>proteger de<\/strong> as inevit\u00e1veis visitas de <strong>gado, javali<\/strong> e amantes do estrangeiro.<\/p>\n<p>Ele <strong>agua<\/strong> armazenado \u00e9 mantido<strong> limpo e fresco<\/strong>, uma vez que a b\u00f3ia de n\u00edvel constante a mant\u00e9m separada da \u00e1gua destinada aos animais.<\/p>\n<p>A tampa, equipada com uma grade de a\u00e7o inoxid\u00e1vel, filtra antes do armazenamento no tanque.<\/p>\n<p>A constru\u00e7\u00e3o \u00e9 compacta e imperme\u00e1vel, al\u00e9m de <strong>N\u00e3o entra em conflito com o ambiente natural.<\/strong><\/p>\n<p>\u00c9 a melhor alternativa para pre\u00e7o, durabilidade, autonomia e baixa manuten\u00e7\u00e3o.<\/p>\n<p><i>Entre em contato conosco indicando seu local de destino e informaremos sobre os custos de envio (a compra on-line deste produto n\u00e3o est\u00e1 dispon\u00edvel devido ao seu alto peso)<\/i><\/p>\n<p>Caracter\u00edsticas da calha de chuva de concreto:<\/p>\n<ul>\n<li>Cisterna de <strong>concreto armado<\/strong> e repelente de \u00e1gua.<\/li>\n<li>Tampa coleta<strong> \u00e1gua da chuva<\/strong><\/li>\n<li><strong>N\u00edvel constante<\/strong> regulado por b\u00f3ia.<\/li>\n<li>Inclina\u00e7\u00e3o de f\u00e1cil acesso para galinhas.<\/li>\n<li>Uso m\u00e1ximo de \u00e1gua.<\/li>\n<li>Capacidade de<strong> 80 litros<\/strong><\/li>\n<li><strong>Javali anti-selvagem e anti-gado.<\/strong><\/li>\n<\/ul>\n<p>Peso do bebedor: 156 Kg.<br \/>\nPeso da tampa: 62 Kg.<br \/>\nDimens\u00f5es da tampa: 80 x 80 cm.<br \/>\nDimens\u00f5es do tanque: 50 x 50 cm. largo, 60 cm. altura, 5 cm. grosso<br \/>\nMedidas da base da calha: 69cm. x 50 cm<\/p>\n<ul>\n<li>4 uds. por palet<\/li>\n<\/ul>\n<p>&nbsp;<\/p>","protected":false},"excerpt":{"rendered":"<p>\u00c9 um bebedor de baixa manuten\u00e7\u00e3o, resistente e resistente, que coleta a \u00e1gua da chuva, garantindo os pontos essenciais da \u00e1gua.<\/p>\n<p>Sua dureza e peso o protegem das inevit\u00e1veis visitas de gado, javalis e amantes do estrangeiro.<\/p>\n<p>A \u00e1gua armazenada \u00e9 mantida limpa e fresca, a b\u00f3ia de n\u00edvel constante a mant\u00e9m separada da \u00e1gua destinada aos animais.<\/p>\n<p>A tampa, equipada com uma grade de a\u00e7o inoxid\u00e1vel, filtra antes do armazenamento no tanque.<\/p>\n<p>A constru\u00e7\u00e3o \u00e9 compacta e imperme\u00e1vel. N\u00e3o entra em conflito com o ambiente natural.<\/p>\n<p>\u00c9 a melhor alternativa para pre\u00e7o, durabilidade, autonomia e baixa manuten\u00e7\u00e3o.<\/p>\n<ul>\n<li>4uds. por palet<\/li>\n<\/ul>\n<p><span style=\"font-size: 140%\"><strong><i>Entre em contato conosco indicando seu local de destino e informaremos sobre os custos de envio (a compra on-line deste produto n\u00e3o est\u00e1 dispon\u00edvel devido ao seu alto peso)<\/i><\/strong><\/span><\/p>","protected":false},"featured_media":7319,"comment_status":"closed","ping_status":"closed","template":"","meta":[],"product_brand":[],"product_cat":[2685,10],"product_tag":[784,769,946],"class_list":{"0":"post-372","1":"product","2":"type-product","3":"status-publish","4":"has-post-thumbnail","6":"product_cat-bebederos-hormigon","7":"product_cat-bebederos","8":"product_tag-bebedero-hormigon","9":"product_tag-bebederos","10":"product_tag-bebederos-perdices","12":"first","13":"instock","14":"taxable","15":"shipping-taxable","16":"product-type-simple"},"_links":{"self":[{"href":"https:\/\/jauteco.com\/pt\/wp-json\/wp\/v2\/product\/372","targetHints":{"allow":["GET"]}}],"collection":[{"href":"https:\/\/jauteco.com\/pt\/wp-json\/wp\/v2\/product"}],"about":[{"href":"https:\/\/jauteco.com\/pt\/wp-json\/wp\/v2\/types\/product"}],"replies":[{"embeddable":true,"href":"https:\/\/jauteco.com\/pt\/wp-json\/wp\/v2\/comments?post=372"}],"version-history":[{"count":0,"href":"https:\/\/jauteco.com\/pt\/wp-json\/wp\/v2\/product\/372\/revisions"}],"wp:featuredmedia":[{"embeddable":true,"href":"https:\/\/jauteco.com\/pt\/wp-json\/wp\/v2\/media\/7319"}],"wp:attachment":[{"href":"https:\/\/jauteco.com\/pt\/wp-json\/wp\/v2\/media?parent=372"}],"wp:term":[{"taxonomy":"product_brand","embeddable":true,"href":"https:\/\/jauteco.com\/pt\/wp-json\/wp\/v2\/product_brand?post=372"},{"taxonomy":"product_cat","embeddable":true,"href":"https:\/\/jauteco.com\/pt\/wp-json\/wp\/v2\/product_cat?post=372"},{"taxonomy":"product_tag","embeddable":true,"href":"https:\/\/jauteco.com\/pt\/wp-json\/wp\/v2\/product_tag?post=372"}],"curies":[{"name":"wp","href":"https:\/\/api.w.org\/{rel}","templated":true}]}}