{"id":3830,"date":"2020-08-03T18:19:09","date_gmt":"2020-08-03T18:19:09","guid":{"rendered":"https:\/\/jauteco.com\/?post_type=product&#038;p=3830"},"modified":"2026-02-09T09:24:21","modified_gmt":"2026-02-09T09:24:21","slug":"tablilla-peligro-accion-caza-castilla-la-mancha-50x33","status":"publish","type":"product","link":"https:\/\/jauteco.com\/pt\/tienda\/tablilla-peligro-accion-caza-castilla-la-mancha-50x33\/","title":{"rendered":"A\u00e7\u00e3o de Ca\u00e7a ao Perigo do Tablet (Castilla la Mancha) 50 \u00d7 33"},"content":{"rendered":"<h2>Tablilla Peligro Acci\u00f3n de Caza<\/h2>\n<p>Ripa\u00a0<b>Peligro Acci\u00f3n de Caza<\/b> utilizada para la Monter\u00eda del Jabal\u00ed en Castilla la Mancha con medidas 50\u00d733.<\/p>\n<p>Os regulamentos indicam que este tablet \u00e9\u00a0<strong>utilizada en Castilla la Mancha<\/strong>, o restante das Comunidades Aut\u00f4nomas usar\u00e1 outros tablets para Monterias, portanto, nessas \u00e1reas, eles usar\u00e3o o indicado em seus\u00a0<a href=\"https:\/\/jauteco.com\/pt\/senalizacion-cotos-caza\/\">normativo<\/a>.<\/p>\n<p>O tablet tem alguns\u00a0<strong>medidas 50 \u00d7 33<\/strong>, por lo que est\u00e1 agrupada dentro de las de primer orden.<\/p>\n<h3>Altamente refor\u00e7ado<\/h3>\n<p>Este tablet \u00e9 feito com um\u00a0<strong>Chapa de a\u00e7o galvanizada altamente refor\u00e7ada<\/strong>. Este material permite suportar intemp\u00e9ries.<\/p>\n<p>Recomenda-se comprar o\u00a0<a href=\"https:\/\/jauteco.com\/pt\/tienda\/soporte-plegable-tablillas-caza\/\">carrinho dobr\u00e1vel<\/a>\u00a0junto com o tablet, porque ele pode ser colocado em qualquer lugar. O Tablet deve\u00a0<strong>sinal em um local vis\u00edvel<\/strong>\u00a0o perigo de Monter\u00eda. Uma m\u00e1 coloca\u00e7\u00e3o da tala pode impedir que a pessoa seja avisada do perigo, entrando na \u00e1rea e colocando em risco sua integridade.<\/p>\n<p>El fondo blanco con letras negras y el reborde rojo, unido al tri\u00e1ngulo rojo con el dibujo del triangulo hacen<strong>\u00a0atraente<\/strong>\u00a0o tablet. Dele<strong> Descri\u00e7\u00e3o adverte sobre o perigo.<\/strong><\/p>","protected":false},"excerpt":{"rendered":"<p>Tablilla Peligro Acci\u00f3n de Caza Tablilla\u00a0Peligro Acci\u00f3n de Caza utilizada para la Monter\u00eda del Jabal\u00ed en Castilla la Mancha con medidas 50\u00d733. La normativa indica que esta tablilla es\u00a0utilizada en Castilla la Mancha, el resto de las Comunidades Aut\u00f3nomas utilizaran otras tablillas para las Monter\u00edas, as\u00ed en estas zonas utilizar\u00e1n la indicada en su\u00a0normativa. La [&hellip;]<\/p>","protected":false},"featured_media":5727,"comment_status":"closed","ping_status":"closed","template":"","meta":[],"product_brand":[],"product_cat":[75],"product_tag":[841,401],"class_list":{"0":"post-3830","1":"product","2":"type-product","3":"status-publish","4":"has-post-thumbnail","6":"product_cat-tablillas-caza","7":"product_tag-tablilla-peligro-accion-de-caza","8":"product_tag-tablillas-caza-1-orden","9":"product_shipping_class-tablillas","11":"first","12":"instock","13":"taxable","14":"shipping-taxable","15":"purchasable","16":"product-type-simple"},"_links":{"self":[{"href":"https:\/\/jauteco.com\/pt\/wp-json\/wp\/v2\/product\/3830","targetHints":{"allow":["GET"]}}],"collection":[{"href":"https:\/\/jauteco.com\/pt\/wp-json\/wp\/v2\/product"}],"about":[{"href":"https:\/\/jauteco.com\/pt\/wp-json\/wp\/v2\/types\/product"}],"replies":[{"embeddable":true,"href":"https:\/\/jauteco.com\/pt\/wp-json\/wp\/v2\/comments?post=3830"}],"version-history":[{"count":0,"href":"https:\/\/jauteco.com\/pt\/wp-json\/wp\/v2\/product\/3830\/revisions"}],"wp:featuredmedia":[{"embeddable":true,"href":"https:\/\/jauteco.com\/pt\/wp-json\/wp\/v2\/media\/5727"}],"wp:attachment":[{"href":"https:\/\/jauteco.com\/pt\/wp-json\/wp\/v2\/media?parent=3830"}],"wp:term":[{"taxonomy":"product_brand","embeddable":true,"href":"https:\/\/jauteco.com\/pt\/wp-json\/wp\/v2\/product_brand?post=3830"},{"taxonomy":"product_cat","embeddable":true,"href":"https:\/\/jauteco.com\/pt\/wp-json\/wp\/v2\/product_cat?post=3830"},{"taxonomy":"product_tag","embeddable":true,"href":"https:\/\/jauteco.com\/pt\/wp-json\/wp\/v2\/product_tag?post=3830"}],"curies":[{"name":"wp","href":"https:\/\/api.w.org\/{rel}","templated":true}]}}