{"id":3987,"date":"2020-09-30T09:54:59","date_gmt":"2020-09-30T09:54:59","guid":{"rendered":"https:\/\/jauteco.com\/?post_type=product&#038;p=3987"},"modified":"2025-03-04T12:10:33","modified_gmt":"2025-03-04T12:10:33","slug":"comedero-perdices-gallinas-aves-diversas","status":"publish","type":"product","link":"https:\/\/jauteco.com\/pt\/tienda\/comedero-perdices-gallinas-aves-diversas\/","title":{"rendered":"Comedouro para perdizes, galinhas e p\u00e1ssaros diversos"},"content":{"rendered":"<div class=\"gmail_default\">\n<h3>Alimentador de suspens\u00e3o<\/h3>\n<\/div>\n<div><strong style=\"color: #555555\">Principais vantagens do alimentador de perdiz e coelhos pendurados:<\/strong><\/div>\n<div><\/div>\n<div><span style=\"color: #555555\">O gr\u00e3o n\u00e3o se deteriora ou fica sujo, evitando poss\u00edveis doen\u00e7as, protegendo os animais.<\/span><\/div>\n<div><\/div>\n<div>\n<div class=\"gmail_default\">Este comedouro \u00e9 projetado para que a perdiz ou galinha pique o alimento para obter o gr\u00e3o alojado no cais.<\/div>\n<div><\/div>\n<div class=\"gmail_default\">\u00c9 adequado para qualquer tipo de gr\u00e3o e a mola pode ser ajustada para introduzir gr\u00e3o mais grosso.<\/div>\n<p>Ele n\u00e3o toca o ch\u00e3o, ent\u00e3o nenhum parasita o contamina. Desta forma, evitamos poss\u00edveis infec\u00e7\u00f5es alimentares.<\/p>\n<p><strong>Ele <a href=\"https:\/\/jauteco.com\/pt\/tienda\/tripode-con-enganche\/\">Trip\u00e9<\/a> \u00e9 opcional<\/strong><\/p>\n<h3>*Incluida la estructura de hierro y cadena para poder colgar de un \u00e1rbol.<\/h3>\n<div class=\"message-box-wrapper green\">\n<div class=\"message-box-content\">\n<p>Recomendado se na \u00e1rea em que vamos instalar o alimentador, n\u00e3o temos um local alto para instal\u00e1-lo.<\/p>\n<p><strong>Capacidade:<\/strong> 60 litros.<\/p>\n<p><strong>Peso (vazio): <\/strong>3 kg.<\/p>\n<p><strong>Forma de emprego<\/strong><\/p>\n<p>O comedouro de perdizes e coelhos deve ser pendurado. Recomendado em um galho de \u00e1rvore ou em um trip\u00e9.<\/p>\n<\/div>\n<\/div>\n<\/div>","protected":false},"excerpt":{"rendered":"<div class=\"gmail_default\">Este comedouro \u00e9 projetado para que a perdiz ou galinha pique o alimento para obter o gr\u00e3o alojado no cais. \u00c9 adequado para qualquer tipo de gr\u00e3o e a mola pode ser ajustada para introduzir gr\u00e3o mais grosso.<\/div>","protected":false},"featured_media":3988,"comment_status":"closed","ping_status":"closed","template":"","meta":[],"product_brand":[],"product_cat":[9],"product_tag":[],"class_list":{"0":"post-3987","1":"product","2":"type-product","3":"status-publish","4":"has-post-thumbnail","6":"product_cat-comederos","7":"product_shipping_class-jaulas","9":"first","10":"instock","11":"taxable","12":"shipping-taxable","13":"purchasable","14":"product-type-simple"},"_links":{"self":[{"href":"https:\/\/jauteco.com\/pt\/wp-json\/wp\/v2\/product\/3987","targetHints":{"allow":["GET"]}}],"collection":[{"href":"https:\/\/jauteco.com\/pt\/wp-json\/wp\/v2\/product"}],"about":[{"href":"https:\/\/jauteco.com\/pt\/wp-json\/wp\/v2\/types\/product"}],"replies":[{"embeddable":true,"href":"https:\/\/jauteco.com\/pt\/wp-json\/wp\/v2\/comments?post=3987"}],"version-history":[{"count":0,"href":"https:\/\/jauteco.com\/pt\/wp-json\/wp\/v2\/product\/3987\/revisions"}],"wp:featuredmedia":[{"embeddable":true,"href":"https:\/\/jauteco.com\/pt\/wp-json\/wp\/v2\/media\/3988"}],"wp:attachment":[{"href":"https:\/\/jauteco.com\/pt\/wp-json\/wp\/v2\/media?parent=3987"}],"wp:term":[{"taxonomy":"product_brand","embeddable":true,"href":"https:\/\/jauteco.com\/pt\/wp-json\/wp\/v2\/product_brand?post=3987"},{"taxonomy":"product_cat","embeddable":true,"href":"https:\/\/jauteco.com\/pt\/wp-json\/wp\/v2\/product_cat?post=3987"},{"taxonomy":"product_tag","embeddable":true,"href":"https:\/\/jauteco.com\/pt\/wp-json\/wp\/v2\/product_tag?post=3987"}],"curies":[{"name":"wp","href":"https:\/\/api.w.org\/{rel}","templated":true}]}}