{"id":4113,"date":"2020-12-01T14:45:38","date_gmt":"2020-12-01T14:45:38","guid":{"rendered":"https:\/\/jauteco.com\/?post_type=product&#038;p=4113"},"modified":"2026-02-09T09:23:59","modified_gmt":"2026-02-09T09:23:59","slug":"acotado-setas-prohibido-recolectar-sin-permiso-recoleccion-clave-indentificativa-del-acotado","status":"publish","type":"product","link":"https:\/\/jauteco.com\/pt\/tienda\/acotado-setas-prohibido-recolectar-sin-permiso-recoleccion-clave-indentificativa-del-acotado\/","title":{"rendered":"Cogumelo delimitado - \u00c9 proibido coletar sem permiss\u00e3o de colheita (chave de identifica\u00e7\u00e3o do delimitado)"},"content":{"rendered":"<h2>Tablilla Acotado de Setas &#8211; Prohibido recolectar sin permiso de recolecci\u00f3n (Clave indentificativa del acotado)<\/h2>\n<p>Tablilla Acotado de Setas <strong>usado para sinaliza\u00e7\u00e3o<\/strong>\u00a0em Espanha com medidas 50 \u00d7 33.<\/p>\n<p>Os regulamentos indicam que este tablet est\u00e1 marcado como\u00a0<strong>usado na Espanha, <\/strong>exceto as Comunidades Aut\u00f4nomas que usar\u00e3o as pr\u00f3prias, que ser\u00e3o indicadas em suas <a href=\"https:\/\/jauteco.com\/pt\/senalizacion-cotos-caza\/\">normativo<\/a>.<\/p>\n<p>O tablet tem alguns <strong>medidas 50 \u00d7 33<\/strong>, por lo que est\u00e1 agrupada dentro de las de primer orden.<\/p>\n<h3>Altamente refor\u00e7ado<\/h3>\n<p>Este tablet \u00e9 feito com um<strong> Chapa de a\u00e7o galvanizada altamente refor\u00e7ada<\/strong>. Este material permite suportar intemp\u00e9ries, bem como golpes de animais.<\/p>\n<p>Recomenda-se comprar o\u00a0<a href=\"https:\/\/jauteco.com\/pt\/tienda\/mastil-180-m-incluye-tornillos\/\">mastros<\/a> junto con la tablilla, pues con \u00e9l se podr\u00e1 quedar fija<\/p>\n<p>As cores usadas por este Tablet s\u00e3o as<strong>\u00a0branco, com letras pretas<\/strong>.<\/p>","protected":false},"excerpt":{"rendered":"<p>Entrega en 24-72\u00a0horas en d\u00edas laborables desde la formalizaci\u00f3n del pago.<\/p>\n<p>Para grandes or\u00e7amentos, entre em contato conosco pelo 964 60 23 59 ou envie um e-mail para: info@jauteco.com.<\/p>","protected":false},"featured_media":7483,"comment_status":"closed","ping_status":"closed","template":"","meta":[],"product_brand":[],"product_cat":[2761],"product_tag":[],"class_list":{"0":"post-4113","1":"product","2":"type-product","3":"status-publish","4":"has-post-thumbnail","6":"product_cat-tablillas-de-setas","7":"product_shipping_class-tablillas","9":"first","10":"instock","11":"taxable","12":"shipping-taxable","13":"purchasable","14":"product-type-simple"},"_links":{"self":[{"href":"https:\/\/jauteco.com\/pt\/wp-json\/wp\/v2\/product\/4113","targetHints":{"allow":["GET"]}}],"collection":[{"href":"https:\/\/jauteco.com\/pt\/wp-json\/wp\/v2\/product"}],"about":[{"href":"https:\/\/jauteco.com\/pt\/wp-json\/wp\/v2\/types\/product"}],"replies":[{"embeddable":true,"href":"https:\/\/jauteco.com\/pt\/wp-json\/wp\/v2\/comments?post=4113"}],"version-history":[{"count":0,"href":"https:\/\/jauteco.com\/pt\/wp-json\/wp\/v2\/product\/4113\/revisions"}],"wp:featuredmedia":[{"embeddable":true,"href":"https:\/\/jauteco.com\/pt\/wp-json\/wp\/v2\/media\/7483"}],"wp:attachment":[{"href":"https:\/\/jauteco.com\/pt\/wp-json\/wp\/v2\/media?parent=4113"}],"wp:term":[{"taxonomy":"product_brand","embeddable":true,"href":"https:\/\/jauteco.com\/pt\/wp-json\/wp\/v2\/product_brand?post=4113"},{"taxonomy":"product_cat","embeddable":true,"href":"https:\/\/jauteco.com\/pt\/wp-json\/wp\/v2\/product_cat?post=4113"},{"taxonomy":"product_tag","embeddable":true,"href":"https:\/\/jauteco.com\/pt\/wp-json\/wp\/v2\/product_tag?post=4113"}],"curies":[{"name":"wp","href":"https:\/\/api.w.org\/{rel}","templated":true}]}}