{"id":5047,"date":"2021-12-23T16:05:53","date_gmt":"2021-12-23T16:05:53","guid":{"rendered":"https:\/\/jauteco.com\/?post_type=product&#038;p=5047"},"modified":"2026-02-09T09:18:45","modified_gmt":"2026-02-09T09:18:45","slug":"tablilla-atencion-peligro-caceria-jabali-c-valenciana-50x33-copia","status":"publish","type":"product","link":"https:\/\/jauteco.com\/pt\/tienda\/tablilla-atencion-peligro-caceria-jabali-c-valenciana-50x33-copia\/","title":{"rendered":"Tablilla Atenci\u00f3n Peligro cacer\u00eda de jabal\u00ed (C. Valenciana) 50&#215;33"},"content":{"rendered":"<h2>Tablilla Atenci\u00f3n Peligro cacer\u00eda de jabal\u00ed.<\/h2>\n<p>Tablilla para la\u00a0<strong>Comunidad Valenciana<\/strong> con medidas 50&#215;33.<\/p>\n<p>Os regulamentos indicam que este tablet \u00e9 <strong>usado na Comunidade Valenciana, <\/strong>Sendo um modelo diferente do restante da Espanha, em cada \u00e1rea eles usar\u00e3o o indicado em suas <a href=\"https:\/\/jauteco.com\/pt\/senalizacion-cotos-caza\/\">normativo<\/a>.<\/p>\n<p>O tablet tem alguns <strong>medidas 50 \u00d7 33<\/strong>, por lo que est\u00e1 agrupada dentro de las de primer orden.<\/p>\n<h3>Altamente refor\u00e7ado<\/h3>\n<p>Este tablet \u00e9 feito com um<strong> Chapa de a\u00e7o galvanizada altamente refor\u00e7ada<\/strong>. Este material permite suportar intemp\u00e9ries.<\/p>\n<p>Recomenda-se comprar o <a href=\"https:\/\/jauteco.com\/pt\/tienda\/soporte-plegable-tablillas-caza\/\">carrinho dobr\u00e1vel<\/a> junto com o tablet, porque ele pode ser colocado em qualquer lugar. O Tablet deve <strong>sinal em um local vis\u00edvel<\/strong> o perigo de Monter\u00eda. Uma m\u00e1 coloca\u00e7\u00e3o da tala pode impedir que a pessoa seja avisada do perigo, entrando na \u00e1rea e colocando em risco sua integridade.<\/p>\n<p>El fondo blanco con letras rojas, hacen que la Tablilla sea<strong>\u00a0atraente<\/strong>. La parte inferior derecha de la Tablilla permite colocar al cazador la fecha de la batida de forma manual.<\/p>\n<p>&nbsp;<\/p>","protected":false},"excerpt":{"rendered":"<p>Tablilla Atenci\u00f3n Peligro cacer\u00eda de jabal\u00ed. Tablilla para la\u00a0Comunidad Valenciana con medidas 50&#215;33. La normativa indica que esta tablilla es utilizada en la Comunidad Valenciana, siendo un modelo diferente al del resto de Espa\u00f1a, as\u00ed en cada zona utilizar\u00e1n la indicada en su normativa. La Tablilla tiene unas medidas de 50&#215;33, por lo que est\u00e1 [&hellip;]<\/p>","protected":false},"featured_media":5052,"comment_status":"closed","ping_status":"closed","template":"","meta":[],"product_brand":[],"product_cat":[75],"product_tag":[602,582,559,401],"class_list":{"0":"post-5047","1":"product","2":"type-product","3":"status-publish","4":"has-post-thumbnail","6":"product_cat-tablillas-caza","7":"product_tag-atencion-caceria-de-jabali","8":"product_tag-comunitat-valenciana","9":"product_tag-tablillas-de-caza","10":"product_tag-tablillas-caza-1-orden","11":"product_shipping_class-tablillas","13":"first","14":"instock","15":"taxable","16":"shipping-taxable","17":"purchasable","18":"product-type-simple"},"_links":{"self":[{"href":"https:\/\/jauteco.com\/pt\/wp-json\/wp\/v2\/product\/5047","targetHints":{"allow":["GET"]}}],"collection":[{"href":"https:\/\/jauteco.com\/pt\/wp-json\/wp\/v2\/product"}],"about":[{"href":"https:\/\/jauteco.com\/pt\/wp-json\/wp\/v2\/types\/product"}],"replies":[{"embeddable":true,"href":"https:\/\/jauteco.com\/pt\/wp-json\/wp\/v2\/comments?post=5047"}],"version-history":[{"count":0,"href":"https:\/\/jauteco.com\/pt\/wp-json\/wp\/v2\/product\/5047\/revisions"}],"wp:featuredmedia":[{"embeddable":true,"href":"https:\/\/jauteco.com\/pt\/wp-json\/wp\/v2\/media\/5052"}],"wp:attachment":[{"href":"https:\/\/jauteco.com\/pt\/wp-json\/wp\/v2\/media?parent=5047"}],"wp:term":[{"taxonomy":"product_brand","embeddable":true,"href":"https:\/\/jauteco.com\/pt\/wp-json\/wp\/v2\/product_brand?post=5047"},{"taxonomy":"product_cat","embeddable":true,"href":"https:\/\/jauteco.com\/pt\/wp-json\/wp\/v2\/product_cat?post=5047"},{"taxonomy":"product_tag","embeddable":true,"href":"https:\/\/jauteco.com\/pt\/wp-json\/wp\/v2\/product_tag?post=5047"}],"curies":[{"name":"wp","href":"https:\/\/api.w.org\/{rel}","templated":true}]}}