{"id":5252,"date":"2022-04-28T16:51:15","date_gmt":"2022-04-28T16:51:15","guid":{"rendered":"https:\/\/jauteco.com\/?post_type=product&#038;p=5252"},"modified":"2026-02-09T09:20:20","modified_gmt":"2026-02-09T09:20:20","slug":"tablilla-adiestramiento-perros-aves-cetreria-50x33-castilla-la-mancha","status":"publish","type":"product","link":"https:\/\/jauteco.com\/pt\/tienda\/tablilla-adiestramiento-perros-aves-cetreria-50x33-castilla-la-mancha\/","title":{"rendered":"Tablilla ADIESTRAMIENTO DE PERROS Y\/O AVES DE CETRER\u00cdA 50&#215;33 (Castilla la Mancha)"},"content":{"rendered":"<h2>Tablilla Adiestramiento de Perros y\/o Aves de Cetrer\u00eda<\/h2>\n<p>Tablilla Zona de Adiestramiento de Perros de Caza utilizada para informar de Zona de Adiestramiento en Castilla la Mancha con medidas 50\u00d733.<\/p>\n<p>Os regulamentos indicam que este tablet \u00e9\u00a0<strong>usado em Castilla la Mancha, <\/strong>a excepci\u00f3n de las Comunidades Aut\u00f3nomas que utilicen una propia que estar\u00e1 indicada en su\u00a0<a href=\"https:\/\/jauteco.com\/pt\/senalizacion-cotos-caza\/\">normativo<\/a>.<\/p>\n<p>O tablet tem alguns\u00a0<strong>medidas 50 \u00d7 33<\/strong>, portanto, \u00e9 agrupado no primeiro pedido. Este tablet deve ser colocado antes do segundo pedido, para informar as pessoas.<\/p>\n<h3>Altamente refor\u00e7ado<\/h3>\n<p>Este Tablet \u00e9 feito de<strong>\u00a0Chapa de a\u00e7o galvanizada altamente refor\u00e7ada<\/strong>. Este material permite suportar intemp\u00e9ries.<\/p>\n<p>Recomenda-se colocar o Tablet firmemente no ch\u00e3o. O Tablet deve\u00a0<strong>sinal em um local vis\u00edvel<\/strong>\u00a0el peligro por Zona de Adiestramiento de Perros de Caza. Una mala colocaci\u00f3n de la tablilla, puede impedir que la persona pueda ser advertida del peligro, adentr\u00e1ndose en la zona y as\u00ed poniendo en riesgo su integridad.<\/p>\n<p>As cores usadas por este Tablet s\u00e3o as<strong>\u00a0branco, com letras pretas<\/strong>. As cores usadas s\u00e3o comuns no tablet, para que o ser humano, ao v\u00ea-lo, saiba que \u00e9 um aviso importante.<\/p>","protected":false},"excerpt":{"rendered":"<p>Para grandes or\u00e7amentos, entre em contato conosco pelo 964 60 23 59 ou envie um e-mail para: info@jauteco.com.<\/p>","protected":false},"featured_media":6650,"comment_status":"closed","ping_status":"closed","template":"","meta":[],"product_brand":[],"product_cat":[75],"product_tag":[401],"class_list":{"0":"post-5252","1":"product","2":"type-product","3":"status-publish","4":"has-post-thumbnail","6":"product_cat-tablillas-caza","7":"product_tag-tablillas-caza-1-orden","8":"product_shipping_class-tablillas","10":"first","11":"instock","12":"taxable","13":"shipping-taxable","14":"purchasable","15":"product-type-simple"},"_links":{"self":[{"href":"https:\/\/jauteco.com\/pt\/wp-json\/wp\/v2\/product\/5252","targetHints":{"allow":["GET"]}}],"collection":[{"href":"https:\/\/jauteco.com\/pt\/wp-json\/wp\/v2\/product"}],"about":[{"href":"https:\/\/jauteco.com\/pt\/wp-json\/wp\/v2\/types\/product"}],"replies":[{"embeddable":true,"href":"https:\/\/jauteco.com\/pt\/wp-json\/wp\/v2\/comments?post=5252"}],"version-history":[{"count":0,"href":"https:\/\/jauteco.com\/pt\/wp-json\/wp\/v2\/product\/5252\/revisions"}],"wp:featuredmedia":[{"embeddable":true,"href":"https:\/\/jauteco.com\/pt\/wp-json\/wp\/v2\/media\/6650"}],"wp:attachment":[{"href":"https:\/\/jauteco.com\/pt\/wp-json\/wp\/v2\/media?parent=5252"}],"wp:term":[{"taxonomy":"product_brand","embeddable":true,"href":"https:\/\/jauteco.com\/pt\/wp-json\/wp\/v2\/product_brand?post=5252"},{"taxonomy":"product_cat","embeddable":true,"href":"https:\/\/jauteco.com\/pt\/wp-json\/wp\/v2\/product_cat?post=5252"},{"taxonomy":"product_tag","embeddable":true,"href":"https:\/\/jauteco.com\/pt\/wp-json\/wp\/v2\/product_tag?post=5252"}],"curies":[{"name":"wp","href":"https:\/\/api.w.org\/{rel}","templated":true}]}}