{"id":5377,"date":"2022-07-07T10:03:20","date_gmt":"2022-07-07T10:03:20","guid":{"rendered":"https:\/\/jauteco.com\/?post_type=product&#038;p=5377"},"modified":"2026-02-09T09:17:57","modified_gmt":"2026-02-09T09:17:57","slug":"tablilla-vedat-caca-c-valenciana-50x33","status":"publish","type":"product","link":"https:\/\/jauteco.com\/pt\/tienda\/tablilla-vedat-caca-c-valenciana-50x33\/","title":{"rendered":"Tablilla Vedat de Ca\u00e7a (C. Valenciana) 50&#215;33"},"content":{"rendered":"<h2>Tablilla Vedat de Ca\u00e7a<\/h2>\n<p>Tablilla Vedat de Ca\u00e7a\u00a0 utilizada para informar de Coto de Caza en la Comunidad Valenciana con medidas 50\u00d733.<\/p>\n<p>Os regulamentos indicam que este tablet \u00e9\u00a0<strong>usado na Comunidade Valenciana,\u00a0<\/strong>Sendo um modelo diferente do restante da Espanha, em cada \u00e1rea eles usar\u00e3o o indicado em suas\u00a0<a href=\"https:\/\/jauteco.com\/pt\/senalizacion-cotos-caza\/\">normativo<\/a>.<\/p>\n<p>O tablet tem alguns\u00a0<strong>medidas 50 \u00d7 33<\/strong>, portanto, \u00e9 agrupado no primeiro pedido. Este tablet deve ser colocado antes do segundo pedido, para informar as pessoas.<\/p>\n<h3>Altamente refor\u00e7ado<\/h3>\n<p>Este Tablet \u00e9 feito de<strong>\u00a0Chapa de a\u00e7o galvanizada altamente refor\u00e7ada<\/strong>. Este material permite suportar intemp\u00e9ries.<\/p>\n<p>Recomenda-se colocar o Tablet firmemente no ch\u00e3o. O Tablet deve\u00a0<strong>sinal em um local vis\u00edvel<\/strong>\u00a0o perigo da ca\u00e7a. Uma m\u00e1 coloca\u00e7\u00e3o da tala pode impedir que a pessoa seja avisada do perigo, entrando na \u00e1rea e colocando em risco sua integridade.<\/p>\n<p>O fundo branco com letras pretas faz o Tablet\u00a0<strong>tenha uma leitura f\u00e1cil<\/strong>. La parte superior de la Tablilla se deber\u00e1 coloca el n\u00famero del Coto, algo que deber\u00e1 indicar a la hora de comprar la tablilla, as\u00ed este ser\u00e1 grabado.<\/p>","protected":false},"excerpt":{"rendered":"<p>Tablilla Vedat de Ca\u00e7a utilizada para informar de Vedat de Ca\u00e7a en la Comunidad Valenciana con medidas 50\u00d733.<\/p>\n<p>Placa de alum\u00ednio gravada com o n\u00famero Preserve inclu\u00eddo.<\/p>\n<p>Para grandes or\u00e7amentos, entre em contato conosco pelo 964 60 23 59 ou envie um e-mail para: info@jauteco.com.<\/p>","protected":false},"featured_media":5738,"comment_status":"closed","ping_status":"closed","template":"","meta":[],"product_brand":[],"product_cat":[75],"product_tag":[582,424,401],"class_list":{"0":"post-5377","1":"product","2":"type-product","3":"status-publish","4":"has-post-thumbnail","6":"product_cat-tablillas-caza","7":"product_tag-comunitat-valenciana","8":"product_tag-tablillas-con-placa-de-matricula","9":"product_tag-tablillas-caza-1-orden","10":"product_shipping_class-tablillas","12":"first","13":"instock","14":"taxable","15":"shipping-taxable","16":"purchasable","17":"product-type-simple"},"_links":{"self":[{"href":"https:\/\/jauteco.com\/pt\/wp-json\/wp\/v2\/product\/5377","targetHints":{"allow":["GET"]}}],"collection":[{"href":"https:\/\/jauteco.com\/pt\/wp-json\/wp\/v2\/product"}],"about":[{"href":"https:\/\/jauteco.com\/pt\/wp-json\/wp\/v2\/types\/product"}],"replies":[{"embeddable":true,"href":"https:\/\/jauteco.com\/pt\/wp-json\/wp\/v2\/comments?post=5377"}],"version-history":[{"count":0,"href":"https:\/\/jauteco.com\/pt\/wp-json\/wp\/v2\/product\/5377\/revisions"}],"wp:featuredmedia":[{"embeddable":true,"href":"https:\/\/jauteco.com\/pt\/wp-json\/wp\/v2\/media\/5738"}],"wp:attachment":[{"href":"https:\/\/jauteco.com\/pt\/wp-json\/wp\/v2\/media?parent=5377"}],"wp:term":[{"taxonomy":"product_brand","embeddable":true,"href":"https:\/\/jauteco.com\/pt\/wp-json\/wp\/v2\/product_brand?post=5377"},{"taxonomy":"product_cat","embeddable":true,"href":"https:\/\/jauteco.com\/pt\/wp-json\/wp\/v2\/product_cat?post=5377"},{"taxonomy":"product_tag","embeddable":true,"href":"https:\/\/jauteco.com\/pt\/wp-json\/wp\/v2\/product_tag?post=5377"}],"curies":[{"name":"wp","href":"https:\/\/api.w.org\/{rel}","templated":true}]}}