{"id":5712,"date":"2022-12-15T10:34:45","date_gmt":"2022-12-15T10:34:45","guid":{"rendered":"https:\/\/jauteco.com\/?post_type=product&#038;p=5712"},"modified":"2026-02-09T09:17:46","modified_gmt":"2026-02-09T09:17:46","slug":"tablilla-coto-caza-castilla-leon-50x33-copia","status":"publish","type":"product","link":"https:\/\/jauteco.com\/pt\/tienda\/tablilla-coto-caza-castilla-leon-50x33-copia\/","title":{"rendered":"Tablilla Coto de Caza   (Castilla y Le\u00f3n) 50&#215;33"},"content":{"rendered":"<h2>Comprimido de reserva de ca\u00e7a<\/h2>\n<p>Tablilla Coto de Caza utilizada para informar de Coto de Caza en Castilla y Le\u00f3n con medidas 50\u00d733.<\/p>\n<p>Os regulamentos indicam que este tablet \u00e9\u00a0<strong>usado em Castilla y Le\u00f3n, <\/strong>Sendo um modelo diferente do restante da Espanha, em cada \u00e1rea eles usar\u00e3o o indicado em suas\u00a0<a href=\"https:\/\/jauteco.com\/pt\/senalizacion-cotos-caza\/\">normativo<\/a>.<\/p>\n<p>O tablet tem alguns\u00a0<strong>medidas 50 \u00d7 33<\/strong>, portanto, \u00e9 agrupado no primeiro pedido. Este tablet deve ser colocado antes do segundo pedido, para informar as pessoas.<\/p>\n<h3>Altamente refor\u00e7ado<\/h3>\n<p>Este Tablet \u00e9 feito de<strong>\u00a0Chapa de a\u00e7o galvanizada altamente refor\u00e7ada<\/strong>. Este material permite suportar intemp\u00e9ries.<\/p>\n<p>\u00c9 aconselh\u00e1vel colocar a prancha bem fixada ao solo.<\/p>\n<p>O fundo branco com letras pretas faz o Tablet\u00a0<strong>tenha uma leitura f\u00e1cil<\/strong>. Na parte inferior direita do Tablet deve ser colocado o n\u00famero Preserve, que deve ser indicado na hora da compra do tablet, para que fique gravado.<\/p>","protected":false},"excerpt":{"rendered":"<p>Tablilla Coto de Caza utilizada para informar de Coto de Caza en Castilla y Le\u00f3n con medidas 50\u00d733.<\/p>\n<p>Placa de alum\u00ednio gravada com o n\u00famero Preserve inclu\u00eddo.<\/p>\n<p>Para or\u00e7amentos elevados, contacte-nos atrav\u00e9s do 964 60 23 59, ou por email: info@jauteco.com<\/p>","protected":false},"featured_media":5728,"comment_status":"closed","ping_status":"closed","template":"","meta":[],"product_brand":[],"product_cat":[75],"product_tag":[567,424,401],"class_list":{"0":"post-5712","1":"product","2":"type-product","3":"status-publish","4":"has-post-thumbnail","6":"product_cat-tablillas-caza","7":"product_tag-tablilla-de-caza","8":"product_tag-tablillas-con-placa-de-matricula","9":"product_tag-tablillas-caza-1-orden","10":"product_shipping_class-tablillas","12":"first","13":"instock","14":"taxable","15":"shipping-taxable","16":"purchasable","17":"product-type-simple"},"_links":{"self":[{"href":"https:\/\/jauteco.com\/pt\/wp-json\/wp\/v2\/product\/5712","targetHints":{"allow":["GET"]}}],"collection":[{"href":"https:\/\/jauteco.com\/pt\/wp-json\/wp\/v2\/product"}],"about":[{"href":"https:\/\/jauteco.com\/pt\/wp-json\/wp\/v2\/types\/product"}],"replies":[{"embeddable":true,"href":"https:\/\/jauteco.com\/pt\/wp-json\/wp\/v2\/comments?post=5712"}],"version-history":[{"count":0,"href":"https:\/\/jauteco.com\/pt\/wp-json\/wp\/v2\/product\/5712\/revisions"}],"wp:featuredmedia":[{"embeddable":true,"href":"https:\/\/jauteco.com\/pt\/wp-json\/wp\/v2\/media\/5728"}],"wp:attachment":[{"href":"https:\/\/jauteco.com\/pt\/wp-json\/wp\/v2\/media?parent=5712"}],"wp:term":[{"taxonomy":"product_brand","embeddable":true,"href":"https:\/\/jauteco.com\/pt\/wp-json\/wp\/v2\/product_brand?post=5712"},{"taxonomy":"product_cat","embeddable":true,"href":"https:\/\/jauteco.com\/pt\/wp-json\/wp\/v2\/product_cat?post=5712"},{"taxonomy":"product_tag","embeddable":true,"href":"https:\/\/jauteco.com\/pt\/wp-json\/wp\/v2\/product_tag?post=5712"}],"curies":[{"name":"wp","href":"https:\/\/api.w.org\/{rel}","templated":true}]}}