{"id":645,"date":"2017-06-25T20:11:17","date_gmt":"2017-06-25T20:11:17","guid":{"rendered":"https:\/\/jauteco.com\/?post_type=product&#038;p=645"},"modified":"2026-02-11T10:21:03","modified_gmt":"2026-02-11T10:21:03","slug":"coto-privado-de-caza-extremadura","status":"publish","type":"product","link":"https:\/\/jauteco.com\/pt\/tienda\/coto-privado-de-caza-extremadura\/","title":{"rendered":"Conselho Particular de Preserva\u00e7\u00e3o de Ca\u00e7a (Extremadura) 50 \u00d7 33"},"content":{"rendered":"<h2>Reserva de Ca\u00e7a Privada em Ripa (Extremadura)<\/h2>\n<p><strong>Reserva de Ca\u00e7a Privada em Ripa<\/strong>\u00a0utilizado para o aviso na Extremadura com medidas 50 \u00d7 33.<\/p>\n<p>A tala est\u00e1 marcada para ser <strong>usado na comunidade aut\u00f4noma da Extremadura,<\/strong>\u00a0diferente do utilizado no resto da Espanha que utilizar\u00e1 o indicado em seus <a href=\"https:\/\/jauteco.com\/pt\/senalizacion-cotos-caza\/\">normativo<\/a>.<\/p>\n<p>O tablet tem alguns <strong>medidas 50 \u00d7 33<\/strong>, por isso \u00e9 agrupado dentro dos<strong> primeira ordem<\/strong>. Este tablet deve ser colocado antes da segunda ordem, para <strong>aviso de perigo<\/strong> \u00e0s pessoas.<\/p>\n<h3>Altamente refor\u00e7ado<\/h3>\n<p>Este tablet \u00e9 feito com um<strong> Chapa de a\u00e7o galvanizada altamente refor\u00e7ada<\/strong>. Este material permite que voc\u00ea <strong>suportar condi\u00e7\u00f5es clim\u00e1ticas adversas<\/strong>.<\/p>\n<p>\u00c9 <strong>recomendou a compra de<\/strong> <a href=\"https:\/\/jauteco.com\/pt\/tienda\/mastil-180-m-incluye-tornillos\/\">mastro<\/a>\u00a0junto com o tablet, porque com ele <strong>pode ser fixado no ch\u00e3o<\/strong>. O Tablet <strong>deve sinalizar em um local vis\u00edvel<\/strong> para avisar que voc\u00ea est\u00e1 em uma reserva de ca\u00e7a particular.<strong> Um mau posicionamento pode impedir que a pessoa seja avisada<\/strong>, entrando na \u00e1rea e colocando sua integridade em risco.<\/p>\n<p>O<strong> As cores usadas por este Tablet s\u00e3o brancas, com letras pretas.<\/strong> As cores usadas s\u00e3o comuns no tablet, para que o ser humano, ao v\u00ea-lo, saiba que \u00e9 um aviso importante.<\/p>","protected":false},"excerpt":{"rendered":"<p>Placa de alum\u00ednio gravada com o n\u00famero Preserve inclu\u00eddo.<\/p>\n<p>Para grandes or\u00e7amentos, entre em contato conosco pelo 964 60 23 59 ou envie um e-mail para: info@jauteco.com.<\/p>\n<p>&nbsp;<\/p>","protected":false},"featured_media":4300,"comment_status":"closed","ping_status":"closed","template":"","meta":[],"product_brand":[],"product_cat":[75],"product_tag":[424,401],"class_list":{"0":"post-645","1":"product","2":"type-product","3":"status-publish","4":"has-post-thumbnail","6":"product_cat-tablillas-caza","7":"product_tag-tablillas-con-placa-de-matricula","8":"product_tag-tablillas-caza-1-orden","9":"product_shipping_class-tablillas","11":"first","12":"instock","13":"taxable","14":"shipping-taxable","15":"purchasable","16":"product-type-simple"},"_links":{"self":[{"href":"https:\/\/jauteco.com\/pt\/wp-json\/wp\/v2\/product\/645","targetHints":{"allow":["GET"]}}],"collection":[{"href":"https:\/\/jauteco.com\/pt\/wp-json\/wp\/v2\/product"}],"about":[{"href":"https:\/\/jauteco.com\/pt\/wp-json\/wp\/v2\/types\/product"}],"replies":[{"embeddable":true,"href":"https:\/\/jauteco.com\/pt\/wp-json\/wp\/v2\/comments?post=645"}],"version-history":[{"count":0,"href":"https:\/\/jauteco.com\/pt\/wp-json\/wp\/v2\/product\/645\/revisions"}],"wp:featuredmedia":[{"embeddable":true,"href":"https:\/\/jauteco.com\/pt\/wp-json\/wp\/v2\/media\/4300"}],"wp:attachment":[{"href":"https:\/\/jauteco.com\/pt\/wp-json\/wp\/v2\/media?parent=645"}],"wp:term":[{"taxonomy":"product_brand","embeddable":true,"href":"https:\/\/jauteco.com\/pt\/wp-json\/wp\/v2\/product_brand?post=645"},{"taxonomy":"product_cat","embeddable":true,"href":"https:\/\/jauteco.com\/pt\/wp-json\/wp\/v2\/product_cat?post=645"},{"taxonomy":"product_tag","embeddable":true,"href":"https:\/\/jauteco.com\/pt\/wp-json\/wp\/v2\/product_tag?post=645"}],"curies":[{"name":"wp","href":"https:\/\/api.w.org\/{rel}","templated":true}]}}